{"id":3963,"date":"2024-11-05T22:54:32","date_gmt":"2024-11-05T21:54:32","guid":{"rendered":"https:\/\/mycar4you.com\/terms-of-use\/"},"modified":"2025-01-29T00:10:36","modified_gmt":"2025-01-28T23:10:36","slug":"terms-of-use","status":"publish","type":"page","link":"https:\/\/mycar4you.com\/it\/terms-of-use\/","title":{"rendered":"Terms of use"},"content":{"rendered":"<p><strong>Requisiti per il Noleggiatore:<\/strong><br \/>\nTutti i conducenti devono fornire una patente di guida valida al momento del noleggio, che deve essere posseduta da almeno 2 anni. Oltre alla patente di guida valida, il noleggiatore principale deve fornire una carta d&#8217;identit\u00e0 o un passaporto. Potrebbero essere richiesti ulteriori documenti di identificazione se ritenuto necessario.<\/p>\n<p>Il veicolo noleggiato da MYCAR4YOU (il &#8216;Veicolo Noleggiato&#8217;) deve essere restituito non oltre 59 minuti dopo la scadenza del periodo di noleggio concordato. Se il veicolo viene restituito dopo questo periodo, verr\u00e0 addebitato un giorno aggiuntivo di noleggio.<\/p>\n<p><strong>Requisiti di Et\u00e0:<\/strong><br \/>\nL&#8217;et\u00e0 minima per noleggiare \u00e8 18 anni, con l&#8217;eccezione dei furgoni di dimensioni complete e dei SUV di lusso. Si prega di vedere le specifiche delle tariffe per giovani e anziani di seguito.<br \/>\nL&#8217;et\u00e0 minima di noleggio senza la tariffa per giovane conducente \u00e8 21 per tutti i gruppi di auto, con l&#8217;eccezione dei furgoni di dimensioni complete e dei SUV di lusso che hanno un&#8217;et\u00e0 minima di noleggio di 25 e 27 rispettivamente. L&#8217;et\u00e0 massima di noleggio senza la tariffa per anziani \u00e8 70 per tutti i gruppi di auto. Le tariffe per giovani e anziani si applicano come segue. Tutte le tariffe sono incluse di IVA.<\/p>\n<ul>\n<li>18-20 anni: 3,00 EUR al giorno per tutti i gruppi di auto, ad eccezione dei furgoni di dimensioni complete e dei SUV di lusso<\/li>\n<li>21-26 anni: 3,00 EUR al giorno per SUV di lusso<\/li>\n<li>70+: 3,00 EUR al giorno per tutti i gruppi di auto<\/li>\n<\/ul>\n<p><strong>Conducente Aggiuntivo:<\/strong><br \/>\nUna tariffa di 3,00 EUR al giorno si applica per ogni conducente autorizzato aggiuntivo, diverso dal coniuge o dal partner domestico del noleggiatore principale. Tutte le condizioni di noleggio si applicano a tutti i conducenti aggiuntivi.<\/p>\n<p><strong>Politica per il Noleggio Transfrontaliero:<\/strong><br \/>\nI noleggi transfrontalieri sono consentiti in Kosovo, Montenegro, Macedonia del Nord, Grecia, Croazia. \u00c8 necessaria un&#8217;autorizzazione scritta e si applicher\u00e0 una tariffa transfrontaliera di 40,00 EUR. Questo tipo di noleggio deve essere richiesto almeno 7 giorni lavorativi prima della data di ritiro. Si prega di contattare il dipartimento prenotazioni al numero +355 695736300 per ulteriori informazioni. Il tempo minimo per la pubblicazione di una Carta Verde \u00e8 di 7 giorni lavorativi. La Carta Verde copre il veicolo a noleggio con una copertura di responsabilit\u00e0 civile supplementare &#8211; TPL &#8211; finch\u00e9 il veicolo rimane all&#8217;interno dei confini dei paesi per i quali la carta \u00e8 stata emessa.<br \/>\nLa tariffa per la copertura della Carta Verde \u00e8 di 40,00 EUR (IVA inclusa) per noleggio per tutti i gruppi di auto.<br \/>\nAssistenza stradale o sostituzione del veicolo durante la guida all&#8217;estero non \u00e8 disponibile.<\/p>\n<p><strong>CDW Collision Damage Waiver (Assicurazione per danni da collisione):<\/strong><br \/>\n\u00c8 un prodotto opzionale offerto senza costi aggiuntivi incluso in molte tariffe.<br \/>\nCopre la responsabilit\u00e0 del veicolo noleggiato, il furto e l&#8217;incendio con una franchigia. Gli importi della franchigia per ogni categoria sono i seguenti:<\/p>\n<ul>\n<li>MCMR, MCAR, MDMR, MDAR, EBMR, EBAR, ECMR, ECAR, EDAR, EDMR, EDAR, EXAR, EXMR: franchigia di 900 EUR.<\/li>\n<li>CDMR, CDAR, CFMR, CFAR: franchigia di 1100 EUR.<\/li>\n<li>IDMR, IDAR, SDMR, SDAR: franchigia di 1300 EUR.<\/li>\n<li>FVMR, IVMR, IFMR, IFAR, FFAR: franchigia di 1700 EUR.<\/li>\n<li>LFAR: franchigia di 3000 EUR.<\/li>\n<\/ul>\n<p><strong>Assicurazione Completa FDW (Full Insurance):<\/strong><br \/>\n\u00c8 un prodotto opzionale che elimina l&#8217;importo della franchigia che viene applicato all&#8217;assicurazione CDW in qualsiasi caso.<\/p>\n<p>L&#8217;Assicurazione Completa non copre danni alla parte inferiore del veicolo, all&#8217;interno del veicolo, ai pneumatici o agli accessori del veicolo.<\/p>\n<p><strong>Esclusioni\/Annullamenti della Copertura:<\/strong><br \/>\nLe assicurazioni CDW e FDW non coprono danni a specchietti, forature, danni ai cerchi, danni agli interni, carburante errato, danni alla parte inferiore, danni meccanici, danni causati da sostanze pericolose.<br \/>\nLe assicurazioni CDW e FDW vengono annullate se il danno \u00e8 causato da: guida sotto l&#8217;effetto di droghe o alcol, conducenti non autorizzati, conducenti non abilitati, gare o competizioni di velocit\u00e0, uso del veicolo per scopi illegali in Albania, danneggiamenti intenzionali o negligenza grave, danneggiamenti causati da negligenza o uso improprio del veicolo, o altri motivi elencati.<\/p>\n","protected":false},"excerpt":{"rendered":"<p>Requisiti per il Noleggiatore: Tutti i conducenti devono fornire una patente di guida valida al momento del noleggio, che deve essere posseduta da almeno 2 anni. Oltre alla patente di guida valida, il noleggiatore principale deve fornire una carta d&#8217;identit\u00e0 o un passaporto. Potrebbero essere richiesti ulteriori documenti di identificazione se ritenuto necessario. Il veicolo<\/p>\n<div class=\"klb-readmore\"><a href=\"https:\/\/mycar4you.com\/it\/terms-of-use\/\" class=\"btn\">READ MORE<\/a><\/div>\n","protected":false},"author":1,"featured_media":0,"parent":0,"menu_order":0,"comment_status":"closed","ping_status":"closed","template":"","meta":{"footnotes":""},"class_list":["post-3963","page","type-page","status-publish","hentry","blog_entry clearfix"],"yoast_head":"<!-- This site is optimized with the Yoast SEO plugin v27.4 - https:\/\/yoast.com\/product\/yoast-seo-wordpress\/ -->\n<title>Terms of use - Mycar4you.<\/title>\n<meta name=\"robots\" content=\"index, follow, max-snippet:-1, max-image-preview:large, max-video-preview:-1\" \/>\n<link rel=\"canonical\" href=\"https:\/\/mycar4you.com\/it\/terms-of-use\/\" \/>\n<meta property=\"og:locale\" content=\"it_IT\" \/>\n<meta property=\"og:type\" content=\"article\" \/>\n<meta property=\"og:title\" content=\"Terms of use - Mycar4you.\" \/>\n<meta property=\"og:description\" content=\"Requisiti per il Noleggiatore: Tutti i conducenti devono fornire una patente di guida valida al momento del noleggio, che deve essere posseduta da almeno 2 anni. Oltre alla patente di guida valida, il noleggiatore principale deve fornire una carta d&#8217;identit\u00e0 o un passaporto. Potrebbero essere richiesti ulteriori documenti di identificazione se ritenuto necessario. Il veicoloREAD MORE\" \/>\n<meta property=\"og:url\" content=\"https:\/\/mycar4you.com\/it\/terms-of-use\/\" \/>\n<meta property=\"og:site_name\" content=\"Mycar4you.\" \/>\n<meta property=\"article:publisher\" content=\"https:\/\/www.facebook.com\/mycar4you.al\" \/>\n<meta property=\"article:modified_time\" content=\"2025-01-28T23:10:36+00:00\" \/>\n<meta name=\"twitter:card\" content=\"summary_large_image\" \/>\n<meta name=\"twitter:label1\" content=\"Tempo di lettura stimato\" \/>\n\t<meta name=\"twitter:data1\" content=\"3 minuti\" \/>\n<script type=\"application\/ld+json\" class=\"yoast-schema-graph\">{\"@context\":\"https:\\\/\\\/schema.org\",\"@graph\":[{\"@type\":\"WebPage\",\"@id\":\"https:\\\/\\\/mycar4you.com\\\/it\\\/terms-of-use\\\/\",\"url\":\"https:\\\/\\\/mycar4you.com\\\/it\\\/terms-of-use\\\/\",\"name\":\"Terms of use - Mycar4you.\",\"isPartOf\":{\"@id\":\"https:\\\/\\\/mycar4you.com\\\/#website\"},\"datePublished\":\"2024-11-05T21:54:32+00:00\",\"dateModified\":\"2025-01-28T23:10:36+00:00\",\"breadcrumb\":{\"@id\":\"https:\\\/\\\/mycar4you.com\\\/it\\\/terms-of-use\\\/#breadcrumb\"},\"inLanguage\":\"it-IT\",\"potentialAction\":[{\"@type\":\"ReadAction\",\"target\":[\"https:\\\/\\\/mycar4you.com\\\/it\\\/terms-of-use\\\/\"]}]},{\"@type\":\"BreadcrumbList\",\"@id\":\"https:\\\/\\\/mycar4you.com\\\/it\\\/terms-of-use\\\/#breadcrumb\",\"itemListElement\":[{\"@type\":\"ListItem\",\"position\":1,\"name\":\"Home\",\"item\":\"https:\\\/\\\/mycar4you.com\\\/it\\\/\"},{\"@type\":\"ListItem\",\"position\":2,\"name\":\"Terms of use\"}]},{\"@type\":\"WebSite\",\"@id\":\"https:\\\/\\\/mycar4you.com\\\/#website\",\"url\":\"https:\\\/\\\/mycar4you.com\\\/\",\"name\":\"Mycar4you.\",\"description\":\"It&#039;s all about You..\",\"publisher\":{\"@id\":\"https:\\\/\\\/mycar4you.com\\\/#organization\"},\"potentialAction\":[{\"@type\":\"SearchAction\",\"target\":{\"@type\":\"EntryPoint\",\"urlTemplate\":\"https:\\\/\\\/mycar4you.com\\\/?s={search_term_string}\"},\"query-input\":{\"@type\":\"PropertyValueSpecification\",\"valueRequired\":true,\"valueName\":\"search_term_string\"}}],\"inLanguage\":\"it-IT\"},{\"@type\":\"Organization\",\"@id\":\"https:\\\/\\\/mycar4you.com\\\/#organization\",\"name\":\"Mycar4you.\",\"url\":\"https:\\\/\\\/mycar4you.com\\\/\",\"logo\":{\"@type\":\"ImageObject\",\"inLanguage\":\"it-IT\",\"@id\":\"https:\\\/\\\/mycar4you.com\\\/#\\\/schema\\\/logo\\\/image\\\/\",\"url\":\"https:\\\/\\\/mycar4you.com\\\/wp-content\\\/uploads\\\/2023\\\/12\\\/Logo-Mark-Registration-scaled.jpg\",\"contentUrl\":\"https:\\\/\\\/mycar4you.com\\\/wp-content\\\/uploads\\\/2023\\\/12\\\/Logo-Mark-Registration-scaled.jpg\",\"width\":2560,\"height\":2560,\"caption\":\"Mycar4you.\"},\"image\":{\"@id\":\"https:\\\/\\\/mycar4you.com\\\/#\\\/schema\\\/logo\\\/image\\\/\"},\"sameAs\":[\"https:\\\/\\\/www.facebook.com\\\/mycar4you.al\",\"https:\\\/\\\/www.instagram.com\\\/mycar4you_com\\\/\",\"https:\\\/\\\/www.linkedin.com\\\/company\\\/mycar4you\\\/\",\"https:\\\/\\\/www.youtube.com\\\/@MYCAR4YOU.\"]}]}<\/script>\n<!-- \/ Yoast SEO plugin. -->","yoast_head_json":{"title":"Terms of use - Mycar4you.","robots":{"index":"index","follow":"follow","max-snippet":"max-snippet:-1","max-image-preview":"max-image-preview:large","max-video-preview":"max-video-preview:-1"},"canonical":"https:\/\/mycar4you.com\/it\/terms-of-use\/","og_locale":"it_IT","og_type":"article","og_title":"Terms of use - Mycar4you.","og_description":"Requisiti per il Noleggiatore: Tutti i conducenti devono fornire una patente di guida valida al momento del noleggio, che deve essere posseduta da almeno 2 anni. Oltre alla patente di guida valida, il noleggiatore principale deve fornire una carta d&#8217;identit\u00e0 o un passaporto. Potrebbero essere richiesti ulteriori documenti di identificazione se ritenuto necessario. Il veicoloREAD MORE","og_url":"https:\/\/mycar4you.com\/it\/terms-of-use\/","og_site_name":"Mycar4you.","article_publisher":"https:\/\/www.facebook.com\/mycar4you.al","article_modified_time":"2025-01-28T23:10:36+00:00","twitter_card":"summary_large_image","twitter_misc":{"Tempo di lettura stimato":"3 minuti"},"schema":{"@context":"https:\/\/schema.org","@graph":[{"@type":"WebPage","@id":"https:\/\/mycar4you.com\/it\/terms-of-use\/","url":"https:\/\/mycar4you.com\/it\/terms-of-use\/","name":"Terms of use - Mycar4you.","isPartOf":{"@id":"https:\/\/mycar4you.com\/#website"},"datePublished":"2024-11-05T21:54:32+00:00","dateModified":"2025-01-28T23:10:36+00:00","breadcrumb":{"@id":"https:\/\/mycar4you.com\/it\/terms-of-use\/#breadcrumb"},"inLanguage":"it-IT","potentialAction":[{"@type":"ReadAction","target":["https:\/\/mycar4you.com\/it\/terms-of-use\/"]}]},{"@type":"BreadcrumbList","@id":"https:\/\/mycar4you.com\/it\/terms-of-use\/#breadcrumb","itemListElement":[{"@type":"ListItem","position":1,"name":"Home","item":"https:\/\/mycar4you.com\/it\/"},{"@type":"ListItem","position":2,"name":"Terms of use"}]},{"@type":"WebSite","@id":"https:\/\/mycar4you.com\/#website","url":"https:\/\/mycar4you.com\/","name":"Mycar4you.","description":"It&#039;s all about You..","publisher":{"@id":"https:\/\/mycar4you.com\/#organization"},"potentialAction":[{"@type":"SearchAction","target":{"@type":"EntryPoint","urlTemplate":"https:\/\/mycar4you.com\/?s={search_term_string}"},"query-input":{"@type":"PropertyValueSpecification","valueRequired":true,"valueName":"search_term_string"}}],"inLanguage":"it-IT"},{"@type":"Organization","@id":"https:\/\/mycar4you.com\/#organization","name":"Mycar4you.","url":"https:\/\/mycar4you.com\/","logo":{"@type":"ImageObject","inLanguage":"it-IT","@id":"https:\/\/mycar4you.com\/#\/schema\/logo\/image\/","url":"https:\/\/mycar4you.com\/wp-content\/uploads\/2023\/12\/Logo-Mark-Registration-scaled.jpg","contentUrl":"https:\/\/mycar4you.com\/wp-content\/uploads\/2023\/12\/Logo-Mark-Registration-scaled.jpg","width":2560,"height":2560,"caption":"Mycar4you."},"image":{"@id":"https:\/\/mycar4you.com\/#\/schema\/logo\/image\/"},"sameAs":["https:\/\/www.facebook.com\/mycar4you.al","https:\/\/www.instagram.com\/mycar4you_com\/","https:\/\/www.linkedin.com\/company\/mycar4you\/","https:\/\/www.youtube.com\/@MYCAR4YOU."]}]}},"_links":{"self":[{"href":"https:\/\/mycar4you.com\/it\/wp-json\/wp\/v2\/pages\/3963","targetHints":{"allow":["GET"]}}],"collection":[{"href":"https:\/\/mycar4you.com\/it\/wp-json\/wp\/v2\/pages"}],"about":[{"href":"https:\/\/mycar4you.com\/it\/wp-json\/wp\/v2\/types\/page"}],"author":[{"embeddable":true,"href":"https:\/\/mycar4you.com\/it\/wp-json\/wp\/v2\/users\/1"}],"replies":[{"embeddable":true,"href":"https:\/\/mycar4you.com\/it\/wp-json\/wp\/v2\/comments?post=3963"}],"version-history":[{"count":1,"href":"https:\/\/mycar4you.com\/it\/wp-json\/wp\/v2\/pages\/3963\/revisions"}],"predecessor-version":[{"id":3964,"href":"https:\/\/mycar4you.com\/it\/wp-json\/wp\/v2\/pages\/3963\/revisions\/3964"}],"wp:attachment":[{"href":"https:\/\/mycar4you.com\/it\/wp-json\/wp\/v2\/media?parent=3963"}],"curies":[{"name":"wp","href":"https:\/\/api.w.org\/{rel}","templated":true}]}}