{"id":3831,"date":"2022-11-25T11:22:49","date_gmt":"2022-11-25T10:22:49","guid":{"rendered":"https:\/\/mycar4you.com\/berat-tour\/"},"modified":"2025-01-28T23:09:17","modified_gmt":"2025-01-28T22:09:17","slug":"berat-tour","status":"publish","type":"page","link":"https:\/\/mycar4you.com\/it\/berat-tour\/","title":{"rendered":"Berat Tour"},"content":{"rendered":"\t\t<div data-elementor-type=\"wp-page\" data-elementor-id=\"3831\" class=\"elementor elementor-3831 elementor-1981\">\n\t\t\t\t\t\t<section class=\"elementor-section elementor-top-section elementor-element elementor-element-d12e40b elementor-section-boxed elementor-section-height-default elementor-section-height-default\" data-id=\"d12e40b\" data-element_type=\"section\" data-e-type=\"section\">\n\t\t\t\t\t\t<div class=\"elementor-container elementor-column-gap-default\">\n\t\t\t\t\t<div class=\"elementor-column elementor-col-100 elementor-top-column elementor-element elementor-element-17b2d43\" data-id=\"17b2d43\" data-element_type=\"column\" data-e-type=\"column\">\n\t\t\t<div class=\"elementor-widget-wrap elementor-element-populated\">\n\t\t\t\t\t\t<div class=\"elementor-element elementor-element-4905db1 elementor-widget elementor-widget-heading\" data-id=\"4905db1\" data-element_type=\"widget\" data-e-type=\"widget\" data-widget_type=\"heading.default\">\n\t\t\t\t<div class=\"elementor-widget-container\">\n\t\t\t\t\t<h2 class=\"elementor-heading-title elementor-size-default\">Berat Citt\u00e0 delle mille finestre\n\n<\/h2>\t\t\t\t<\/div>\n\t\t\t\t<\/div>\n\t\t\t\t<div class=\"elementor-element elementor-element-ee8d296 elementor-widget elementor-widget-image-gallery\" data-id=\"ee8d296\" data-element_type=\"widget\" data-e-type=\"widget\" data-widget_type=\"image-gallery.default\">\n\t\t\t\t<div class=\"elementor-widget-container\">\n\t\t\t\t\t\t\t<div class=\"elementor-image-gallery\">\n\t\t\t\n\t\t<style type=\"text\/css\">\n\t\t\t#gallery-1 {\n\t\t\t\tmargin: auto;\n\t\t\t}\n\t\t\t#gallery-1 .gallery-item {\n\t\t\t\tfloat: left;\n\t\t\t\tmargin-top: 10px;\n\t\t\t\ttext-align: center;\n\t\t\t\twidth: 33%;\n\t\t\t}\n\t\t\t#gallery-1 img {\n\t\t\t\tborder: 2px solid #cfcfcf;\n\t\t\t}\n\t\t\t#gallery-1 .gallery-caption {\n\t\t\t\tmargin-left: 0;\n\t\t\t}\n\t\t\t\/* see gallery_shortcode() in wp-includes\/media.php *\/\n\t\t<\/style>\n\t\t<div id='gallery-1' class='gallery galleryid-3831 gallery-columns-3 gallery-size-full'><dl class='gallery-item'>\n\t\t\t<dt class='gallery-icon landscape'>\n\t\t\t\t<a data-elementor-open-lightbox=\"yes\" data-elementor-lightbox-slideshow=\"ee8d296\" data-elementor-lightbox-title=\"Berat-Bridge\" data-e-action-hash=\"#elementor-action%3Aaction%3Dlightbox%26settings%3DeyJpZCI6MjMyNywidXJsIjoiaHR0cHM6XC9cL215Y2FyNHlvdS5jb21cL3dwLWNvbnRlbnRcL3VwbG9hZHNcLzIwMjNcLzAxXC9CZXJhdC1CcmlkZ2UtMS5qcGciLCJzbGlkZXNob3ciOiJlZThkMjk2In0%3D\" href='https:\/\/mycar4you.com\/wp-content\/uploads\/2023\/01\/Berat-Bridge-1.jpg'><img fetchpriority=\"high\" decoding=\"async\" width=\"1200\" height=\"800\" src=\"https:\/\/mycar4you.com\/wp-content\/uploads\/2023\/01\/Berat-Bridge-1.jpg\" class=\"attachment-full size-full\" alt=\"MYCAR4YOU. Private Tours Albania. Berat bridge.\" srcset=\"https:\/\/mycar4you.com\/wp-content\/uploads\/2023\/01\/Berat-Bridge-1.jpg 1200w, https:\/\/mycar4you.com\/wp-content\/uploads\/2023\/01\/Berat-Bridge-1-300x200.jpg 300w, https:\/\/mycar4you.com\/wp-content\/uploads\/2023\/01\/Berat-Bridge-1-1024x683.jpg 1024w, https:\/\/mycar4you.com\/wp-content\/uploads\/2023\/01\/Berat-Bridge-1-768x512.jpg 768w, https:\/\/mycar4you.com\/wp-content\/uploads\/2023\/01\/Berat-Bridge-1-600x400.jpg 600w\" sizes=\"(max-width: 1200px) 100vw, 1200px\" \/><\/a>\n\t\t\t<\/dt><\/dl><dl class='gallery-item'>\n\t\t\t<dt class='gallery-icon landscape'>\n\t\t\t\t<a data-elementor-open-lightbox=\"yes\" data-elementor-lightbox-slideshow=\"ee8d296\" data-elementor-lightbox-title=\"berat\" data-e-action-hash=\"#elementor-action%3Aaction%3Dlightbox%26settings%3DeyJpZCI6MjMyNiwidXJsIjoiaHR0cHM6XC9cL215Y2FyNHlvdS5jb21cL3dwLWNvbnRlbnRcL3VwbG9hZHNcLzIwMjNcLzAxXC9iZXJhdC5qcGciLCJzbGlkZXNob3ciOiJlZThkMjk2In0%3D\" href='https:\/\/mycar4you.com\/wp-content\/uploads\/2023\/01\/berat.jpg'><img decoding=\"async\" width=\"1200\" height=\"800\" src=\"https:\/\/mycar4you.com\/wp-content\/uploads\/2023\/01\/berat.jpg\" class=\"attachment-full size-full\" alt=\"MYCAR4YOU. Private Tours Albania. Berat Mangalem.\" srcset=\"https:\/\/mycar4you.com\/wp-content\/uploads\/2023\/01\/berat.jpg 1200w, https:\/\/mycar4you.com\/wp-content\/uploads\/2023\/01\/berat-300x200.jpg 300w, https:\/\/mycar4you.com\/wp-content\/uploads\/2023\/01\/berat-1024x683.jpg 1024w, https:\/\/mycar4you.com\/wp-content\/uploads\/2023\/01\/berat-768x512.jpg 768w, https:\/\/mycar4you.com\/wp-content\/uploads\/2023\/01\/berat-600x400.jpg 600w\" sizes=\"(max-width: 1200px) 100vw, 1200px\" \/><\/a>\n\t\t\t<\/dt><\/dl><dl class='gallery-item'>\n\t\t\t<dt class='gallery-icon landscape'>\n\t\t\t\t<a data-elementor-open-lightbox=\"yes\" data-elementor-lightbox-slideshow=\"ee8d296\" data-elementor-lightbox-title=\"Berat-pedonale\" data-e-action-hash=\"#elementor-action%3Aaction%3Dlightbox%26settings%3DeyJpZCI6MjMyOCwidXJsIjoiaHR0cHM6XC9cL215Y2FyNHlvdS5jb21cL3dwLWNvbnRlbnRcL3VwbG9hZHNcLzIwMjNcLzAxXC9CZXJhdC1wZWRvbmFsZS5qcGciLCJzbGlkZXNob3ciOiJlZThkMjk2In0%3D\" href='https:\/\/mycar4you.com\/wp-content\/uploads\/2023\/01\/Berat-pedonale.jpg'><img decoding=\"async\" width=\"1200\" height=\"800\" src=\"https:\/\/mycar4you.com\/wp-content\/uploads\/2023\/01\/Berat-pedonale.jpg\" class=\"attachment-full size-full\" alt=\"MYCAR4YOU. Private Tours Albania. Berat promenade.\" srcset=\"https:\/\/mycar4you.com\/wp-content\/uploads\/2023\/01\/Berat-pedonale.jpg 1200w, https:\/\/mycar4you.com\/wp-content\/uploads\/2023\/01\/Berat-pedonale-300x200.jpg 300w, https:\/\/mycar4you.com\/wp-content\/uploads\/2023\/01\/Berat-pedonale-1024x683.jpg 1024w, https:\/\/mycar4you.com\/wp-content\/uploads\/2023\/01\/Berat-pedonale-768x512.jpg 768w, https:\/\/mycar4you.com\/wp-content\/uploads\/2023\/01\/Berat-pedonale-600x400.jpg 600w\" sizes=\"(max-width: 1200px) 100vw, 1200px\" \/><\/a>\n\t\t\t<\/dt><\/dl><br style=\"clear: both\" \/>\n\t\t<\/div>\n\t\t<\/div>\n\t\t\t\t\t\t<\/div>\n\t\t\t\t<\/div>\n\t\t\t\t\t<\/div>\n\t\t<\/div>\n\t\t\t\t\t<\/div>\n\t\t<\/section>\n\t\t\t\t<section class=\"elementor-section elementor-top-section elementor-element elementor-element-a9e3949 elementor-section-boxed elementor-section-height-default elementor-section-height-default\" data-id=\"a9e3949\" data-element_type=\"section\" data-e-type=\"section\">\n\t\t\t\t\t\t<div class=\"elementor-container elementor-column-gap-default\">\n\t\t\t\t\t<div class=\"elementor-column elementor-col-100 elementor-top-column elementor-element elementor-element-fe93beb\" data-id=\"fe93beb\" data-element_type=\"column\" data-e-type=\"column\">\n\t\t\t<div class=\"elementor-widget-wrap elementor-element-populated\">\n\t\t\t\t\t\t<div class=\"elementor-element elementor-element-bbad6bd elementor-widget elementor-widget-heading\" data-id=\"bbad6bd\" data-element_type=\"widget\" data-e-type=\"widget\" data-widget_type=\"heading.default\">\n\t\t\t\t<div class=\"elementor-widget-container\">\n\t\t\t\t\t<h2 class=\"elementor-heading-title elementor-size-default\">Attivit\u00e0<\/h2>\t\t\t\t<\/div>\n\t\t\t\t<\/div>\n\t\t\t\t<div class=\"elementor-element elementor-element-27d87ec elementor-widget elementor-widget-text-editor\" data-id=\"27d87ec\" data-element_type=\"widget\" data-e-type=\"widget\" data-widget_type=\"text-editor.default\">\n\t\t\t\t<div class=\"elementor-widget-container\">\n\t\t\t\t\t\t\t\t\t<p>Oggi il viaggio ci porta a Berat, la citt\u00e0-museo protetta dall&#8217;UNESCO, conosciuta anche come la *citt\u00e0 delle mille finestre*. Berat \u00e8 probabilmente la citt\u00e0 pi\u00f9 bella dell&#8217;Albania. Un tour della citt\u00e0, una visita al Museo delle Icone di Onufri e alla fortezza sono sicuramente da non perdere. Preparatevi a rimanere stupiti durante questa escursione di un&#8217;intera giornata.<\/p>\t\t\t\t\t\t\t\t<\/div>\n\t\t\t\t<\/div>\n\t\t\t\t<div class=\"elementor-element elementor-element-b3a0bc5 elementor-widget elementor-widget-heading\" data-id=\"b3a0bc5\" data-element_type=\"widget\" data-e-type=\"widget\" data-widget_type=\"heading.default\">\n\t\t\t\t<div class=\"elementor-widget-container\">\n\t\t\t\t\t<h2 class=\"elementor-heading-title elementor-size-default\">Informazioni generali sul tour\n\n<\/h2>\t\t\t\t<\/div>\n\t\t\t\t<\/div>\n\t\t\t\t<div class=\"elementor-element elementor-element-7b7553d elementor-widget elementor-widget-heading\" data-id=\"7b7553d\" data-element_type=\"widget\" data-e-type=\"widget\" data-widget_type=\"heading.default\">\n\t\t\t\t<div class=\"elementor-widget-container\">\n\t\t\t\t\t<h5 class=\"elementor-heading-title elementor-size-default\">Durata: 5-6 ore<br>  \nDifficolt\u00e0 (1-5): 2<br>  \nEsperienza richiesta: Nessuna esperienza precedente di escursionismo richiesta.<br>  \nDisponibilit\u00e0 del tour: Tutto l'anno<br>  \nDimensione del gruppo: 2-3 persone<\/h5>\t\t\t\t<\/div>\n\t\t\t\t<\/div>\n\t\t\t\t<div class=\"elementor-element elementor-element-a8d1e0c elementor-widget elementor-widget-heading\" data-id=\"a8d1e0c\" data-element_type=\"widget\" data-e-type=\"widget\" data-widget_type=\"heading.default\">\n\t\t\t\t<div class=\"elementor-widget-container\">\n\t\t\t\t\t<h2 class=\"elementor-heading-title elementor-size-default\">Prezzo: 55\u20ac\/Persona<br>Per un gruppo di almeno 3 persone.<\/h2>\t\t\t\t<\/div>\n\t\t\t\t<\/div>\n\t\t\t\t<div class=\"elementor-element elementor-element-5574af0 elementor-widget elementor-widget-heading\" data-id=\"5574af0\" data-element_type=\"widget\" data-e-type=\"widget\" data-widget_type=\"heading.default\">\n\t\t\t\t<div class=\"elementor-widget-container\">\n\t\t\t\t\t<h2 class=\"elementor-heading-title elementor-size-default\">Cosa \u00e8 incluso nel prezzo\n\n<\/h2>\t\t\t\t<\/div>\n\t\t\t\t<\/div>\n\t\t\t\t<div class=\"elementor-element elementor-element-aadef8a elementor-widget elementor-widget-heading\" data-id=\"aadef8a\" data-element_type=\"widget\" data-e-type=\"widget\" data-widget_type=\"heading.default\">\n\t\t\t\t<div class=\"elementor-widget-container\">\n\t\t\t\t\t<h5 class=\"elementor-heading-title elementor-size-default\">Trasporto su una moderna auto compatta con aria condizionata<br>\nAutista professionale durante il tour<br>\nCosto del trasporto<br>\nBottiglia d'acqua (1,5L)<\/h5>\t\t\t\t<\/div>\n\t\t\t\t<\/div>\n\t\t\t\t\t<\/div>\n\t\t<\/div>\n\t\t\t\t\t<\/div>\n\t\t<\/section>\n\t\t\t\t<section class=\"elementor-section elementor-top-section elementor-element elementor-element-e76c055 elementor-section-full_width elementor-section-height-default elementor-section-height-default\" data-id=\"e76c055\" data-element_type=\"section\" data-e-type=\"section\">\n\t\t\t\t\t\t<div class=\"elementor-container elementor-column-gap-default\">\n\t\t\t\t\t<div class=\"elementor-column elementor-col-100 elementor-top-column elementor-element elementor-element-80c8930\" data-id=\"80c8930\" data-element_type=\"column\" data-e-type=\"column\">\n\t\t\t<div class=\"elementor-widget-wrap elementor-element-populated\">\n\t\t\t\t\t\t<div class=\"elementor-element elementor-element-f365d32 elementor-widget elementor-widget-heading\" data-id=\"f365d32\" data-element_type=\"widget\" data-e-type=\"widget\" data-widget_type=\"heading.default\">\n\t\t\t\t<div class=\"elementor-widget-container\">\n\t\t\t\t\t<h2 class=\"elementor-heading-title elementor-size-default\">Prenota ora\n\n<\/h2>\t\t\t\t<\/div>\n\t\t\t\t<\/div>\n\t\t\t\t<div class=\"elementor-element elementor-element-871f8fe elementor-widget elementor-widget-text-editor\" data-id=\"871f8fe\" data-element_type=\"widget\" data-e-type=\"widget\" data-widget_type=\"text-editor.default\">\n\t\t\t\t<div class=\"elementor-widget-container\">\n\t\t\t\t\t\t\t\t\t\n<div class=\"wpcf7 no-js\" id=\"wpcf7-f3836-o1\" lang=\"en-US\" dir=\"ltr\" data-wpcf7-id=\"3836\">\n<div class=\"screen-reader-response\"><p role=\"status\" aria-live=\"polite\" aria-atomic=\"true\"><\/p> <ul><\/ul><\/div>\n<form action=\"\/it\/wp-json\/wp\/v2\/pages\/3831#wpcf7-f3836-o1\" method=\"post\" class=\"wpcf7-form init\" aria-label=\"Contact form\" novalidate=\"novalidate\" data-status=\"init\">\n<fieldset class=\"hidden-fields-container\"><input type=\"hidden\" name=\"_wpcf7\" value=\"3836\" \/><input type=\"hidden\" name=\"_wpcf7_version\" value=\"6.1.5\" \/><input type=\"hidden\" name=\"_wpcf7_locale\" value=\"en_US\" \/><input type=\"hidden\" name=\"_wpcf7_unit_tag\" value=\"wpcf7-f3836-o1\" \/><input type=\"hidden\" name=\"_wpcf7_container_post\" value=\"0\" \/><input type=\"hidden\" name=\"_wpcf7_posted_data_hash\" value=\"\" \/><input type=\"hidden\" name=\"_wpcf7cf_hidden_group_fields\" value=\"[]\" \/><input type=\"hidden\" name=\"_wpcf7cf_hidden_groups\" value=\"[]\" \/><input type=\"hidden\" name=\"_wpcf7cf_visible_groups\" value=\"[]\" \/><input type=\"hidden\" name=\"_wpcf7cf_repeaters\" value=\"[]\" \/><input type=\"hidden\" name=\"_wpcf7cf_steps\" value=\"{}\" \/><input type=\"hidden\" name=\"_wpcf7cf_options\" value=\"{&quot;form_id&quot;:3836,&quot;conditions&quot;:[],&quot;settings&quot;:{&quot;animation&quot;:&quot;yes&quot;,&quot;animation_intime&quot;:200,&quot;animation_outtime&quot;:200,&quot;conditions_ui&quot;:&quot;normal&quot;,&quot;notice_dismissed&quot;:false,&quot;notice_dismissed_rollback-cf7-5.8.6&quot;:true}}\" \/><input type=\"hidden\" name=\"_wpcf7_recaptcha_response\" value=\"\" \/>\n<\/fieldset>\n<p><label> Nome(richiesto)<\/label><span class=\"wpcf7-form-control-wrap\" data-name=\"your-name\"><input size=\"40\" maxlength=\"400\" class=\"wpcf7-form-control wpcf7-text wpcf7-validates-as-required\" aria-required=\"true\" aria-invalid=\"false\" value=\"\" type=\"text\" name=\"your-name\" \/><\/span>\n<\/p>\n<p><label> Email (richiesto) <\/label><span class=\"wpcf7-form-control-wrap\" data-name=\"your-email\"><input size=\"40\" maxlength=\"400\" class=\"wpcf7-form-control wpcf7-email wpcf7-validates-as-required wpcf7-text wpcf7-validates-as-email\" aria-required=\"true\" aria-invalid=\"false\" value=\"\" type=\"email\" name=\"your-email\" \/><\/span>\n<\/p>\n<p><label> Oggetto <\/label><span class=\"wpcf7-form-control-wrap\" data-name=\"your-subject\"><input size=\"40\" maxlength=\"400\" class=\"wpcf7-form-control wpcf7-text\" aria-invalid=\"false\" value=\"\" type=\"text\" name=\"your-subject\" \/><\/span>\n<\/p>\n<p><label> Il tuo messaggio <\/label><span class=\"wpcf7-form-control-wrap\" data-name=\"your-message\"><textarea cols=\"5\" rows=\"3\" maxlength=\"2000\" class=\"wpcf7-form-control wpcf7-textarea\" aria-invalid=\"false\" name=\"your-message\"><\/textarea><\/span>\n<\/p>\n<p><input class=\"wpcf7-form-control wpcf7-submit has-spinner\" type=\"submit\" value=\"Invia\" \/>\n<\/p><div class=\"wpcf7-response-output\" aria-hidden=\"true\"><\/div>\n<\/form>\n<\/div>\n\t\t\t\t\t\t\t\t<\/div>\n\t\t\t\t<\/div>\n\t\t\t\t\t<\/div>\n\t\t<\/div>\n\t\t\t\t\t<\/div>\n\t\t<\/section>\n\t\t\t\t<\/div>\n\t\t","protected":false},"excerpt":{"rendered":"<p>Berat Citt\u00e0 delle mille finestre Attivit\u00e0 Oggi il viaggio ci porta a Berat, la citt\u00e0-museo protetta dall&#8217;UNESCO, conosciuta anche come la *citt\u00e0 delle mille finestre*. Berat \u00e8 probabilmente la citt\u00e0 pi\u00f9 bella dell&#8217;Albania. Un tour della citt\u00e0, una visita al Museo delle Icone di Onufri e alla fortezza sono sicuramente da non perdere. Preparatevi a<\/p>\n<div class=\"klb-readmore\"><a href=\"https:\/\/mycar4you.com\/it\/berat-tour\/\" class=\"btn\">READ MORE<\/a><\/div>\n","protected":false},"author":1,"featured_media":0,"parent":0,"menu_order":0,"comment_status":"closed","ping_status":"closed","template":"","meta":{"footnotes":""},"class_list":["post-3831","page","type-page","status-publish","hentry","blog_entry clearfix"],"yoast_head":"<!-- This site is optimized with the Yoast SEO plugin v27.3 - https:\/\/yoast.com\/product\/yoast-seo-wordpress\/ -->\n<title>Day Tours from Tirana - Berat Tour - Mycar4you.<\/title>\n<meta name=\"description\" content=\"Escape to Berat, the &quot;City of a Thousand Windows,&quot; on a private day trip from Tirana. Enjoy a comfortable ride with your own driver, explore the UNESCO-listed old town, and discover Byzantine churches, and stunning views. Immerse yourself in Berat&#039;s unique charm and history on this personalized adventure.\" \/>\n<meta name=\"robots\" content=\"index, follow, max-snippet:-1, max-image-preview:large, max-video-preview:-1\" \/>\n<link rel=\"canonical\" href=\"https:\/\/mycar4you.com\/berat-tour\/\" \/>\n<meta property=\"og:locale\" content=\"it_IT\" \/>\n<meta property=\"og:type\" content=\"article\" \/>\n<meta property=\"og:title\" content=\"Day Tours from Tirana - Berat Tour - Mycar4you.\" \/>\n<meta property=\"og:description\" content=\"Escape to Berat, the &quot;City of a Thousand Windows,&quot; on a private day trip from Tirana. Enjoy a comfortable ride with your own driver, explore the UNESCO-listed old town, and discover Byzantine churches, and stunning views. Immerse yourself in Berat&#039;s unique charm and history on this personalized adventure.\" \/>\n<meta property=\"og:url\" content=\"https:\/\/mycar4you.com\/berat-tour\/\" \/>\n<meta property=\"og:site_name\" content=\"Mycar4you.\" \/>\n<meta property=\"article:publisher\" content=\"https:\/\/www.facebook.com\/mycar4you.al\" \/>\n<meta property=\"article:modified_time\" content=\"2025-01-28T22:09:17+00:00\" \/>\n<meta property=\"og:image\" content=\"https:\/\/mycar4you.com\/wp-content\/uploads\/2023\/01\/Berat-Bridge-1.jpg\" \/>\n<meta name=\"twitter:card\" content=\"summary_large_image\" \/>\n<meta name=\"twitter:label1\" content=\"Tempo di lettura stimato\" \/>\n\t<meta name=\"twitter:data1\" content=\"2 minuti\" \/>\n<script type=\"application\/ld+json\" class=\"yoast-schema-graph\">{\"@context\":\"https:\\\/\\\/schema.org\",\"@graph\":[{\"@type\":\"WebPage\",\"@id\":\"https:\\\/\\\/mycar4you.com\\\/berat-tour\\\/\",\"url\":\"https:\\\/\\\/mycar4you.com\\\/berat-tour\\\/\",\"name\":\"Day Tours from Tirana - Berat Tour - Mycar4you.\",\"isPartOf\":{\"@id\":\"https:\\\/\\\/mycar4you.com\\\/#website\"},\"primaryImageOfPage\":{\"@id\":\"https:\\\/\\\/mycar4you.com\\\/berat-tour\\\/#primaryimage\"},\"image\":{\"@id\":\"https:\\\/\\\/mycar4you.com\\\/berat-tour\\\/#primaryimage\"},\"thumbnailUrl\":\"https:\\\/\\\/mycar4you.com\\\/wp-content\\\/uploads\\\/2023\\\/01\\\/Berat-Bridge-1.jpg\",\"datePublished\":\"2022-11-25T10:22:49+00:00\",\"dateModified\":\"2025-01-28T22:09:17+00:00\",\"description\":\"Escape to Berat, the \\\"City of a Thousand Windows,\\\" on a private day trip from Tirana. Enjoy a comfortable ride with your own driver, explore the UNESCO-listed old town, and discover Byzantine churches, and stunning views. Immerse yourself in Berat's unique charm and history on this personalized adventure.\",\"breadcrumb\":{\"@id\":\"https:\\\/\\\/mycar4you.com\\\/berat-tour\\\/#breadcrumb\"},\"inLanguage\":\"it-IT\",\"potentialAction\":[{\"@type\":\"ReadAction\",\"target\":[\"https:\\\/\\\/mycar4you.com\\\/berat-tour\\\/\"]}]},{\"@type\":\"ImageObject\",\"inLanguage\":\"it-IT\",\"@id\":\"https:\\\/\\\/mycar4you.com\\\/berat-tour\\\/#primaryimage\",\"url\":\"https:\\\/\\\/mycar4you.com\\\/wp-content\\\/uploads\\\/2023\\\/01\\\/Berat-Bridge-1.jpg\",\"contentUrl\":\"https:\\\/\\\/mycar4you.com\\\/wp-content\\\/uploads\\\/2023\\\/01\\\/Berat-Bridge-1.jpg\"},{\"@type\":\"BreadcrumbList\",\"@id\":\"https:\\\/\\\/mycar4you.com\\\/berat-tour\\\/#breadcrumb\",\"itemListElement\":[{\"@type\":\"ListItem\",\"position\":1,\"name\":\"Home\",\"item\":\"https:\\\/\\\/mycar4you.com\\\/it\\\/\"},{\"@type\":\"ListItem\",\"position\":2,\"name\":\"Berat Tour\"}]},{\"@type\":\"WebSite\",\"@id\":\"https:\\\/\\\/mycar4you.com\\\/#website\",\"url\":\"https:\\\/\\\/mycar4you.com\\\/\",\"name\":\"Mycar4you.\",\"description\":\"It&#039;s all about You..\",\"publisher\":{\"@id\":\"https:\\\/\\\/mycar4you.com\\\/#organization\"},\"potentialAction\":[{\"@type\":\"SearchAction\",\"target\":{\"@type\":\"EntryPoint\",\"urlTemplate\":\"https:\\\/\\\/mycar4you.com\\\/?s={search_term_string}\"},\"query-input\":{\"@type\":\"PropertyValueSpecification\",\"valueRequired\":true,\"valueName\":\"search_term_string\"}}],\"inLanguage\":\"it-IT\"},{\"@type\":\"Organization\",\"@id\":\"https:\\\/\\\/mycar4you.com\\\/#organization\",\"name\":\"Mycar4you.\",\"url\":\"https:\\\/\\\/mycar4you.com\\\/\",\"logo\":{\"@type\":\"ImageObject\",\"inLanguage\":\"it-IT\",\"@id\":\"https:\\\/\\\/mycar4you.com\\\/#\\\/schema\\\/logo\\\/image\\\/\",\"url\":\"https:\\\/\\\/mycar4you.com\\\/wp-content\\\/uploads\\\/2023\\\/12\\\/Logo-Mark-Registration-scaled.jpg\",\"contentUrl\":\"https:\\\/\\\/mycar4you.com\\\/wp-content\\\/uploads\\\/2023\\\/12\\\/Logo-Mark-Registration-scaled.jpg\",\"width\":2560,\"height\":2560,\"caption\":\"Mycar4you.\"},\"image\":{\"@id\":\"https:\\\/\\\/mycar4you.com\\\/#\\\/schema\\\/logo\\\/image\\\/\"},\"sameAs\":[\"https:\\\/\\\/www.facebook.com\\\/mycar4you.al\",\"https:\\\/\\\/www.instagram.com\\\/mycar4you_com\\\/\",\"https:\\\/\\\/www.linkedin.com\\\/company\\\/mycar4you\\\/\",\"https:\\\/\\\/www.youtube.com\\\/@MYCAR4YOU.\"]}]}<\/script>\n<!-- \/ Yoast SEO plugin. -->","yoast_head_json":{"title":"Day Tours from Tirana - Berat Tour - Mycar4you.","description":"Escape to Berat, the \"City of a Thousand Windows,\" on a private day trip from Tirana. Enjoy a comfortable ride with your own driver, explore the UNESCO-listed old town, and discover Byzantine churches, and stunning views. Immerse yourself in Berat's unique charm and history on this personalized adventure.","robots":{"index":"index","follow":"follow","max-snippet":"max-snippet:-1","max-image-preview":"max-image-preview:large","max-video-preview":"max-video-preview:-1"},"canonical":"https:\/\/mycar4you.com\/berat-tour\/","og_locale":"it_IT","og_type":"article","og_title":"Day Tours from Tirana - Berat Tour - Mycar4you.","og_description":"Escape to Berat, the \"City of a Thousand Windows,\" on a private day trip from Tirana. Enjoy a comfortable ride with your own driver, explore the UNESCO-listed old town, and discover Byzantine churches, and stunning views. Immerse yourself in Berat's unique charm and history on this personalized adventure.","og_url":"https:\/\/mycar4you.com\/berat-tour\/","og_site_name":"Mycar4you.","article_publisher":"https:\/\/www.facebook.com\/mycar4you.al","article_modified_time":"2025-01-28T22:09:17+00:00","og_image":[{"url":"https:\/\/mycar4you.com\/wp-content\/uploads\/2023\/01\/Berat-Bridge-1.jpg","type":"","width":"","height":""}],"twitter_card":"summary_large_image","twitter_misc":{"Tempo di lettura stimato":"2 minuti"},"schema":{"@context":"https:\/\/schema.org","@graph":[{"@type":"WebPage","@id":"https:\/\/mycar4you.com\/berat-tour\/","url":"https:\/\/mycar4you.com\/berat-tour\/","name":"Day Tours from Tirana - Berat Tour - Mycar4you.","isPartOf":{"@id":"https:\/\/mycar4you.com\/#website"},"primaryImageOfPage":{"@id":"https:\/\/mycar4you.com\/berat-tour\/#primaryimage"},"image":{"@id":"https:\/\/mycar4you.com\/berat-tour\/#primaryimage"},"thumbnailUrl":"https:\/\/mycar4you.com\/wp-content\/uploads\/2023\/01\/Berat-Bridge-1.jpg","datePublished":"2022-11-25T10:22:49+00:00","dateModified":"2025-01-28T22:09:17+00:00","description":"Escape to Berat, the \"City of a Thousand Windows,\" on a private day trip from Tirana. Enjoy a comfortable ride with your own driver, explore the UNESCO-listed old town, and discover Byzantine churches, and stunning views. Immerse yourself in Berat's unique charm and history on this personalized adventure.","breadcrumb":{"@id":"https:\/\/mycar4you.com\/berat-tour\/#breadcrumb"},"inLanguage":"it-IT","potentialAction":[{"@type":"ReadAction","target":["https:\/\/mycar4you.com\/berat-tour\/"]}]},{"@type":"ImageObject","inLanguage":"it-IT","@id":"https:\/\/mycar4you.com\/berat-tour\/#primaryimage","url":"https:\/\/mycar4you.com\/wp-content\/uploads\/2023\/01\/Berat-Bridge-1.jpg","contentUrl":"https:\/\/mycar4you.com\/wp-content\/uploads\/2023\/01\/Berat-Bridge-1.jpg"},{"@type":"BreadcrumbList","@id":"https:\/\/mycar4you.com\/berat-tour\/#breadcrumb","itemListElement":[{"@type":"ListItem","position":1,"name":"Home","item":"https:\/\/mycar4you.com\/it\/"},{"@type":"ListItem","position":2,"name":"Berat Tour"}]},{"@type":"WebSite","@id":"https:\/\/mycar4you.com\/#website","url":"https:\/\/mycar4you.com\/","name":"Mycar4you.","description":"It&#039;s all about You..","publisher":{"@id":"https:\/\/mycar4you.com\/#organization"},"potentialAction":[{"@type":"SearchAction","target":{"@type":"EntryPoint","urlTemplate":"https:\/\/mycar4you.com\/?s={search_term_string}"},"query-input":{"@type":"PropertyValueSpecification","valueRequired":true,"valueName":"search_term_string"}}],"inLanguage":"it-IT"},{"@type":"Organization","@id":"https:\/\/mycar4you.com\/#organization","name":"Mycar4you.","url":"https:\/\/mycar4you.com\/","logo":{"@type":"ImageObject","inLanguage":"it-IT","@id":"https:\/\/mycar4you.com\/#\/schema\/logo\/image\/","url":"https:\/\/mycar4you.com\/wp-content\/uploads\/2023\/12\/Logo-Mark-Registration-scaled.jpg","contentUrl":"https:\/\/mycar4you.com\/wp-content\/uploads\/2023\/12\/Logo-Mark-Registration-scaled.jpg","width":2560,"height":2560,"caption":"Mycar4you."},"image":{"@id":"https:\/\/mycar4you.com\/#\/schema\/logo\/image\/"},"sameAs":["https:\/\/www.facebook.com\/mycar4you.al","https:\/\/www.instagram.com\/mycar4you_com\/","https:\/\/www.linkedin.com\/company\/mycar4you\/","https:\/\/www.youtube.com\/@MYCAR4YOU."]}]}},"_links":{"self":[{"href":"https:\/\/mycar4you.com\/it\/wp-json\/wp\/v2\/pages\/3831","targetHints":{"allow":["GET"]}}],"collection":[{"href":"https:\/\/mycar4you.com\/it\/wp-json\/wp\/v2\/pages"}],"about":[{"href":"https:\/\/mycar4you.com\/it\/wp-json\/wp\/v2\/types\/page"}],"author":[{"embeddable":true,"href":"https:\/\/mycar4you.com\/it\/wp-json\/wp\/v2\/users\/1"}],"replies":[{"embeddable":true,"href":"https:\/\/mycar4you.com\/it\/wp-json\/wp\/v2\/comments?post=3831"}],"version-history":[{"count":6,"href":"https:\/\/mycar4you.com\/it\/wp-json\/wp\/v2\/pages\/3831\/revisions"}],"predecessor-version":[{"id":3839,"href":"https:\/\/mycar4you.com\/it\/wp-json\/wp\/v2\/pages\/3831\/revisions\/3839"}],"wp:attachment":[{"href":"https:\/\/mycar4you.com\/it\/wp-json\/wp\/v2\/media?parent=3831"}],"curies":[{"name":"wp","href":"https:\/\/api.w.org\/{rel}","templated":true}]}}