{"id":4076,"date":"2022-11-25T11:16:12","date_gmt":"2022-11-25T10:16:12","guid":{"rendered":"https:\/\/mycar4you.com\/kruja-tour\/"},"modified":"2025-01-29T11:35:52","modified_gmt":"2025-01-29T10:35:52","slug":"kruja-tour","status":"publish","type":"page","link":"https:\/\/mycar4you.com\/fr\/kruja-tour\/","title":{"rendered":"Kruja Tour"},"content":{"rendered":"\t\t<div data-elementor-type=\"wp-page\" data-elementor-id=\"4076\" class=\"elementor elementor-4076 elementor-1964\">\n\t\t\t\t\t\t<section class=\"elementor-section elementor-top-section elementor-element elementor-element-dded442 elementor-section-boxed elementor-section-height-default elementor-section-height-default\" data-id=\"dded442\" data-element_type=\"section\" data-e-type=\"section\">\n\t\t\t\t\t\t<div class=\"elementor-container elementor-column-gap-default\">\n\t\t\t\t\t<div class=\"elementor-column elementor-col-100 elementor-top-column elementor-element elementor-element-d9805fb\" data-id=\"d9805fb\" data-element_type=\"column\" data-e-type=\"column\">\n\t\t\t<div class=\"elementor-widget-wrap elementor-element-populated\">\n\t\t\t\t\t\t<div class=\"elementor-element elementor-element-469ebe8 elementor-widget elementor-widget-heading\" data-id=\"469ebe8\" data-element_type=\"widget\" data-e-type=\"widget\" data-widget_type=\"heading.default\">\n\t\t\t\t<div class=\"elementor-widget-container\">\n\t\t\t\t\t<h2 class=\"elementor-heading-title elementor-size-default\">Kruja La ville historique<\/h2>\t\t\t\t<\/div>\n\t\t\t\t<\/div>\n\t\t\t\t<div class=\"elementor-element elementor-element-d9e0c08 elementor-widget elementor-widget-image-gallery\" data-id=\"d9e0c08\" data-element_type=\"widget\" data-e-type=\"widget\" data-widget_type=\"image-gallery.default\">\n\t\t\t\t<div class=\"elementor-widget-container\">\n\t\t\t\t\t\t\t<div class=\"elementor-image-gallery\">\n\t\t\t\n\t\t<style type=\"text\/css\">\n\t\t\t#gallery-1 {\n\t\t\t\tmargin: auto;\n\t\t\t}\n\t\t\t#gallery-1 .gallery-item {\n\t\t\t\tfloat: left;\n\t\t\t\tmargin-top: 10px;\n\t\t\t\ttext-align: center;\n\t\t\t\twidth: 33%;\n\t\t\t}\n\t\t\t#gallery-1 img {\n\t\t\t\tborder: 2px solid #cfcfcf;\n\t\t\t}\n\t\t\t#gallery-1 .gallery-caption {\n\t\t\t\tmargin-left: 0;\n\t\t\t}\n\t\t\t\/* see gallery_shortcode() in wp-includes\/media.php *\/\n\t\t<\/style>\n\t\t<div id='gallery-1' class='gallery galleryid-4076 gallery-columns-3 gallery-size-full'><dl class='gallery-item'>\n\t\t\t<dt class='gallery-icon landscape'>\n\t\t\t\t<a data-elementor-open-lightbox=\"yes\" data-elementor-lightbox-slideshow=\"d9e0c08\" data-elementor-lightbox-title=\"MYCAR4YOU. Private Tours Kruja Basar, Albania.\" data-e-action-hash=\"#elementor-action%3Aaction%3Dlightbox%26settings%3DeyJpZCI6NDA0MywidXJsIjoiaHR0cHM6XC9cL215Y2FyNHlvdS5jb21cL3dwLWNvbnRlbnRcL3VwbG9hZHNcLzIwMjNcLzAxXC9LcnVqYS1CYXNhci0uanBnIiwic2xpZGVzaG93IjoiZDllMGMwOCJ9\" href='https:\/\/mycar4you.com\/wp-content\/uploads\/2023\/01\/Kruja-Basar-.jpg'><img fetchpriority=\"high\" decoding=\"async\" width=\"2000\" height=\"1333\" src=\"https:\/\/mycar4you.com\/wp-content\/uploads\/2023\/01\/Kruja-Basar-.jpg\" class=\"attachment-full size-full\" alt=\"\" srcset=\"https:\/\/mycar4you.com\/wp-content\/uploads\/2023\/01\/Kruja-Basar-.jpg 2000w, https:\/\/mycar4you.com\/wp-content\/uploads\/2023\/01\/Kruja-Basar--300x200.jpg 300w, https:\/\/mycar4you.com\/wp-content\/uploads\/2023\/01\/Kruja-Basar--1024x682.jpg 1024w, https:\/\/mycar4you.com\/wp-content\/uploads\/2023\/01\/Kruja-Basar--768x512.jpg 768w, https:\/\/mycar4you.com\/wp-content\/uploads\/2023\/01\/Kruja-Basar--1536x1024.jpg 1536w, https:\/\/mycar4you.com\/wp-content\/uploads\/2023\/01\/Kruja-Basar--600x400.jpg 600w\" sizes=\"(max-width: 2000px) 100vw, 2000px\" \/><\/a>\n\t\t\t<\/dt><\/dl><dl class='gallery-item'>\n\t\t\t<dt class='gallery-icon landscape'>\n\t\t\t\t<a data-elementor-open-lightbox=\"yes\" data-elementor-lightbox-slideshow=\"d9e0c08\" data-elementor-lightbox-title=\"Kruja-Museum\" data-e-action-hash=\"#elementor-action%3Aaction%3Dlightbox%26settings%3DeyJpZCI6NDA0NSwidXJsIjoiaHR0cHM6XC9cL215Y2FyNHlvdS5jb21cL3dwLWNvbnRlbnRcL3VwbG9hZHNcLzIwMjNcLzAxXC9LcnVqYS1NdXNldW0uanBnIiwic2xpZGVzaG93IjoiZDllMGMwOCJ9\" href='https:\/\/mycar4you.com\/wp-content\/uploads\/2023\/01\/Kruja-Museum.jpg'><img decoding=\"async\" width=\"1250\" height=\"833\" src=\"https:\/\/mycar4you.com\/wp-content\/uploads\/2023\/01\/Kruja-Museum.jpg\" class=\"attachment-full size-full\" alt=\"\" srcset=\"https:\/\/mycar4you.com\/wp-content\/uploads\/2023\/01\/Kruja-Museum.jpg 1250w, https:\/\/mycar4you.com\/wp-content\/uploads\/2023\/01\/Kruja-Museum-300x200.jpg 300w, https:\/\/mycar4you.com\/wp-content\/uploads\/2023\/01\/Kruja-Museum-1024x682.jpg 1024w, https:\/\/mycar4you.com\/wp-content\/uploads\/2023\/01\/Kruja-Museum-768x512.jpg 768w, https:\/\/mycar4you.com\/wp-content\/uploads\/2023\/01\/Kruja-Museum-600x400.jpg 600w\" sizes=\"(max-width: 1250px) 100vw, 1250px\" \/><\/a>\n\t\t\t<\/dt><\/dl><dl class='gallery-item'>\n\t\t\t<dt class='gallery-icon landscape'>\n\t\t\t\t<a data-elementor-open-lightbox=\"yes\" data-elementor-lightbox-slideshow=\"d9e0c08\" data-elementor-lightbox-title=\"Kruja-Museum-\" data-e-action-hash=\"#elementor-action%3Aaction%3Dlightbox%26settings%3DeyJpZCI6NDA0NiwidXJsIjoiaHR0cHM6XC9cL215Y2FyNHlvdS5jb21cL3dwLWNvbnRlbnRcL3VwbG9hZHNcLzIwMjNcLzAxXC9LcnVqYS1NdXNldW0tLmpwZyIsInNsaWRlc2hvdyI6ImQ5ZTBjMDgifQ%3D%3D\" href='https:\/\/mycar4you.com\/wp-content\/uploads\/2023\/01\/Kruja-Museum-.jpg'><img decoding=\"async\" width=\"1600\" height=\"1067\" src=\"https:\/\/mycar4you.com\/wp-content\/uploads\/2023\/01\/Kruja-Museum-.jpg\" class=\"attachment-full size-full\" alt=\"\" srcset=\"https:\/\/mycar4you.com\/wp-content\/uploads\/2023\/01\/Kruja-Museum-.jpg 1600w, https:\/\/mycar4you.com\/wp-content\/uploads\/2023\/01\/Kruja-Museum--300x200.jpg 300w, https:\/\/mycar4you.com\/wp-content\/uploads\/2023\/01\/Kruja-Museum--1024x683.jpg 1024w, https:\/\/mycar4you.com\/wp-content\/uploads\/2023\/01\/Kruja-Museum--768x512.jpg 768w, https:\/\/mycar4you.com\/wp-content\/uploads\/2023\/01\/Kruja-Museum--1536x1024.jpg 1536w, https:\/\/mycar4you.com\/wp-content\/uploads\/2023\/01\/Kruja-Museum--600x400.jpg 600w\" sizes=\"(max-width: 1600px) 100vw, 1600px\" \/><\/a>\n\t\t\t<\/dt><\/dl><br style=\"clear: both\" \/>\n\t\t<\/div>\n\t\t<\/div>\n\t\t\t\t\t\t<\/div>\n\t\t\t\t<\/div>\n\t\t\t\t\t<\/div>\n\t\t<\/div>\n\t\t\t\t\t<\/div>\n\t\t<\/section>\n\t\t\t\t<section class=\"elementor-section elementor-top-section elementor-element elementor-element-c7d515f elementor-section-boxed elementor-section-height-default elementor-section-height-default\" data-id=\"c7d515f\" data-element_type=\"section\" data-e-type=\"section\">\n\t\t\t\t\t\t<div class=\"elementor-container elementor-column-gap-default\">\n\t\t\t\t\t<div class=\"elementor-column elementor-col-100 elementor-top-column elementor-element elementor-element-48892ad\" data-id=\"48892ad\" data-element_type=\"column\" data-e-type=\"column\">\n\t\t\t<div class=\"elementor-widget-wrap elementor-element-populated\">\n\t\t\t\t\t\t<div class=\"elementor-element elementor-element-16415f3 elementor-widget elementor-widget-heading\" data-id=\"16415f3\" data-element_type=\"widget\" data-e-type=\"widget\" data-widget_type=\"heading.default\">\n\t\t\t\t<div class=\"elementor-widget-container\">\n\t\t\t\t\t<h2 class=\"elementor-heading-title elementor-size-default\">Activit\u00e9s :<\/h2>\t\t\t\t<\/div>\n\t\t\t\t<\/div>\n\t\t\t\t<div class=\"elementor-element elementor-element-9943d98 elementor-widget elementor-widget-text-editor\" data-id=\"9943d98\" data-element_type=\"widget\" data-e-type=\"widget\" data-widget_type=\"text-editor.default\">\n\t\t\t\t<div class=\"elementor-widget-container\">\n\t\t\t\t\t\t\t\t\tD\u00e9couvrez l&rsquo;histoire, les traditions, la cuisine locale et les paysages de l&rsquo;Albanie lors de cette excursion d&rsquo;une journ\u00e9e. Kruja, le centre de la r\u00e9sistance albanaise contre les Turcs, est le lieu de notre h\u00e9ros national Skanderbeg. Nous visiterons le mus\u00e9e Skanderbeg, le vieux bazar de Kruja, et bien plus encore.\t\t\t\t\t\t\t\t<\/div>\n\t\t\t\t<\/div>\n\t\t\t\t<div class=\"elementor-element elementor-element-8c33580 elementor-widget elementor-widget-heading\" data-id=\"8c33580\" data-element_type=\"widget\" data-e-type=\"widget\" data-widget_type=\"heading.default\">\n\t\t\t\t<div class=\"elementor-widget-container\">\n\t\t\t\t\t<h2 class=\"elementor-heading-title elementor-size-default\">Informations g\u00e9n\u00e9rales sur la visite :<\/h2>\t\t\t\t<\/div>\n\t\t\t\t<\/div>\n\t\t\t\t<div class=\"elementor-element elementor-element-5689be8 elementor-widget elementor-widget-heading\" data-id=\"5689be8\" data-element_type=\"widget\" data-e-type=\"widget\" data-widget_type=\"heading.default\">\n\t\t\t\t<div class=\"elementor-widget-container\">\n\t\t\t\t\t<h5 class=\"elementor-heading-title elementor-size-default\">Dur\u00e9e : 5-6 heures<br>\nDifficult\u00e9 (1-5) : 2<br>\nExp\u00e9rience requise : Aucune exp\u00e9rience pr\u00e9alable en randonn\u00e9e n'est requise.<br>\nDisponibilit\u00e9 de la visite : Toute l'ann\u00e9e<br>\nTaille du groupe : 2-3 personnes<\/h5>\t\t\t\t<\/div>\n\t\t\t\t<\/div>\n\t\t\t\t<div class=\"elementor-element elementor-element-056bb43 elementor-widget elementor-widget-heading\" data-id=\"056bb43\" data-element_type=\"widget\" data-e-type=\"widget\" data-widget_type=\"heading.default\">\n\t\t\t\t<div class=\"elementor-widget-container\">\n\t\t\t\t\t<h2 class=\"elementor-heading-title elementor-size-default\">Prix :** 37\u20ac\/personne  <br>Pour un groupe d'au moins 3 personnes<\/h2>\t\t\t\t<\/div>\n\t\t\t\t<\/div>\n\t\t\t\t<div class=\"elementor-element elementor-element-bc7c22c elementor-widget elementor-widget-heading\" data-id=\"bc7c22c\" data-element_type=\"widget\" data-e-type=\"widget\" data-widget_type=\"heading.default\">\n\t\t\t\t<div class=\"elementor-widget-container\">\n\t\t\t\t\t<h2 class=\"elementor-heading-title elementor-size-default\">Inclus dans le prix :<\/h2>\t\t\t\t<\/div>\n\t\t\t\t<\/div>\n\t\t\t\t<div class=\"elementor-element elementor-element-f3eaf63 elementor-widget elementor-widget-heading\" data-id=\"f3eaf63\" data-element_type=\"widget\" data-e-type=\"widget\" data-widget_type=\"heading.default\">\n\t\t\t\t<div class=\"elementor-widget-container\">\n\t\t\t\t\t<h5 class=\"elementor-heading-title elementor-size-default\">Transport en voiture compacte moderne avec climatisation<br>\nChauffeur professionnel tout au long du circuit<br>\nFrais de transport<br>\nBouteille d'eau (1,5 L)<\/h5>\t\t\t\t<\/div>\n\t\t\t\t<\/div>\n\t\t\t\t\t<\/div>\n\t\t<\/div>\n\t\t\t\t\t<\/div>\n\t\t<\/section>\n\t\t\t\t<section class=\"elementor-section elementor-top-section elementor-element elementor-element-1fc25ca elementor-section-full_width elementor-section-height-default elementor-section-height-default\" data-id=\"1fc25ca\" data-element_type=\"section\" data-e-type=\"section\">\n\t\t\t\t\t\t<div class=\"elementor-container elementor-column-gap-default\">\n\t\t\t\t\t<div class=\"elementor-column elementor-col-100 elementor-top-column elementor-element elementor-element-d9ee48f\" data-id=\"d9ee48f\" data-element_type=\"column\" data-e-type=\"column\">\n\t\t\t<div class=\"elementor-widget-wrap elementor-element-populated\">\n\t\t\t\t\t\t<div class=\"elementor-element elementor-element-01092b8 elementor-widget elementor-widget-heading\" data-id=\"01092b8\" data-element_type=\"widget\" data-e-type=\"widget\" data-widget_type=\"heading.default\">\n\t\t\t\t<div class=\"elementor-widget-container\">\n\t\t\t\t\t<h2 class=\"elementor-heading-title elementor-size-default\">R\u00e9servez maintenant<\/h2>\t\t\t\t<\/div>\n\t\t\t\t<\/div>\n\t\t\t\t<div class=\"elementor-element elementor-element-89ffa8a elementor-widget elementor-widget-text-editor\" data-id=\"89ffa8a\" data-element_type=\"widget\" data-e-type=\"widget\" data-widget_type=\"text-editor.default\">\n\t\t\t\t<div class=\"elementor-widget-container\">\n\t\t\t\t\t\t\t\t\t\n<div class=\"wpcf7 no-js\" id=\"wpcf7-f4002-o1\" lang=\"en-US\" dir=\"ltr\" data-wpcf7-id=\"4002\">\n<div class=\"screen-reader-response\"><p role=\"status\" aria-live=\"polite\" aria-atomic=\"true\"><\/p> <ul><\/ul><\/div>\n<form action=\"\/fr\/wp-json\/wp\/v2\/pages\/4076#wpcf7-f4002-o1\" method=\"post\" class=\"wpcf7-form init\" aria-label=\"Contact form\" novalidate=\"novalidate\" data-status=\"init\">\n<fieldset class=\"hidden-fields-container\"><input type=\"hidden\" name=\"_wpcf7\" value=\"4002\" \/><input type=\"hidden\" name=\"_wpcf7_version\" value=\"6.1.5\" \/><input type=\"hidden\" name=\"_wpcf7_locale\" value=\"en_US\" \/><input type=\"hidden\" name=\"_wpcf7_unit_tag\" value=\"wpcf7-f4002-o1\" \/><input type=\"hidden\" name=\"_wpcf7_container_post\" value=\"0\" \/><input type=\"hidden\" name=\"_wpcf7_posted_data_hash\" value=\"\" \/><input type=\"hidden\" name=\"_wpcf7cf_hidden_group_fields\" value=\"[]\" \/><input type=\"hidden\" name=\"_wpcf7cf_hidden_groups\" value=\"[]\" \/><input type=\"hidden\" name=\"_wpcf7cf_visible_groups\" value=\"[]\" \/><input type=\"hidden\" name=\"_wpcf7cf_repeaters\" value=\"[]\" \/><input type=\"hidden\" name=\"_wpcf7cf_steps\" value=\"{}\" \/><input type=\"hidden\" name=\"_wpcf7cf_options\" value=\"{&quot;form_id&quot;:4002,&quot;conditions&quot;:[],&quot;settings&quot;:{&quot;animation&quot;:&quot;yes&quot;,&quot;animation_intime&quot;:200,&quot;animation_outtime&quot;:200,&quot;conditions_ui&quot;:&quot;normal&quot;,&quot;notice_dismissed&quot;:false,&quot;notice_dismissed_rollback-cf7-5.8.6&quot;:true}}\" \/><input type=\"hidden\" name=\"_wpcf7_recaptcha_response\" value=\"\" \/>\n<\/fieldset>\n<p><label> Votre nom (requis)<\/label><span class=\"wpcf7-form-control-wrap\" data-name=\"your-name\"><input size=\"40\" maxlength=\"400\" class=\"wpcf7-form-control wpcf7-text wpcf7-validates-as-required\" aria-required=\"true\" aria-invalid=\"false\" value=\"\" type=\"text\" name=\"your-name\" \/><\/span>\n<\/p>\n<p><label> Email (requis) <\/label><span class=\"wpcf7-form-control-wrap\" data-name=\"your-email\"><input size=\"40\" maxlength=\"400\" class=\"wpcf7-form-control wpcf7-email wpcf7-validates-as-required wpcf7-text wpcf7-validates-as-email\" aria-required=\"true\" aria-invalid=\"false\" value=\"\" type=\"email\" name=\"your-email\" \/><\/span>\n<\/p>\n<p><label> Sujet <\/label><span class=\"wpcf7-form-control-wrap\" data-name=\"your-subject\"><input size=\"40\" maxlength=\"400\" class=\"wpcf7-form-control wpcf7-text\" aria-invalid=\"false\" value=\"\" type=\"text\" name=\"your-subject\" \/><\/span>\n<\/p>\n<p><label> Message <\/label><span class=\"wpcf7-form-control-wrap\" data-name=\"your-message\"><textarea cols=\"5\" rows=\"3\" maxlength=\"2000\" class=\"wpcf7-form-control wpcf7-textarea\" aria-invalid=\"false\" name=\"your-message\"><\/textarea><\/span>\n<\/p>\n<p><input class=\"wpcf7-form-control wpcf7-submit has-spinner\" type=\"submit\" value=\"Soumettre\" \/>\n<\/p><div class=\"wpcf7-response-output\" aria-hidden=\"true\"><\/div>\n<\/form>\n<\/div>\n\t\t\t\t\t\t\t\t<\/div>\n\t\t\t\t<\/div>\n\t\t\t\t\t<\/div>\n\t\t<\/div>\n\t\t\t\t\t<\/div>\n\t\t<\/section>\n\t\t\t\t<\/div>\n\t\t","protected":false},"excerpt":{"rendered":"<p>Kruja La ville historique Activit\u00e9s : D\u00e9couvrez l&rsquo;histoire, les traditions, la cuisine locale et les paysages de l&rsquo;Albanie lors de cette excursion d&rsquo;une journ\u00e9e. Kruja, le centre de la r\u00e9sistance albanaise contre les Turcs, est le lieu de notre h\u00e9ros national Skanderbeg. Nous visiterons le mus\u00e9e Skanderbeg, le vieux bazar de Kruja, et bien plus<\/p>\n<div class=\"klb-readmore\"><a href=\"https:\/\/mycar4you.com\/fr\/kruja-tour\/\" class=\"btn\">READ MORE<\/a><\/div>\n","protected":false},"author":1,"featured_media":0,"parent":0,"menu_order":0,"comment_status":"closed","ping_status":"closed","template":"","meta":{"footnotes":""},"class_list":["post-4076","page","type-page","status-publish","hentry","blog_entry clearfix"],"yoast_head":"<!-- This site is optimized with the Yoast SEO plugin v27.5 - https:\/\/yoast.com\/product\/yoast-seo-wordpress\/ -->\n<title>Kruja Tour - Mycar4you.<\/title>\n<meta name=\"robots\" content=\"index, follow, max-snippet:-1, max-image-preview:large, max-video-preview:-1\" \/>\n<link rel=\"canonical\" href=\"https:\/\/mycar4you.com\/fr\/kruja-tour\/\" \/>\n<meta property=\"og:locale\" content=\"fr_FR\" \/>\n<meta property=\"og:type\" content=\"article\" \/>\n<meta property=\"og:title\" content=\"Kruja Tour - Mycar4you.\" \/>\n<meta property=\"og:description\" content=\"Kruja La ville historique Activit\u00e9s : D\u00e9couvrez l&rsquo;histoire, les traditions, la cuisine locale et les paysages de l&rsquo;Albanie lors de cette excursion d&rsquo;une journ\u00e9e. Kruja, le centre de la r\u00e9sistance albanaise contre les Turcs, est le lieu de notre h\u00e9ros national Skanderbeg. Nous visiterons le mus\u00e9e Skanderbeg, le vieux bazar de Kruja, et bien plusREAD MORE\" \/>\n<meta property=\"og:url\" content=\"https:\/\/mycar4you.com\/fr\/kruja-tour\/\" \/>\n<meta property=\"og:site_name\" content=\"Mycar4you.\" \/>\n<meta property=\"article:publisher\" content=\"https:\/\/www.facebook.com\/mycar4you.al\" \/>\n<meta property=\"article:modified_time\" content=\"2025-01-29T10:35:52+00:00\" \/>\n<meta property=\"og:image\" content=\"https:\/\/mycar4you.com\/wp-content\/uploads\/2023\/01\/Kruja-Basar-.jpg\" \/>\n<meta name=\"twitter:card\" content=\"summary_large_image\" \/>\n<meta name=\"twitter:label1\" content=\"Dur\u00e9e de lecture estim\u00e9e\" \/>\n\t<meta name=\"twitter:data1\" content=\"2 minutes\" \/>\n<script type=\"application\/ld+json\" class=\"yoast-schema-graph\">{\"@context\":\"https:\\\/\\\/schema.org\",\"@graph\":[{\"@type\":\"WebPage\",\"@id\":\"https:\\\/\\\/mycar4you.com\\\/fr\\\/kruja-tour\\\/\",\"url\":\"https:\\\/\\\/mycar4you.com\\\/fr\\\/kruja-tour\\\/\",\"name\":\"Kruja Tour - Mycar4you.\",\"isPartOf\":{\"@id\":\"https:\\\/\\\/mycar4you.com\\\/#website\"},\"primaryImageOfPage\":{\"@id\":\"https:\\\/\\\/mycar4you.com\\\/fr\\\/kruja-tour\\\/#primaryimage\"},\"image\":{\"@id\":\"https:\\\/\\\/mycar4you.com\\\/fr\\\/kruja-tour\\\/#primaryimage\"},\"thumbnailUrl\":\"https:\\\/\\\/mycar4you.com\\\/wp-content\\\/uploads\\\/2023\\\/01\\\/Kruja-Basar-.jpg\",\"datePublished\":\"2022-11-25T10:16:12+00:00\",\"dateModified\":\"2025-01-29T10:35:52+00:00\",\"breadcrumb\":{\"@id\":\"https:\\\/\\\/mycar4you.com\\\/fr\\\/kruja-tour\\\/#breadcrumb\"},\"inLanguage\":\"fr-FR\",\"potentialAction\":[{\"@type\":\"ReadAction\",\"target\":[\"https:\\\/\\\/mycar4you.com\\\/fr\\\/kruja-tour\\\/\"]}]},{\"@type\":\"ImageObject\",\"inLanguage\":\"fr-FR\",\"@id\":\"https:\\\/\\\/mycar4you.com\\\/fr\\\/kruja-tour\\\/#primaryimage\",\"url\":\"https:\\\/\\\/mycar4you.com\\\/wp-content\\\/uploads\\\/2023\\\/01\\\/Kruja-Basar-.jpg\",\"contentUrl\":\"https:\\\/\\\/mycar4you.com\\\/wp-content\\\/uploads\\\/2023\\\/01\\\/Kruja-Basar-.jpg\"},{\"@type\":\"BreadcrumbList\",\"@id\":\"https:\\\/\\\/mycar4you.com\\\/fr\\\/kruja-tour\\\/#breadcrumb\",\"itemListElement\":[{\"@type\":\"ListItem\",\"position\":1,\"name\":\"Home\",\"item\":\"https:\\\/\\\/mycar4you.com\\\/fr\\\/\"},{\"@type\":\"ListItem\",\"position\":2,\"name\":\"Kruja Tour\"}]},{\"@type\":\"WebSite\",\"@id\":\"https:\\\/\\\/mycar4you.com\\\/#website\",\"url\":\"https:\\\/\\\/mycar4you.com\\\/\",\"name\":\"Mycar4you.\",\"description\":\"It&#039;s all about You..\",\"publisher\":{\"@id\":\"https:\\\/\\\/mycar4you.com\\\/#organization\"},\"potentialAction\":[{\"@type\":\"SearchAction\",\"target\":{\"@type\":\"EntryPoint\",\"urlTemplate\":\"https:\\\/\\\/mycar4you.com\\\/?s={search_term_string}\"},\"query-input\":{\"@type\":\"PropertyValueSpecification\",\"valueRequired\":true,\"valueName\":\"search_term_string\"}}],\"inLanguage\":\"fr-FR\"},{\"@type\":\"Organization\",\"@id\":\"https:\\\/\\\/mycar4you.com\\\/#organization\",\"name\":\"Mycar4you.\",\"url\":\"https:\\\/\\\/mycar4you.com\\\/\",\"logo\":{\"@type\":\"ImageObject\",\"inLanguage\":\"fr-FR\",\"@id\":\"https:\\\/\\\/mycar4you.com\\\/#\\\/schema\\\/logo\\\/image\\\/\",\"url\":\"https:\\\/\\\/mycar4you.com\\\/wp-content\\\/uploads\\\/2023\\\/12\\\/Logo-Mark-Registration-scaled.jpg\",\"contentUrl\":\"https:\\\/\\\/mycar4you.com\\\/wp-content\\\/uploads\\\/2023\\\/12\\\/Logo-Mark-Registration-scaled.jpg\",\"width\":2560,\"height\":2560,\"caption\":\"Mycar4you.\"},\"image\":{\"@id\":\"https:\\\/\\\/mycar4you.com\\\/#\\\/schema\\\/logo\\\/image\\\/\"},\"sameAs\":[\"https:\\\/\\\/www.facebook.com\\\/mycar4you.al\",\"https:\\\/\\\/www.instagram.com\\\/mycar4you_com\\\/\",\"https:\\\/\\\/www.linkedin.com\\\/company\\\/mycar4you\\\/\",\"https:\\\/\\\/www.youtube.com\\\/@MYCAR4YOU.\"]}]}<\/script>\n<!-- \/ Yoast SEO plugin. -->","yoast_head_json":{"title":"Kruja Tour - Mycar4you.","robots":{"index":"index","follow":"follow","max-snippet":"max-snippet:-1","max-image-preview":"max-image-preview:large","max-video-preview":"max-video-preview:-1"},"canonical":"https:\/\/mycar4you.com\/fr\/kruja-tour\/","og_locale":"fr_FR","og_type":"article","og_title":"Kruja Tour - Mycar4you.","og_description":"Kruja La ville historique Activit\u00e9s : D\u00e9couvrez l&rsquo;histoire, les traditions, la cuisine locale et les paysages de l&rsquo;Albanie lors de cette excursion d&rsquo;une journ\u00e9e. Kruja, le centre de la r\u00e9sistance albanaise contre les Turcs, est le lieu de notre h\u00e9ros national Skanderbeg. Nous visiterons le mus\u00e9e Skanderbeg, le vieux bazar de Kruja, et bien plusREAD MORE","og_url":"https:\/\/mycar4you.com\/fr\/kruja-tour\/","og_site_name":"Mycar4you.","article_publisher":"https:\/\/www.facebook.com\/mycar4you.al","article_modified_time":"2025-01-29T10:35:52+00:00","og_image":[{"url":"https:\/\/mycar4you.com\/wp-content\/uploads\/2023\/01\/Kruja-Basar-.jpg","type":"","width":"","height":""}],"twitter_card":"summary_large_image","twitter_misc":{"Dur\u00e9e de lecture estim\u00e9e":"2 minutes"},"schema":{"@context":"https:\/\/schema.org","@graph":[{"@type":"WebPage","@id":"https:\/\/mycar4you.com\/fr\/kruja-tour\/","url":"https:\/\/mycar4you.com\/fr\/kruja-tour\/","name":"Kruja Tour - Mycar4you.","isPartOf":{"@id":"https:\/\/mycar4you.com\/#website"},"primaryImageOfPage":{"@id":"https:\/\/mycar4you.com\/fr\/kruja-tour\/#primaryimage"},"image":{"@id":"https:\/\/mycar4you.com\/fr\/kruja-tour\/#primaryimage"},"thumbnailUrl":"https:\/\/mycar4you.com\/wp-content\/uploads\/2023\/01\/Kruja-Basar-.jpg","datePublished":"2022-11-25T10:16:12+00:00","dateModified":"2025-01-29T10:35:52+00:00","breadcrumb":{"@id":"https:\/\/mycar4you.com\/fr\/kruja-tour\/#breadcrumb"},"inLanguage":"fr-FR","potentialAction":[{"@type":"ReadAction","target":["https:\/\/mycar4you.com\/fr\/kruja-tour\/"]}]},{"@type":"ImageObject","inLanguage":"fr-FR","@id":"https:\/\/mycar4you.com\/fr\/kruja-tour\/#primaryimage","url":"https:\/\/mycar4you.com\/wp-content\/uploads\/2023\/01\/Kruja-Basar-.jpg","contentUrl":"https:\/\/mycar4you.com\/wp-content\/uploads\/2023\/01\/Kruja-Basar-.jpg"},{"@type":"BreadcrumbList","@id":"https:\/\/mycar4you.com\/fr\/kruja-tour\/#breadcrumb","itemListElement":[{"@type":"ListItem","position":1,"name":"Home","item":"https:\/\/mycar4you.com\/fr\/"},{"@type":"ListItem","position":2,"name":"Kruja Tour"}]},{"@type":"WebSite","@id":"https:\/\/mycar4you.com\/#website","url":"https:\/\/mycar4you.com\/","name":"Mycar4you.","description":"It&#039;s all about You..","publisher":{"@id":"https:\/\/mycar4you.com\/#organization"},"potentialAction":[{"@type":"SearchAction","target":{"@type":"EntryPoint","urlTemplate":"https:\/\/mycar4you.com\/?s={search_term_string}"},"query-input":{"@type":"PropertyValueSpecification","valueRequired":true,"valueName":"search_term_string"}}],"inLanguage":"fr-FR"},{"@type":"Organization","@id":"https:\/\/mycar4you.com\/#organization","name":"Mycar4you.","url":"https:\/\/mycar4you.com\/","logo":{"@type":"ImageObject","inLanguage":"fr-FR","@id":"https:\/\/mycar4you.com\/#\/schema\/logo\/image\/","url":"https:\/\/mycar4you.com\/wp-content\/uploads\/2023\/12\/Logo-Mark-Registration-scaled.jpg","contentUrl":"https:\/\/mycar4you.com\/wp-content\/uploads\/2023\/12\/Logo-Mark-Registration-scaled.jpg","width":2560,"height":2560,"caption":"Mycar4you."},"image":{"@id":"https:\/\/mycar4you.com\/#\/schema\/logo\/image\/"},"sameAs":["https:\/\/www.facebook.com\/mycar4you.al","https:\/\/www.instagram.com\/mycar4you_com\/","https:\/\/www.linkedin.com\/company\/mycar4you\/","https:\/\/www.youtube.com\/@MYCAR4YOU."]}]}},"_links":{"self":[{"href":"https:\/\/mycar4you.com\/fr\/wp-json\/wp\/v2\/pages\/4076","targetHints":{"allow":["GET"]}}],"collection":[{"href":"https:\/\/mycar4you.com\/fr\/wp-json\/wp\/v2\/pages"}],"about":[{"href":"https:\/\/mycar4you.com\/fr\/wp-json\/wp\/v2\/types\/page"}],"author":[{"embeddable":true,"href":"https:\/\/mycar4you.com\/fr\/wp-json\/wp\/v2\/users\/1"}],"replies":[{"embeddable":true,"href":"https:\/\/mycar4you.com\/fr\/wp-json\/wp\/v2\/comments?post=4076"}],"version-history":[{"count":3,"href":"https:\/\/mycar4you.com\/fr\/wp-json\/wp\/v2\/pages\/4076\/revisions"}],"predecessor-version":[{"id":4080,"href":"https:\/\/mycar4you.com\/fr\/wp-json\/wp\/v2\/pages\/4076\/revisions\/4080"}],"wp:attachment":[{"href":"https:\/\/mycar4you.com\/fr\/wp-json\/wp\/v2\/media?parent=4076"}],"curies":[{"name":"wp","href":"https:\/\/api.w.org\/{rel}","templated":true}]}}