{"id":3996,"date":"2019-05-23T22:39:14","date_gmt":"2019-05-23T20:39:14","guid":{"rendered":"https:\/\/mycar4you.com\/about-us\/"},"modified":"2025-01-29T09:54:58","modified_gmt":"2025-01-29T08:54:58","slug":"about-us","status":"publish","type":"page","link":"https:\/\/mycar4you.com\/fr\/about-us\/","title":{"rendered":"\u00c0 propos de nous"},"content":{"rendered":"<section class=\"wpb-content-wrapper\"><p>[vc_row full_width=\u00a0\u00bbstretch_row_content\u00a0\u00bb css_animation=\u00a0\u00bbfadeInDown\u00a0\u00bb css=\u00a0\u00bb.vc_custom_1698072922009{background-image: url(https:\/\/mycar4you.com\/wp-content\/uploads\/2023\/10\/20230101_160837-scaled.jpg?id=2801) !important;background-position: center !important;background-repeat: no-repeat !important;background-size: cover !important;}\u00a0\u00bb el_class=\u00a0\u00bbabout-us-header\u00a0\u00bb][vc_column][vc_empty_space][vc_empty_space][\/vc_column][\/vc_row][vc_row][vc_column][vc_column_text el_class=\u00a0\u00bbcustom-text-block\u00a0\u00bb]Notre parcours chez MYCAR4YOU incarne les efforts collectifs men\u00e9s par Tomi Shollo, o\u00f9 nous mettons \u00e0 profit notre expertise automobile et notre passion pour le tourisme afin de cr\u00e9er une entreprise locale de location de voitures. De nos d\u00e9buts modestes, en proposant nos v\u00e9hicules personnels aux touristes, nous avons \u00e9volu\u00e9 de mani\u00e8re organique pour devenir une entit\u00e9 polyvalente.<\/p>\n<p>Nous offrons une gamme compl\u00e8te de services incluant la location de voitures, des programmes de leasing, l&rsquo;achat et la vente de v\u00e9hicules, ainsi que des solutions de mobilit\u00e9. Nous nous distinguons par notre engagement envers des transactions fluides et un service client de qualit\u00e9 sup\u00e9rieure. Ancr\u00e9s dans des principes de soin personnalis\u00e9, d&rsquo;innovation et de valeur, nous garantissons une exp\u00e9rience sur mesure pour nos clients, caract\u00e9ris\u00e9e par des services s\u00e9curis\u00e9s et efficaces, une assistance client multilingue et des solutions adapt\u00e9es aux besoins vari\u00e9s des visiteurs en Albanie.<\/p>\n<p>Gr\u00e2ce \u00e0 notre engagement ind\u00e9fectible envers la satisfaction de nos clients, MYCAR4YOU se positionne comme une r\u00e9f\u00e9rence d&rsquo;excellence, offrant un service in\u00e9gal\u00e9 et une exp\u00e9rience albanaise unique.[\/vc_column_text][vc_empty_space][\/vc_column][\/vc_row][vc_row][vc_column]<div class=\"latest-blog\"> \n\t\t\t\t<div class=\"blog-home-inner\">\n\t\t\t\t\t<div class=\"blog-title\"><h2>Latest Blog Post<\/h2><\/div>\n\t\t\t\t\t<div class=\"row\">\n\t\t\t\t\t<div class=\"col-lg-4 col-md-4 col-xs-12 col-sm-4 blog-post\"><div class=\"blog_inner\"><div class=\"blog-img test\"> <a href=\"https:\/\/mycar4you.com\/fr\/10-things-to-know-before-renting-a-car\/\"> <img decoding=\"async\" src=\"https:\/\/mycar4you.com\/wp-content\/uploads\/2022\/11\/Blog-Head-Wallpaper-3.jpeg\" alt=\"\u00ab\u00a010 choses \u00e0 consid\u00e9rer avant de louer une voiture\u00a0\u00bb\"> <\/a> <\/div><div class=\"blog-info\"><div class=\"post-date\"> <span class=\"entry-date\">2022 18 Nov<\/span> <\/div><ul class=\"post-meta\"><li><i class=\"fa fa-user\"><\/i>Posted by <a>mycar4you<\/a> <\/li><li><i class=\"fa fa-comments\"><\/i><a href=\"#\">0 comments<\/a> <\/li><\/ul><h3><a href=\"https:\/\/mycar4you.com\/fr\/10-things-to-know-before-renting-a-car\/\">\u00ab\u00a010 choses \u00e0 consid\u00e9rer avant de louer une voiture\u00a0\u00bb<\/a><\/h3><p>ReLouer une voiture est toujours une excellente id\u00e9e lorsque vous partez en vacances. Cela peut<\/p><\/div><\/div><\/div><div class=\"col-lg-4 col-md-4 col-xs-12 col-sm-4 blog-post\"><div class=\"blog_inner\"><div class=\"blog-img test\"> <a href=\"https:\/\/mycar4you.com\/fr\/driving-in-albania-everything-you-need-to-know\/\"> <img decoding=\"async\" src=\"https:\/\/mycar4you.com\/wp-content\/uploads\/2022\/11\/hero-bg.jpg\" alt=\"Conduire en Albanie : Tout ce que vous devez savoir\"> <\/a> <\/div><div class=\"blog-info\"><div class=\"post-date\"> <span class=\"entry-date\">2022 18 Nov<\/span> <\/div><ul class=\"post-meta\"><li><i class=\"fa fa-user\"><\/i>Posted by <a>mycar4you<\/a> <\/li><li><i class=\"fa fa-comments\"><\/i><a href=\"#\">0 comments<\/a> <\/li><\/ul><h3><a href=\"https:\/\/mycar4you.com\/fr\/driving-in-albania-everything-you-need-to-know\/\">Conduire en Albanie : Tout ce que vous devez savoir<\/a><\/h3><p>Vous avez envisag\u00e9 un voyage en Albanie et vous avez d\u00e9cid\u00e9 qu\u2019un road trip est<\/p><\/div><\/div><\/div><div class=\"col-lg-4 col-md-4 col-xs-12 col-sm-4 blog-post\"><div class=\"blog_inner\"><div class=\"blog-img test\"> <a href=\"https:\/\/mycar4you.com\/fr\/15-reasons-why-you-should-rent-a-car-when-traveling-in-albania\/\"> <img decoding=\"async\" src=\"https:\/\/mycar4you.com\/wp-content\/uploads\/2022\/11\/wallpaperflare.com_wallpaper-2.jpg\" alt=\"15 raisons pour lesquelles vous devriez louer une voiture en Albanie\"> <\/a> <\/div><div class=\"blog-info\"><div class=\"post-date\"> <span class=\"entry-date\">2022 18 Nov<\/span> <\/div><ul class=\"post-meta\"><li><i class=\"fa fa-user\"><\/i>Posted by <a>mycar4you<\/a> <\/li><li><i class=\"fa fa-comments\"><\/i><a href=\"#\">0 comments<\/a> <\/li><\/ul><h3><a href=\"https:\/\/mycar4you.com\/fr\/15-reasons-why-you-should-rent-a-car-when-traveling-in-albania\/\">15 raisons pour lesquelles vous devriez louer une voiture en Albanie<\/a><\/h3><p>L&rsquo;Albanie est une terre enchant\u00e9e, un pays de merveilles naturelles. On dit que le voyage<\/p><\/div><\/div><\/div>\n\t\t\t\t\t<\/div>\n\t\t\t\t<\/div>\n\t\t\t<\/div>[\/vc_column][\/vc_row]<\/p>\n<\/section>","protected":false},"excerpt":{"rendered":"<p>[vc_row full_width=\u00a0\u00bbstretch_row_content\u00a0\u00bb css_animation=\u00a0\u00bbfadeInDown\u00a0\u00bb css=\u00a0\u00bb.vc_custom_1698072922009{background-image: url(https:\/\/mycar4you.com\/wp-content\/uploads\/2023\/10\/20230101_160837-scaled.jpg?id=2801) !important;background-position: center !important;background-repeat: no-repeat !important;background-size: cover !important;}\u00a0\u00bb el_class=\u00a0\u00bbabout-us-header\u00a0\u00bb][vc_column][vc_empty_space][vc_empty_space][\/vc_column][\/vc_row][vc_row][vc_column][vc_column_text el_class=\u00a0\u00bbcustom-text-block\u00a0\u00bb]Notre parcours chez MYCAR4YOU incarne les efforts collectifs men\u00e9s par Tomi Shollo, o\u00f9 nous mettons \u00e0 profit notre expertise automobile et notre passion pour le tourisme afin de cr\u00e9er une entreprise locale de location de voitures. De nos d\u00e9buts modestes, en proposant<\/p>\n<div class=\"klb-readmore\"><a href=\"https:\/\/mycar4you.com\/fr\/15-reasons-why-you-should-rent-a-car-when-traveling-in-albania\/\" class=\"btn\">READ MORE<\/a><\/div>\n","protected":false},"author":1,"featured_media":3998,"parent":0,"menu_order":0,"comment_status":"closed","ping_status":"closed","template":"","meta":{"footnotes":""},"class_list":["post-3996","page","type-page","status-publish","has-post-thumbnail","hentry","blog_entry clearfix"],"yoast_head":"<!-- This site is optimized with the Yoast SEO plugin v27.4 - https:\/\/yoast.com\/product\/yoast-seo-wordpress\/ -->\n<title>Local Car Hires - Mycar4you. \u00c0 propos de nous<\/title>\n<meta name=\"description\" content=\"Local Car Hires: Explore Albania at Your Pace with us. Modern fleet, unbeatable prices, exceptional customer service. Book online now! \u27a1\ufe0f\" \/>\n<meta name=\"robots\" content=\"index, follow, max-snippet:-1, max-image-preview:large, max-video-preview:-1\" \/>\n<link rel=\"canonical\" href=\"https:\/\/mycar4you.com\/fr\/about-us\/\" \/>\n<meta property=\"og:locale\" content=\"fr_FR\" \/>\n<meta property=\"og:type\" content=\"article\" \/>\n<meta property=\"og:title\" content=\"Local Car Hires - Mycar4you. \u00c0 propos de nous\" \/>\n<meta property=\"og:description\" content=\"Local Car Hires: Explore Albania at Your Pace with us. Modern fleet, unbeatable prices, exceptional customer service. Book online now! \u27a1\ufe0f\" \/>\n<meta property=\"og:url\" content=\"https:\/\/mycar4you.com\/fr\/about-us\/\" \/>\n<meta property=\"og:site_name\" content=\"Mycar4you.\" \/>\n<meta property=\"article:publisher\" content=\"https:\/\/www.facebook.com\/mycar4you.al\" \/>\n<meta property=\"article:modified_time\" content=\"2025-01-29T08:54:58+00:00\" \/>\n<meta property=\"og:image\" content=\"https:\/\/mycar4you.com\/wp-content\/uploads\/2023\/10\/20230101_160837-scaled.jpg\" \/>\n\t<meta property=\"og:image:width\" content=\"2560\" \/>\n\t<meta property=\"og:image:height\" content=\"1920\" \/>\n\t<meta property=\"og:image:type\" content=\"image\/jpeg\" \/>\n<meta name=\"twitter:card\" content=\"summary_large_image\" \/>\n<meta name=\"twitter:label1\" content=\"Dur\u00e9e de lecture estim\u00e9e\" \/>\n\t<meta name=\"twitter:data1\" content=\"1 minute\" \/>\n<script type=\"application\/ld+json\" class=\"yoast-schema-graph\">{\"@context\":\"https:\\\/\\\/schema.org\",\"@graph\":[{\"@type\":\"WebPage\",\"@id\":\"https:\\\/\\\/mycar4you.com\\\/fr\\\/about-us\\\/\",\"url\":\"https:\\\/\\\/mycar4you.com\\\/fr\\\/about-us\\\/\",\"name\":\"Local Car Hires - Mycar4you. \u00c0 propos de nous\",\"isPartOf\":{\"@id\":\"https:\\\/\\\/mycar4you.com\\\/#website\"},\"primaryImageOfPage\":{\"@id\":\"https:\\\/\\\/mycar4you.com\\\/fr\\\/about-us\\\/#primaryimage\"},\"image\":{\"@id\":\"https:\\\/\\\/mycar4you.com\\\/fr\\\/about-us\\\/#primaryimage\"},\"thumbnailUrl\":\"https:\\\/\\\/mycar4you.com\\\/wp-content\\\/uploads\\\/2023\\\/10\\\/20230101_160837-scaled.jpg\",\"datePublished\":\"2019-05-23T20:39:14+00:00\",\"dateModified\":\"2025-01-29T08:54:58+00:00\",\"description\":\"Local Car Hires: Explore Albania at Your Pace with us. Modern fleet, unbeatable prices, exceptional customer service. Book online now! \u27a1\ufe0f\",\"breadcrumb\":{\"@id\":\"https:\\\/\\\/mycar4you.com\\\/fr\\\/about-us\\\/#breadcrumb\"},\"inLanguage\":\"fr-FR\",\"potentialAction\":[{\"@type\":\"ReadAction\",\"target\":[\"https:\\\/\\\/mycar4you.com\\\/fr\\\/about-us\\\/\"]}]},{\"@type\":\"ImageObject\",\"inLanguage\":\"fr-FR\",\"@id\":\"https:\\\/\\\/mycar4you.com\\\/fr\\\/about-us\\\/#primaryimage\",\"url\":\"https:\\\/\\\/mycar4you.com\\\/wp-content\\\/uploads\\\/2023\\\/10\\\/20230101_160837-scaled.jpg\",\"contentUrl\":\"https:\\\/\\\/mycar4you.com\\\/wp-content\\\/uploads\\\/2023\\\/10\\\/20230101_160837-scaled.jpg\",\"width\":2560,\"height\":1920},{\"@type\":\"BreadcrumbList\",\"@id\":\"https:\\\/\\\/mycar4you.com\\\/fr\\\/about-us\\\/#breadcrumb\",\"itemListElement\":[{\"@type\":\"ListItem\",\"position\":1,\"name\":\"Home\",\"item\":\"https:\\\/\\\/mycar4you.com\\\/fr\\\/\"},{\"@type\":\"ListItem\",\"position\":2,\"name\":\"\u00c0 propos de nous\"}]},{\"@type\":\"WebSite\",\"@id\":\"https:\\\/\\\/mycar4you.com\\\/#website\",\"url\":\"https:\\\/\\\/mycar4you.com\\\/\",\"name\":\"Mycar4you.\",\"description\":\"It&#039;s all about You..\",\"publisher\":{\"@id\":\"https:\\\/\\\/mycar4you.com\\\/#organization\"},\"potentialAction\":[{\"@type\":\"SearchAction\",\"target\":{\"@type\":\"EntryPoint\",\"urlTemplate\":\"https:\\\/\\\/mycar4you.com\\\/?s={search_term_string}\"},\"query-input\":{\"@type\":\"PropertyValueSpecification\",\"valueRequired\":true,\"valueName\":\"search_term_string\"}}],\"inLanguage\":\"fr-FR\"},{\"@type\":\"Organization\",\"@id\":\"https:\\\/\\\/mycar4you.com\\\/#organization\",\"name\":\"Mycar4you.\",\"url\":\"https:\\\/\\\/mycar4you.com\\\/\",\"logo\":{\"@type\":\"ImageObject\",\"inLanguage\":\"fr-FR\",\"@id\":\"https:\\\/\\\/mycar4you.com\\\/#\\\/schema\\\/logo\\\/image\\\/\",\"url\":\"https:\\\/\\\/mycar4you.com\\\/wp-content\\\/uploads\\\/2023\\\/12\\\/Logo-Mark-Registration-scaled.jpg\",\"contentUrl\":\"https:\\\/\\\/mycar4you.com\\\/wp-content\\\/uploads\\\/2023\\\/12\\\/Logo-Mark-Registration-scaled.jpg\",\"width\":2560,\"height\":2560,\"caption\":\"Mycar4you.\"},\"image\":{\"@id\":\"https:\\\/\\\/mycar4you.com\\\/#\\\/schema\\\/logo\\\/image\\\/\"},\"sameAs\":[\"https:\\\/\\\/www.facebook.com\\\/mycar4you.al\",\"https:\\\/\\\/www.instagram.com\\\/mycar4you_com\\\/\",\"https:\\\/\\\/www.linkedin.com\\\/company\\\/mycar4you\\\/\",\"https:\\\/\\\/www.youtube.com\\\/@MYCAR4YOU.\"]}]}<\/script>\n<!-- \/ Yoast SEO plugin. -->","yoast_head_json":{"title":"Local Car Hires - Mycar4you. \u00c0 propos de nous","description":"Local Car Hires: Explore Albania at Your Pace with us. Modern fleet, unbeatable prices, exceptional customer service. Book online now! \u27a1\ufe0f","robots":{"index":"index","follow":"follow","max-snippet":"max-snippet:-1","max-image-preview":"max-image-preview:large","max-video-preview":"max-video-preview:-1"},"canonical":"https:\/\/mycar4you.com\/fr\/about-us\/","og_locale":"fr_FR","og_type":"article","og_title":"Local Car Hires - Mycar4you. \u00c0 propos de nous","og_description":"Local Car Hires: Explore Albania at Your Pace with us. Modern fleet, unbeatable prices, exceptional customer service. Book online now! \u27a1\ufe0f","og_url":"https:\/\/mycar4you.com\/fr\/about-us\/","og_site_name":"Mycar4you.","article_publisher":"https:\/\/www.facebook.com\/mycar4you.al","article_modified_time":"2025-01-29T08:54:58+00:00","og_image":[{"width":2560,"height":1920,"url":"https:\/\/mycar4you.com\/wp-content\/uploads\/2023\/10\/20230101_160837-scaled.jpg","type":"image\/jpeg"}],"twitter_card":"summary_large_image","twitter_misc":{"Dur\u00e9e de lecture estim\u00e9e":"1 minute"},"schema":{"@context":"https:\/\/schema.org","@graph":[{"@type":"WebPage","@id":"https:\/\/mycar4you.com\/fr\/about-us\/","url":"https:\/\/mycar4you.com\/fr\/about-us\/","name":"Local Car Hires - Mycar4you. \u00c0 propos de nous","isPartOf":{"@id":"https:\/\/mycar4you.com\/#website"},"primaryImageOfPage":{"@id":"https:\/\/mycar4you.com\/fr\/about-us\/#primaryimage"},"image":{"@id":"https:\/\/mycar4you.com\/fr\/about-us\/#primaryimage"},"thumbnailUrl":"https:\/\/mycar4you.com\/wp-content\/uploads\/2023\/10\/20230101_160837-scaled.jpg","datePublished":"2019-05-23T20:39:14+00:00","dateModified":"2025-01-29T08:54:58+00:00","description":"Local Car Hires: Explore Albania at Your Pace with us. Modern fleet, unbeatable prices, exceptional customer service. Book online now! \u27a1\ufe0f","breadcrumb":{"@id":"https:\/\/mycar4you.com\/fr\/about-us\/#breadcrumb"},"inLanguage":"fr-FR","potentialAction":[{"@type":"ReadAction","target":["https:\/\/mycar4you.com\/fr\/about-us\/"]}]},{"@type":"ImageObject","inLanguage":"fr-FR","@id":"https:\/\/mycar4you.com\/fr\/about-us\/#primaryimage","url":"https:\/\/mycar4you.com\/wp-content\/uploads\/2023\/10\/20230101_160837-scaled.jpg","contentUrl":"https:\/\/mycar4you.com\/wp-content\/uploads\/2023\/10\/20230101_160837-scaled.jpg","width":2560,"height":1920},{"@type":"BreadcrumbList","@id":"https:\/\/mycar4you.com\/fr\/about-us\/#breadcrumb","itemListElement":[{"@type":"ListItem","position":1,"name":"Home","item":"https:\/\/mycar4you.com\/fr\/"},{"@type":"ListItem","position":2,"name":"\u00c0 propos de nous"}]},{"@type":"WebSite","@id":"https:\/\/mycar4you.com\/#website","url":"https:\/\/mycar4you.com\/","name":"Mycar4you.","description":"It&#039;s all about You..","publisher":{"@id":"https:\/\/mycar4you.com\/#organization"},"potentialAction":[{"@type":"SearchAction","target":{"@type":"EntryPoint","urlTemplate":"https:\/\/mycar4you.com\/?s={search_term_string}"},"query-input":{"@type":"PropertyValueSpecification","valueRequired":true,"valueName":"search_term_string"}}],"inLanguage":"fr-FR"},{"@type":"Organization","@id":"https:\/\/mycar4you.com\/#organization","name":"Mycar4you.","url":"https:\/\/mycar4you.com\/","logo":{"@type":"ImageObject","inLanguage":"fr-FR","@id":"https:\/\/mycar4you.com\/#\/schema\/logo\/image\/","url":"https:\/\/mycar4you.com\/wp-content\/uploads\/2023\/12\/Logo-Mark-Registration-scaled.jpg","contentUrl":"https:\/\/mycar4you.com\/wp-content\/uploads\/2023\/12\/Logo-Mark-Registration-scaled.jpg","width":2560,"height":2560,"caption":"Mycar4you."},"image":{"@id":"https:\/\/mycar4you.com\/#\/schema\/logo\/image\/"},"sameAs":["https:\/\/www.facebook.com\/mycar4you.al","https:\/\/www.instagram.com\/mycar4you_com\/","https:\/\/www.linkedin.com\/company\/mycar4you\/","https:\/\/www.youtube.com\/@MYCAR4YOU."]}]}},"_links":{"self":[{"href":"https:\/\/mycar4you.com\/fr\/wp-json\/wp\/v2\/pages\/3996","targetHints":{"allow":["GET"]}}],"collection":[{"href":"https:\/\/mycar4you.com\/fr\/wp-json\/wp\/v2\/pages"}],"about":[{"href":"https:\/\/mycar4you.com\/fr\/wp-json\/wp\/v2\/types\/page"}],"author":[{"embeddable":true,"href":"https:\/\/mycar4you.com\/fr\/wp-json\/wp\/v2\/users\/1"}],"replies":[{"embeddable":true,"href":"https:\/\/mycar4you.com\/fr\/wp-json\/wp\/v2\/comments?post=3996"}],"version-history":[{"count":1,"href":"https:\/\/mycar4you.com\/fr\/wp-json\/wp\/v2\/pages\/3996\/revisions"}],"predecessor-version":[{"id":4000,"href":"https:\/\/mycar4you.com\/fr\/wp-json\/wp\/v2\/pages\/3996\/revisions\/4000"}],"wp:featuredmedia":[{"embeddable":true,"href":"https:\/\/mycar4you.com\/fr\/wp-json\/wp\/v2\/media\/3998"}],"wp:attachment":[{"href":"https:\/\/mycar4you.com\/fr\/wp-json\/wp\/v2\/media?parent=3996"}],"curies":[{"name":"wp","href":"https:\/\/api.w.org\/{rel}","templated":true}]}}