{"id":3801,"date":"2024-11-05T22:54:32","date_gmt":"2024-11-05T21:54:32","guid":{"rendered":"https:\/\/mycar4you.com\/terms-of-use\/"},"modified":"2025-01-27T23:18:53","modified_gmt":"2025-01-27T22:18:53","slug":"terms-of-use","status":"publish","type":"page","link":"https:\/\/mycar4you.com\/de\/terms-of-use\/","title":{"rendered":"Nutzungsbedingungen"},"content":{"rendered":"<p><strong>Mietanforderungen:<\/strong><br \/>\nAlle Fahrer m\u00fcssen bei der Anmietung einen g\u00fcltigen F\u00fchrerschein vorlegen, der seit mindestens 2 Jahren gehalten wird. Zus\u00e4tzlich zum g\u00fcltigen F\u00fchrerschein muss der Hauptmieter einen Ausweis oder Reisepass vorlegen. Weitere Identit\u00e4tsnachweise oder zus\u00e4tzliche Pr\u00fcfungen k\u00f6nnen bei Bedarf verlangt werden.<\/p>\n<p>Das von MYCAR4YOU gemietete Fahrzeug (das &#8218;gemietete Fahrzeug&#8216;) muss sp\u00e4testens 59 Minuten nach Ablauf der vereinbarten Mietdauer zur\u00fcckgegeben werden. Wird das Fahrzeug nach dieser Zeit zur\u00fcckgegeben, wird ein zus\u00e4tzlicher Miettag berechnet.<\/p>\n<p><strong>Altersanforderungen:<\/strong><br \/>\nDas Mindestalter f\u00fcr die Anmietung betr\u00e4gt 18 Jahre, mit Ausnahme von Gro\u00dfraumvans und Luxus-SUVs. Bitte beachten Sie die unten angegebenen Geb\u00fchren f\u00fcr junge und \u00e4ltere Fahrer. Das Mindestalter ohne die Geb\u00fchr f\u00fcr junge Fahrer betr\u00e4gt 21 Jahre f\u00fcr alle Fahrzeuggruppen, mit Ausnahme von Gro\u00dfraumvans (25 Jahre) und Luxus-SUVs (27 Jahre). Das H\u00f6chstalter ohne Geb\u00fchr f\u00fcr \u00e4ltere Fahrer betr\u00e4gt 70 Jahre f\u00fcr alle Fahrzeuggruppen. Geb\u00fchren f\u00fcr junge und \u00e4ltere Fahrer gelten wie folgt. Alle Geb\u00fchren sind inklusive Mehrwertsteuer.<\/p>\n<p>18-20 Jahre: 3,00 EUR pro Tag f\u00fcr alle Fahrzeuggruppen au\u00dfer Gro\u00dfraumvans und Luxus-SUVs.<br \/>\n21-26 Jahre: 3,00 EUR pro Tag f\u00fcr Luxus-SUVs.<br \/>\n70+ Jahre: 3,00 EUR pro Tag f\u00fcr alle Fahrzeuggruppen.<\/p>\n<p><strong>Zusatzfahrer:<\/strong><br \/>\nEine Geb\u00fchr von 3,00 EUR pro Tag f\u00e4llt f\u00fcr jeden zus\u00e4tzlichen autorisierten Fahrer an, der nicht der Ehepartner oder Lebenspartner des Hauptmieters ist. Die vollst\u00e4ndigen Mietbedingungen gelten f\u00fcr alle zus\u00e4tzlichen Fahrer.<\/p>\n<p><strong>Grenz\u00fcberschreitende Mietrichtlinien:<\/strong><br \/>\nGrenz\u00fcberschreitende Mietwagen sind innerhalb von Kosovo, Montenegro, Nordmazedonien, Griechenland und Kroatien erlaubt. Eine vorherige schriftliche Genehmigung ist erforderlich und eine Geb\u00fchr von 40,00 EUR wird erhoben. Diese Art der Miete muss mindestens 7 Werktage vor dem Abholtermin angefragt werden. Bitte kontaktieren Sie die Reservierungsabteilung unter +355 695736300 f\u00fcr weitere Informationen. Die Mindestzeit f\u00fcr die Ausstellung einer Gr\u00fcnen Karte betr\u00e4gt 7 Werktage. Die Gr\u00fcne Karte deckt das Mietfahrzeug mit einer zus\u00e4tzlichen Haftpflichtversicherung (TPL) ab, solange sich das Fahrzeug innerhalb der Grenzen der L\u00e4nder befindet, f\u00fcr die die Karte ausgestellt wurde.<br \/>\nDie Geb\u00fchr f\u00fcr die Gr\u00fcne Karte betr\u00e4gt zus\u00e4tzlich 40,00 EUR (inkl. MwSt.) pro Miete f\u00fcr alle Fahrzeuggruppen.<br \/>\nPannenhilfe oder Fahrzeugersatz im Ausland sind nicht verf\u00fcgbar.<\/p>\n<p><strong>CDW (Kollisionsschadenversicherung):<\/strong><br \/>\nIST EINE OPTIONALE PRODUKTM\u00d6GLICHKEIT, DIE IN DEN MEISTEN TARIFEN KOSTENLOS INKLUDIERT IST.<br \/>\nDeckt die Haftung, Diebstahl und Feuer des gemieteten Fahrzeugs mit einem Selbstbehalt ab. Die Selbstbehalte f\u00fcr jede Kategorie sind wie folgt:<\/p>\n<ul>\n<li>MCMR, MCAR, MDMR, MDAR, EBMR, EBAR, ECMR, ECAR, EDAR, EDMR, EXAR, EXMR: 900 EUR<\/li>\n<li>CDMR, CDAR, CFMR, CFAR: 1100 EUR<\/li>\n<li>IDMR, IDAR, SDMR, SDAR: 1300 EUR<\/li>\n<li>FVMR, IVMR, IFMR, IFAR, FFAR: 1700 EUR<\/li>\n<li>LFAR: 3000 EUR<\/li>\n<\/ul>\n<p><strong>CDW DECKT KEINE SCH\u00c4DEN AM UNTERGESTELLTEN TEIL DES FAHRZEUGS, INNENR\u00c4UME DES FAHRZEUGS, REIFEN ODER FAHRZEUGZUBEH\u00d6R AB.<\/strong><br \/>\nEin Polizeibericht muss dem Mietunternehmen im Falle eines Unfalls vorgelegt werden. Ohne einen Polizeibericht ist der Kunde vollst\u00e4ndig f\u00fcr Sch\u00e4den verantwortlich. Der Kunde \u00fcbernimmt die volle Verantwortung, wenn die Schadensursache auf einen Versto\u00df gegen den Stra\u00dfenverkehrsordnung zur\u00fcckzuf\u00fchren ist.<\/p>\n<p><strong>Vollversicherung (FDW):<\/strong><br \/>\nIST EINE OPTIONALE PRODUKTM\u00d6GLICHKEIT, DIE DEN SELBSTBETRAG DER CDW-VERSICHERUNG IN JEDEM FALL ELIMINIERT.<br \/>\n<strong>Vollversicherung DECKT KEINE SCH\u00c4DEN AM UNTERGESTELLTEN TEIL DES FAHRZEUGS, INNENR\u00c4UME DES FAHRZEUGS, REIFEN ODER FAHRZEUGZUBEH\u00d6R AB.<\/strong><br \/>\nEin Polizeibericht muss dem Mietunternehmen im Falle eines Unfalls vorgelegt werden. Ohne einen Polizeibericht ist der Kunde vollst\u00e4ndig f\u00fcr Sch\u00e4den verantwortlich. Der Kunde \u00fcbernimmt die volle Verantwortung, wenn die Schadensursache auf einen Versto\u00df gegen den Stra\u00dfenverkehrsordnung zur\u00fcckzuf\u00fchren ist. Der Kauf der CDW-Versicherung ist obligatorisch, um f\u00fcr die Kaufoption der Vollversicherung berechtigt zu sein.<\/p>\n<p><strong>Ausschl\u00fcsse\/Verf\u00e4llt der Schadenwaiver:<\/strong><br \/>\nCDW- und FDW-Versicherungen decken keine Sch\u00e4den an: Spiegeln, Reifenpannen, Felgensch\u00e4den, Innensch\u00e4den, falscher Kraftstoff, Unterbodensch\u00e4den, mechanische Sch\u00e4den oder Sch\u00e4den durch gef\u00e4hrliche Substanzen.<br \/>\nCDW und FDW sind ung\u00fcltig, wenn der Schaden verursacht wurde durch: Fahren unter Drogeneinfluss oder Alkohol, unbefugte Fahrer, unlizenzierte Fahrer oder Fahrerausbildung, Fahren \u00fcber Staats- oder internationale Grenzen unter Versto\u00df gegen den Mietvertrag, Nutzung zu einem Zweck, der dem albanischen Gesetz widerspricht, Rennen oder Geschwindigkeitswettbewerbe, Nutzung des Fahrzeugs zur Miete, Abschleppen oder Schieben, Transport von schweren Gegenst\u00e4nden oder Gep\u00e4ck, vors\u00e4tzlicher Schaden, einfache Fahrl\u00e4ssigkeit, grobe Fahrl\u00e4ssigkeit oder Unvorsichtigkeit, Schaden durch Ignorieren einer Warnleuchte, unsachgem\u00e4\u00dfe Verwendung des Fahrzeugs, Fahren auf unbefestigten Stra\u00dfen, Fahren auf einem Strand und Sch\u00e4den durch Salzwasser und\/oder Sand, Fahren durch \u00fcberflutete Stra\u00dfen und daraus resultierende Sch\u00e4den am Motor, falsche Einsch\u00e4tzung der Fahrzeugh\u00f6he, Verst\u00f6\u00dfe gegen \u00f6rtliche Verkehrsregeln, Nichtsicherung der Autoschl\u00fcssel oder nicht abgeschlossenes Fahrzeug.<\/p>\n<p><strong>Zus\u00e4tzliche Haftpflichtversicherung:<\/strong><br \/>\nDie gesetzlich vorgeschriebene Dritte-Haftpflicht-Versicherung ist kostenlos und in allen Tarifen enthalten.<\/p>\n<p><strong>Exklusive Richtlinie:<\/strong><br \/>\nDie Mietkosten beinhalten unbegrenzte Kilometer, CDW-Versicherung, Dritte-Haftpflicht-Versicherung und Mehrwertsteuer.<\/p>\n<p><strong>Service au\u00dferhalb der \u00d6ffnungszeiten:<\/strong><br \/>\nUnser Personal ist f\u00fcr Abholungen und R\u00fcckgaben au\u00dferhalb der \u00d6ffnungszeiten verf\u00fcgbar. Zum Zeitpunkt der Reservierung wird die Flugnummer ben\u00f6tigt. Dieser Service ist auf Anfrage und es wird eine Mindestvorlaufzeit von 24 Stunden ben\u00f6tigt. Bitte rufen Sie die Reservierungsabteilung unter +355 695736300 f\u00fcr weitere Informationen an. Es f\u00e4llt eine Geb\u00fchr von 20 EUR f\u00fcr den Service au\u00dferhalb der \u00d6ffnungszeiten an.<\/p>\n<p><strong>Lieferung und Abholung:<\/strong><br \/>\nLieferung und Abholung sind w\u00e4hrend der B\u00fcrozeiten innerhalb von 15 km der Stadtgrenze kostenlos. F\u00fcr die Lieferung und Abholung au\u00dferhalb von 15 km der Stadtgrenze und bis zu einem Maximum von 10 km zus\u00e4tzlich wird dem Mieter eine Geb\u00fchr von 0,60 EUR pro Kilometer zuz\u00fcglich der anf\u00e4nglichen Geb\u00fchr von 15 EUR berechnet. Der Fahrer muss seinen Reisepass vorlegen und die Zahlungsmethode best\u00e4tigen. F\u00fcr die Lieferung und\/oder Abholung au\u00dferhalb der B\u00fcrozeiten f\u00e4llt eine zus\u00e4tzliche Geb\u00fchr von 10 EUR an. Lieferung und Abholung au\u00dferhalb der \u00d6ffnungszeiten erfolgt nur auf Anfrage. Bitte rufen Sie unser Reservierungsteam unter +355 695736300 an, um den Liefer- oder Abholservice anzufordern.<\/p>\n<p><strong>Stornierungsrichtlinie:<\/strong><br \/>\nF\u00fcnf Tage (5) vor Ankunft kann die Reservierung ohne Strafe oder Konsequenzen storniert werden. Nach diesem Zeitraum ist die 10%ige Teilzahlung, die w\u00e4hrend des Reservierungsprozesses geleistet wurde, nicht mehr erstattungsf\u00e4hig.<\/p>\n<p><strong>Fahrzeugtypen:<\/strong><br \/>\nAlle Fahrzeuge in unseren Katalogen sind nur beispielhaft. Tats\u00e4chliche Fahrzeuge k\u00f6nnen variieren, und Sie erhalten m\u00f6glicherweise ein \u00e4hnliches Modell nach Ermessen von MCY.<\/p>\n<p><strong>Einweggeb\u00fchr:<\/strong><br \/>\nAlle Mieten, bei denen das Fahrzeug nicht am gleichen Ort wie bei der Abholung zur\u00fcckgegeben wird, unterliegen einer Einweggeb\u00fchr. Die H\u00f6he der Einweggeb\u00fchr variiert je nach Fahrzeugkategorie, Standort und Abholdatum. Der genaue Betrag der Einweggeb\u00fchr wird w\u00e4hrend des Reservierungsprozesses angezeigt, wenn die Daten, die gew\u00fcnschte Route und die Fahrzeugkategorie eingegeben werden.<\/p>\n<p><strong>Betankungsservice:<\/strong><br \/>\nDer Service &#8222;Same to Same&#8220; bedeutet, dass alle Fahrzeuge mit einem bestimmten Tankinhalt gem\u00e4\u00df dem Mietvertrag geliefert werden und im gleichen Zustand zur\u00fcckgegeben werden m\u00fcssen. Wird das Fahrzeug mit weniger als der im Vertrag angegebenen Menge zur\u00fcckgegeben, wird die Differenz zum offiziellen Tarif von MCY berechnet. Eine Geb\u00fchr von 2,00 EUR pro Liter inklusive MwSt. f\u00e4llt f\u00fcr den Tankservice an.<\/p>\n<p><strong>Zahlungsmethoden:<\/strong><br \/>\nBarzahlung, PayPal, Visa und MasterCard werden akzeptiert. Eine Anzahlung von 10% ist im Voraus f\u00fcr die Reservierung zu leisten, danach wird eine Kaution und der Restbetrag der Mietkosten bei der Abholung berechnet. Die Kaution wird 7<\/p>\n<p>Werktage nach der R\u00fcckgabe des Fahrzeugs vollst\u00e4ndig zur\u00fcckerstattet, sofern keine Sch\u00e4den vorliegen. Das Zahlungsmittel des Kunden muss auf den Namen des Hauptmieters ausgestellt sein. Es werden keine anderen Zahlungsmethoden als Visa und MasterCard akzeptiert. Es wird keine Debitkarte akzeptiert.<\/p>\n<p><strong>Autopark und Kundenbetreuung:<\/strong><br \/>\nMCY bietet einen einzigartigen Autopark mit verschiedenen Fahrzeugkategorien und -marken, die ideal f\u00fcr verschiedene Bed\u00fcrfnisse sind. Von kleinen Fahrzeugen f\u00fcr den t\u00e4glichen Gebrauch bis hin zu gr\u00f6\u00dferen Fahrzeugen und Luxusautos bieten wir Ihnen eine gro\u00dfe Auswahl. Unsere Kundenbetreuung sorgt daf\u00fcr, dass Sie die besten Dienstleistungen und Fahrzeuge erhalten.<\/p>\n","protected":false},"excerpt":{"rendered":"<p>Mietanforderungen: Alle Fahrer m\u00fcssen bei der Anmietung einen g\u00fcltigen F\u00fchrerschein vorlegen, der seit mindestens 2 Jahren gehalten wird. Zus\u00e4tzlich zum g\u00fcltigen F\u00fchrerschein muss der Hauptmieter einen Ausweis oder Reisepass vorlegen. Weitere Identit\u00e4tsnachweise oder zus\u00e4tzliche Pr\u00fcfungen k\u00f6nnen bei Bedarf verlangt werden. Das von MYCAR4YOU gemietete Fahrzeug (das &#8218;gemietete Fahrzeug&#8216;) muss sp\u00e4testens 59 Minuten nach Ablauf der<\/p>\n<div class=\"klb-readmore\"><a href=\"https:\/\/mycar4you.com\/de\/terms-of-use\/\" class=\"btn\">READ MORE<\/a><\/div>\n","protected":false},"author":1,"featured_media":0,"parent":0,"menu_order":0,"comment_status":"closed","ping_status":"closed","template":"","meta":{"footnotes":""},"class_list":["post-3801","page","type-page","status-publish","hentry","blog_entry clearfix"],"yoast_head":"<!-- This site is optimized with the Yoast SEO plugin v27.4 - https:\/\/yoast.com\/product\/yoast-seo-wordpress\/ -->\n<title>Nutzungsbedingungen - Mycar4you.<\/title>\n<meta name=\"robots\" content=\"index, follow, max-snippet:-1, max-image-preview:large, max-video-preview:-1\" \/>\n<link rel=\"canonical\" href=\"https:\/\/mycar4you.com\/de\/terms-of-use\/\" \/>\n<meta property=\"og:locale\" content=\"de_DE\" \/>\n<meta property=\"og:type\" content=\"article\" \/>\n<meta property=\"og:title\" content=\"Nutzungsbedingungen - Mycar4you.\" \/>\n<meta property=\"og:description\" content=\"Mietanforderungen: Alle Fahrer m\u00fcssen bei der Anmietung einen g\u00fcltigen F\u00fchrerschein vorlegen, der seit mindestens 2 Jahren gehalten wird. Zus\u00e4tzlich zum g\u00fcltigen F\u00fchrerschein muss der Hauptmieter einen Ausweis oder Reisepass vorlegen. Weitere Identit\u00e4tsnachweise oder zus\u00e4tzliche Pr\u00fcfungen k\u00f6nnen bei Bedarf verlangt werden. Das von MYCAR4YOU gemietete Fahrzeug (das &#8218;gemietete Fahrzeug&#8216;) muss sp\u00e4testens 59 Minuten nach Ablauf derREAD MORE\" \/>\n<meta property=\"og:url\" content=\"https:\/\/mycar4you.com\/de\/terms-of-use\/\" \/>\n<meta property=\"og:site_name\" content=\"Mycar4you.\" \/>\n<meta property=\"article:publisher\" content=\"https:\/\/www.facebook.com\/mycar4you.al\" \/>\n<meta property=\"article:modified_time\" content=\"2025-01-27T22:18:53+00:00\" \/>\n<meta name=\"twitter:card\" content=\"summary_large_image\" \/>\n<meta name=\"twitter:label1\" content=\"Gesch\u00e4tzte Lesezeit\" \/>\n\t<meta name=\"twitter:data1\" content=\"6\u00a0Minuten\" \/>\n<script type=\"application\/ld+json\" class=\"yoast-schema-graph\">{\"@context\":\"https:\\\/\\\/schema.org\",\"@graph\":[{\"@type\":\"WebPage\",\"@id\":\"https:\\\/\\\/mycar4you.com\\\/de\\\/terms-of-use\\\/\",\"url\":\"https:\\\/\\\/mycar4you.com\\\/de\\\/terms-of-use\\\/\",\"name\":\"Nutzungsbedingungen - Mycar4you.\",\"isPartOf\":{\"@id\":\"https:\\\/\\\/mycar4you.com\\\/#website\"},\"datePublished\":\"2024-11-05T21:54:32+00:00\",\"dateModified\":\"2025-01-27T22:18:53+00:00\",\"breadcrumb\":{\"@id\":\"https:\\\/\\\/mycar4you.com\\\/de\\\/terms-of-use\\\/#breadcrumb\"},\"inLanguage\":\"de\",\"potentialAction\":[{\"@type\":\"ReadAction\",\"target\":[\"https:\\\/\\\/mycar4you.com\\\/de\\\/terms-of-use\\\/\"]}]},{\"@type\":\"BreadcrumbList\",\"@id\":\"https:\\\/\\\/mycar4you.com\\\/de\\\/terms-of-use\\\/#breadcrumb\",\"itemListElement\":[{\"@type\":\"ListItem\",\"position\":1,\"name\":\"Home\",\"item\":\"https:\\\/\\\/mycar4you.com\\\/de\\\/\"},{\"@type\":\"ListItem\",\"position\":2,\"name\":\"Nutzungsbedingungen\"}]},{\"@type\":\"WebSite\",\"@id\":\"https:\\\/\\\/mycar4you.com\\\/#website\",\"url\":\"https:\\\/\\\/mycar4you.com\\\/\",\"name\":\"Mycar4you.\",\"description\":\"It&#039;s all about You..\",\"publisher\":{\"@id\":\"https:\\\/\\\/mycar4you.com\\\/#organization\"},\"potentialAction\":[{\"@type\":\"SearchAction\",\"target\":{\"@type\":\"EntryPoint\",\"urlTemplate\":\"https:\\\/\\\/mycar4you.com\\\/?s={search_term_string}\"},\"query-input\":{\"@type\":\"PropertyValueSpecification\",\"valueRequired\":true,\"valueName\":\"search_term_string\"}}],\"inLanguage\":\"de\"},{\"@type\":\"Organization\",\"@id\":\"https:\\\/\\\/mycar4you.com\\\/#organization\",\"name\":\"Mycar4you.\",\"url\":\"https:\\\/\\\/mycar4you.com\\\/\",\"logo\":{\"@type\":\"ImageObject\",\"inLanguage\":\"de\",\"@id\":\"https:\\\/\\\/mycar4you.com\\\/#\\\/schema\\\/logo\\\/image\\\/\",\"url\":\"https:\\\/\\\/mycar4you.com\\\/wp-content\\\/uploads\\\/2023\\\/12\\\/Logo-Mark-Registration-scaled.jpg\",\"contentUrl\":\"https:\\\/\\\/mycar4you.com\\\/wp-content\\\/uploads\\\/2023\\\/12\\\/Logo-Mark-Registration-scaled.jpg\",\"width\":2560,\"height\":2560,\"caption\":\"Mycar4you.\"},\"image\":{\"@id\":\"https:\\\/\\\/mycar4you.com\\\/#\\\/schema\\\/logo\\\/image\\\/\"},\"sameAs\":[\"https:\\\/\\\/www.facebook.com\\\/mycar4you.al\",\"https:\\\/\\\/www.instagram.com\\\/mycar4you_com\\\/\",\"https:\\\/\\\/www.linkedin.com\\\/company\\\/mycar4you\\\/\",\"https:\\\/\\\/www.youtube.com\\\/@MYCAR4YOU.\"]}]}<\/script>\n<!-- \/ Yoast SEO plugin. -->","yoast_head_json":{"title":"Nutzungsbedingungen - Mycar4you.","robots":{"index":"index","follow":"follow","max-snippet":"max-snippet:-1","max-image-preview":"max-image-preview:large","max-video-preview":"max-video-preview:-1"},"canonical":"https:\/\/mycar4you.com\/de\/terms-of-use\/","og_locale":"de_DE","og_type":"article","og_title":"Nutzungsbedingungen - Mycar4you.","og_description":"Mietanforderungen: Alle Fahrer m\u00fcssen bei der Anmietung einen g\u00fcltigen F\u00fchrerschein vorlegen, der seit mindestens 2 Jahren gehalten wird. Zus\u00e4tzlich zum g\u00fcltigen F\u00fchrerschein muss der Hauptmieter einen Ausweis oder Reisepass vorlegen. Weitere Identit\u00e4tsnachweise oder zus\u00e4tzliche Pr\u00fcfungen k\u00f6nnen bei Bedarf verlangt werden. Das von MYCAR4YOU gemietete Fahrzeug (das &#8218;gemietete Fahrzeug&#8216;) muss sp\u00e4testens 59 Minuten nach Ablauf derREAD MORE","og_url":"https:\/\/mycar4you.com\/de\/terms-of-use\/","og_site_name":"Mycar4you.","article_publisher":"https:\/\/www.facebook.com\/mycar4you.al","article_modified_time":"2025-01-27T22:18:53+00:00","twitter_card":"summary_large_image","twitter_misc":{"Gesch\u00e4tzte Lesezeit":"6\u00a0Minuten"},"schema":{"@context":"https:\/\/schema.org","@graph":[{"@type":"WebPage","@id":"https:\/\/mycar4you.com\/de\/terms-of-use\/","url":"https:\/\/mycar4you.com\/de\/terms-of-use\/","name":"Nutzungsbedingungen - Mycar4you.","isPartOf":{"@id":"https:\/\/mycar4you.com\/#website"},"datePublished":"2024-11-05T21:54:32+00:00","dateModified":"2025-01-27T22:18:53+00:00","breadcrumb":{"@id":"https:\/\/mycar4you.com\/de\/terms-of-use\/#breadcrumb"},"inLanguage":"de","potentialAction":[{"@type":"ReadAction","target":["https:\/\/mycar4you.com\/de\/terms-of-use\/"]}]},{"@type":"BreadcrumbList","@id":"https:\/\/mycar4you.com\/de\/terms-of-use\/#breadcrumb","itemListElement":[{"@type":"ListItem","position":1,"name":"Home","item":"https:\/\/mycar4you.com\/de\/"},{"@type":"ListItem","position":2,"name":"Nutzungsbedingungen"}]},{"@type":"WebSite","@id":"https:\/\/mycar4you.com\/#website","url":"https:\/\/mycar4you.com\/","name":"Mycar4you.","description":"It&#039;s all about You..","publisher":{"@id":"https:\/\/mycar4you.com\/#organization"},"potentialAction":[{"@type":"SearchAction","target":{"@type":"EntryPoint","urlTemplate":"https:\/\/mycar4you.com\/?s={search_term_string}"},"query-input":{"@type":"PropertyValueSpecification","valueRequired":true,"valueName":"search_term_string"}}],"inLanguage":"de"},{"@type":"Organization","@id":"https:\/\/mycar4you.com\/#organization","name":"Mycar4you.","url":"https:\/\/mycar4you.com\/","logo":{"@type":"ImageObject","inLanguage":"de","@id":"https:\/\/mycar4you.com\/#\/schema\/logo\/image\/","url":"https:\/\/mycar4you.com\/wp-content\/uploads\/2023\/12\/Logo-Mark-Registration-scaled.jpg","contentUrl":"https:\/\/mycar4you.com\/wp-content\/uploads\/2023\/12\/Logo-Mark-Registration-scaled.jpg","width":2560,"height":2560,"caption":"Mycar4you."},"image":{"@id":"https:\/\/mycar4you.com\/#\/schema\/logo\/image\/"},"sameAs":["https:\/\/www.facebook.com\/mycar4you.al","https:\/\/www.instagram.com\/mycar4you_com\/","https:\/\/www.linkedin.com\/company\/mycar4you\/","https:\/\/www.youtube.com\/@MYCAR4YOU."]}]}},"_links":{"self":[{"href":"https:\/\/mycar4you.com\/de\/wp-json\/wp\/v2\/pages\/3801","targetHints":{"allow":["GET"]}}],"collection":[{"href":"https:\/\/mycar4you.com\/de\/wp-json\/wp\/v2\/pages"}],"about":[{"href":"https:\/\/mycar4you.com\/de\/wp-json\/wp\/v2\/types\/page"}],"author":[{"embeddable":true,"href":"https:\/\/mycar4you.com\/de\/wp-json\/wp\/v2\/users\/1"}],"replies":[{"embeddable":true,"href":"https:\/\/mycar4you.com\/de\/wp-json\/wp\/v2\/comments?post=3801"}],"version-history":[{"count":1,"href":"https:\/\/mycar4you.com\/de\/wp-json\/wp\/v2\/pages\/3801\/revisions"}],"predecessor-version":[{"id":3803,"href":"https:\/\/mycar4you.com\/de\/wp-json\/wp\/v2\/pages\/3801\/revisions\/3803"}],"wp:attachment":[{"href":"https:\/\/mycar4you.com\/de\/wp-json\/wp\/v2\/media?parent=3801"}],"curies":[{"name":"wp","href":"https:\/\/api.w.org\/{rel}","templated":true}]}}