{"id":3795,"date":"2022-11-25T10:19:34","date_gmt":"2022-11-25T09:19:34","guid":{"rendered":"https:\/\/mycar4you.com\/rent2buy\/"},"modified":"2025-01-28T22:30:09","modified_gmt":"2025-01-28T21:30:09","slug":"rent2buy","status":"publish","type":"page","link":"https:\/\/mycar4you.com\/de\/rent2buy\/","title":{"rendered":"Mieten mit Kaufoption"},"content":{"rendered":"<section class=\"wpb-content-wrapper\"><p>[vc_row full_width=&#8220;stretch_row&#8220; css=&#8220;.vc_custom_1669372788642{background-color: #fbe223 !important;}&#8220;][vc_column]<div class=\"page-heading\" style=background-image:url(https:\/\/mycar4you.com\/wp-content\/uploads\/2022\/11\/Rent2Buy-Header-1702px-x-630px-1-scaled.jpg)><div class=\"page-title\"><h2><\/h2><\/div><\/div>[\/vc_column][\/vc_row][vc_row][vc_column][vc_empty_space height=&#8220;62px&#8220;][\/vc_column][\/vc_row][vc_row][vc_column][vc_custom_heading text=&#8220;WARUM SIE UNSERE DIENSTLEISTUNGEN NUTZEN SOLLTEN&#8220; font_container=&#8220;tag:h2|font_size:35px|text_align:left|line_height:45px&#8220; use_theme_fonts=&#8220;yes&#8220;][\/vc_column][\/vc_row][vc_row css=&#8220;.vc_custom_1673944878462{margin-top: 50px !important;margin-bottom: 50px !important;}&#8220;][vc_column width=&#8220;1\/3&#8243; el_class=&#8220;col col-01&#8243;][vc_single_image image=&#8220;2511&#8243; img_size=&#8220;&#8220; alignment=&#8220;center&#8220;][vc_custom_heading text=&#8220;W\u00c4HLEN SIE ES&#8220; font_container=&#8220;tag:h4|font_size:25px|text_align:center|line_height:35px&#8220; use_theme_fonts=&#8220;yes&#8220;][vc_column_text css=&#8220;.vc_custom_1738015951589{background-color: rgba(0,0,0,0.01) !important;*background-color: rgb(0,0,0) !important;}&#8220;]<\/p>\n<p style=\"text-align: center;\">Gehen Sie einfach zu unserer Gebrauchtwagensuche online und W\u00c4HLEN Sie jederzeit bequem von zu Hause aus aus unserer Fahrzeugpalette aus. Alle unsere Fahrzeuge werden gem\u00e4\u00df den Richtlinien des Herstellers gewartet, und die Kilometerst\u00e4nde sind zertifiziert.<\/p>\n<p>[\/vc_column_text][\/vc_column][vc_column width=&#8220;1\/3&#8243; el_class=&#8220;col col-02&#8243;][vc_single_image image=&#8220;2512&#8243; img_size=&#8220;&#8220; alignment=&#8220;center&#8220;][vc_custom_heading text=&#8220;PROBIEREN SIE ES AUS&#8220; font_container=&#8220;tag:h4|font_size:25px|text_align:center|line_height:35px&#8220; use_theme_fonts=&#8220;yes&#8220;][vc_column_text css=&#8220;.vc_custom_1738015995665{background-color: rgba(0,0,0,0.01) !important;*background-color: rgb(0,0,0) !important;}&#8220;]<\/p>\n<p style=\"text-align: center;\">Holen Sie die Schl\u00fcssel bei uns ab, genau wie bei einem normalen Mietwagen. Nehmen Sie das Auto dann f\u00fcr eine erweiterte Probefahrt mit \u2013 bis zu 5 Tage. Das gibt Ihnen die Zeit, das Auto auszuprobieren und eine stressfreie Entscheidung zu treffen. Und f\u00fcr echte Sicherheit k\u00f6nnen Sie es zusammen mit einem unserer Vertreter zu Ihrem vertrauensw\u00fcrdigen Mechaniker bringen, um alles \u00fcberpr\u00fcfen zu lassen.<\/p>\n<p>[\/vc_column_text][\/vc_column][vc_column width=&#8220;1\/3&#8243; el_class=&#8220;col col-03&#8243;][vc_single_image image=&#8220;2513&#8243; img_size=&#8220;&#8220; alignment=&#8220;center&#8220;][vc_custom_heading text=&#8220;KAUFEN SIE ES&#8220; font_container=&#8220;tag:h4|font_size:25px|text_align:center|line_height:35px&#8220; use_theme_fonts=&#8220;yes&#8220;][vc_column_text css=&#8220;.vc_custom_1738016062447{background-color: rgba(0,0,0,0.01) !important;*background-color: rgb(0,0,0) !important;}&#8220;]<\/p>\n<p style=\"text-align: center;\">Sobald Sie sich entschieden haben, das Fahrzeug zu KAUFEN, rufen Sie uns einfach an und wir k\u00fcmmern uns um die Formalit\u00e4ten. Es ist nicht erforderlich, es zur\u00fcckzugeben, und die Mietgeb\u00fchren entfallen. Wenn Sie sich entscheiden, nicht zu kaufen, geben Sie das Auto einfach bei MCY zur\u00fcck und zahlen Sie die anfallenden Mietgeb\u00fchren.<\/p>\n<p>[\/vc_column_text][\/vc_column][\/vc_row][vc_row css=&#8220;.vc_custom_1673946087520{margin-bottom: 50px !important;}&#8220;][vc_column width=&#8220;1\/2&#8243;][vc_single_image image=&#8220;2515&#8243; img_size=&#8220;full&#8220;][\/vc_column][vc_column width=&#8220;1\/2&#8243; el_class=&#8220;search-bottom&#8220;]<div class=\"search-car\"><div class=\"section-filter\"><div class=\"b-filter__inner bg-grey\"><h2>Find your right car<\/h2><div class=\"wpcm-vehicle-listings\"><div class=\"wpcm-vehicle-filters\"><form class=\"b-filter\" action=\"https:\/\/mycar4you.com\/de\/\" method=\"get\"><div class=\"btn-group\" style=\"width: 100%;\"><div class=\"wpcm-filter wpcm-filter-make\">\n\t<select name=\"make\" data-placeholder=\"Select Make\">\n\t\t\t\t\t<option value=\"0\">W\u00e4hle die Fahrzeugmarke<\/option>\n\t\t\t\t\t<option value=\"31\">Acura<\/option>\n\t\t\t\t\t<option value=\"35\">Audi<\/option>\n\t\t\t\t\t<option value=\"38\">BMW<\/option>\n\t\t\t\t\t<option value=\"42\">Chevrolet<\/option>\n\t\t\t\t\t<option value=\"243\">Ford<\/option>\n\t\t\t\t\t<option value=\"55\">Hyundai<\/option>\n\t\t\t\t\t<option value=\"65\">Kia<\/option>\n\t\t\t\t\t<option value=\"69\">Mazda<\/option>\n\t\t\t\t\t<option value=\"76\">Mercedes-Benz<\/option>\n\t\t\t\t\t<option value=\"80\">Nissan<\/option>\n\t\t\t\t\t<option value=\"90\">Peugeot<\/option>\n\t\t\t\t\t<option value=\"152\">Toyota<\/option>\n\t\t\t\t\t<option value=\"158\">Volkwagen<\/option>\n\t\t\t<\/select>\n<\/div><\/div><div class=\"btn-group\" style=\"width: 100%;\"><div class=\"wpcm-filter wpcm-filter-model\">\n\t<select name=\"model\" data-placeholder=\"Select Model\" disabled=\"disabled\">\n\t\t<option value=\"0\">Select Make First<\/option>\n\t<\/select>\n<\/div><\/div><div class=\"btn-group\" style=\"width: 100%;\"><div class=\"wpcm-filter wpcm-filter-price\">\n\t<select name=\"price_to\" data-placeholder=\"All\">\n\t\t<option value=\"0\">Select Max Price<\/option>\n\t\t\t\t\t<option value=\"500\">&euro;&nbsp;500<\/option>\n\t\t\t\t\t<option value=\"1000\">&euro;&nbsp;1,000<\/option>\n\t\t\t\t\t<option value=\"2000\">&euro;&nbsp;2,000<\/option>\n\t\t\t\t\t<option value=\"3000\">&euro;&nbsp;3,000<\/option>\n\t\t\t\t\t<option value=\"4000\">&euro;&nbsp;4,000<\/option>\n\t\t\t\t\t<option value=\"5000\">&euro;&nbsp;5,000<\/option>\n\t\t\t\t\t<option value=\"6000\">&euro;&nbsp;6,000<\/option>\n\t\t\t\t\t<option value=\"7000\">&euro;&nbsp;7,000<\/option>\n\t\t\t\t\t<option value=\"8000\">&euro;&nbsp;8,000<\/option>\n\t\t\t\t\t<option value=\"9000\">&euro;&nbsp;9,000<\/option>\n\t\t\t\t\t<option value=\"10000\">&euro;&nbsp;10,000<\/option>\n\t\t\t\t\t<option value=\"12500\">&euro;&nbsp;12,500<\/option>\n\t\t\t\t\t<option value=\"15000\">&euro;&nbsp;15,000<\/option>\n\t\t\t\t\t<option value=\"17500\">&euro;&nbsp;17,500<\/option>\n\t\t\t\t\t<option value=\"20000\">&euro;&nbsp;20,000<\/option>\n\t\t\t\t\t<option value=\"25000\">&euro;&nbsp;25,000<\/option>\n\t\t\t\t\t<option value=\"30000\">&euro;&nbsp;30,000<\/option>\n\t\t\t\t\t<option value=\"40000\">&euro;&nbsp;40,000<\/option>\n\t\t\t\t\t<option value=\"50000\">&euro;&nbsp;50,000<\/option>\n\t\t\t\t\t<option value=\"75000\">&euro;&nbsp;75,000<\/option>\n\t\t\t\t\t<option value=\"100000\">&euro;&nbsp;100,000<\/option>\n\t\t\t<\/select>\n<\/div><\/div><div class=\"btn-group\" style=\"width: 100%;\"><div class=\"wpcm-filter wpcm-filter-frdate\">\n\t<select name=\"frdate_from\" data-placeholder=\"All\">\n\t\t<option value=\"0\">Select Min Year<\/option>\n\t\t\t\t\t\t\t\t<option value=\"2026\">2026<\/option>\n\t\t\t\t\t\t\t\t<option value=\"2025\">2025<\/option>\n\t\t\t\t\t\t\t\t<option value=\"2024\">2024<\/option>\n\t\t\t\t\t\t\t\t<option value=\"2023\">2023<\/option>\n\t\t\t\t\t\t\t\t<option value=\"2022\">2022<\/option>\n\t\t\t\t\t\t\t\t<option value=\"2021\">2021<\/option>\n\t\t\t\t\t\t\t\t<option value=\"2020\">2020<\/option>\n\t\t\t\t\t\t\t\t<option value=\"2019\">2019<\/option>\n\t\t\t\t\t\t\t\t<option value=\"2018\">2018<\/option>\n\t\t\t\t\t\t\t\t<option value=\"2017\">2017<\/option>\n\t\t\t\t\t\t\t\t<option value=\"2016\">2016<\/option>\n\t\t\t\t\t\t\t\t<option value=\"2015\">2015<\/option>\n\t\t\t\t\t\t\t\t<option value=\"2014\">2014<\/option>\n\t\t\t\t\t\t\t\t<option value=\"2013\">2013<\/option>\n\t\t\t\t\t\t\t\t<option value=\"2012\">2012<\/option>\n\t\t\t\t\t\t\t\t<option value=\"2011\">2011<\/option>\n\t\t\t\t\t\t\t\t<option value=\"2010\">2010<\/option>\n\t\t\t\t\t\t\t\t<option value=\"2009\">2009<\/option>\n\t\t\t\t\t\t\t\t<option value=\"2008\">2008<\/option>\n\t\t\t\t\t\t\t\t<option value=\"2007\">2007<\/option>\n\t\t\t\t\t\t\t\t<option value=\"2006\">2006<\/option>\n\t\t\t\t\t\t\t\t<option value=\"2005\">2005<\/option>\n\t\t\t\t\t\t\t\t<option value=\"2004\">2004<\/option>\n\t\t\t\t\t\t\t\t<option value=\"2003\">2003<\/option>\n\t\t\t\t\t\t\t\t<option value=\"2002\">2002<\/option>\n\t\t\t\t\t\t\t\t<option value=\"2001\">2001<\/option>\n\t\t\t\t\t\t\t\t<option value=\"2000\">2000<\/option>\n\t\t\t\t\t\t\t\t<option value=\"1999\">1999<\/option>\n\t\t\t\t\t\t\t\t<option value=\"1998\">1998<\/option>\n\t\t\t\t\t\t\t\t<option value=\"1997\">1997<\/option>\n\t\t\t\t\t\t\t\t<option value=\"1996\">1996<\/option>\n\t\t\t\t\t\t\t\t<option value=\"1995\">1995<\/option>\n\t\t\t\t\t\t\t\t<option value=\"1994\">1994<\/option>\n\t\t\t\t\t\t\t\t<option value=\"1993\">1993<\/option>\n\t\t\t\t\t\t\t\t<option value=\"1992\">1992<\/option>\n\t\t\t\t\t\t\t\t<option value=\"1991\">1991<\/option>\n\t\t\t\t\t\t\t\t<option value=\"1990\">1990<\/option>\n\t\t\t\t\t\t\t\t<option value=\"1989\">1989<\/option>\n\t\t\t\t\t\t\t\t<option value=\"1988\">1988<\/option>\n\t\t\t\t\t\t\t\t<option value=\"1987\">1987<\/option>\n\t\t\t\t\t\t\t\t<option value=\"1986\">1986<\/option>\n\t\t\t\t\t\t\t\t<option value=\"1985\">1985<\/option>\n\t\t\t\t\t\t\t\t<option value=\"1984\">1984<\/option>\n\t\t\t\t\t\t\t\t<option value=\"1983\">1983<\/option>\n\t\t\t\t\t\t\t\t<option value=\"1982\">1982<\/option>\n\t\t\t\t\t\t\t\t<option value=\"1981\">1981<\/option>\n\t\t\t\t\t\t\t\t<option value=\"1980\">1980<\/option>\n\t\t\t\t\t\t\t\t<option value=\"1979\">1979<\/option>\n\t\t\t\t\t\t\t\t<option value=\"1978\">1978<\/option>\n\t\t\t\t\t\t\t\t<option value=\"1977\">1977<\/option>\n\t\t\t\t\t\t\t\t<option value=\"1976\">1976<\/option>\n\t\t\t\t\t\t\t\t<option value=\"1975\">1975<\/option>\n\t\t\t\t\t\t\t\t<option value=\"1974\">1974<\/option>\n\t\t\t\t\t\t\t\t<option value=\"1973\">1973<\/option>\n\t\t\t\t\t\t\t\t<option value=\"1972\">1972<\/option>\n\t\t\t\t\t\t\t\t<option value=\"1971\">1971<\/option>\n\t\t\t\t\t\t\t\t<option value=\"1970\">1970<\/option>\n\t\t\t\t\t\t\t\t\t\t\t\t\t\t\t\t\t\t\t\t<option value=\"1965\">1965<\/option>\n\t\t\t\t\t\t\t\t\t\t\t\t\t\t\t\t\t\t\t\t<option value=\"1960\">1960<\/option>\n\t\t\t\t\t\t\t\t\t\t\t\t\t\t\t\t\t\t\t\t<option value=\"1955\">1955<\/option>\n\t\t\t\t\t\t\t\t\t\t\t\t\t\t\t\t\t\t\t\t<option value=\"1950\">1950<\/option>\n\t\t\t\t\t\t\t\t\t\t\t\t\t\t\t\t\t\t\t\t<option value=\"1945\">1945<\/option>\n\t\t\t\t\t\t\t\t\t\t\t\t\t\t\t\t\t\t\t\t<option value=\"1940\">1940<\/option>\n\t\t\t\t\t\t\t\t\t\t\t\t\t\t\t\t\t\t\t\t<option value=\"1935\">1935<\/option>\n\t\t\t\t\t\t\t\t\t\t\t\t\t\t\t\t\t\t\t\t<option value=\"1930\">1930<\/option>\n\t\t\t\t\t\t\t\t\t\t\t\t\t\t\t\t\t\t\t\t<option value=\"1925\">1925<\/option>\n\t\t\t\t\t\t\t\t\t\t\t\t\t\t\t\t\t\t\t\t<option value=\"1920\">1920<\/option>\n\t\t\t\t\t\t\t\t\t\t\t\t\t\t\t\t\t\t\t\t<option value=\"1915\">1915<\/option>\n\t\t\t\t\t\t\t\t\t\t\t\t\t\t\t\t\t\t\t\t<option value=\"1910\">1910<\/option>\n\t\t\t\t\t\t\t\t\t\t\t\t\t\t\t\t\t\t\t\t<option value=\"1905\">1905<\/option>\n\t\t\t\t\t\t\t\t\t\t\t\t\t\t\t\t\t\t\t\t<option value=\"1900\">1900<\/option>\n\t\t\t<\/select>\n<\/div><\/div><div class=\"btn-group\" style=\"width: 100%;\"><div class=\"wpcm-filter wpcm-filter-mileage\">\n\t<select name=\"mileage_to\" data-placeholder=\"All\">\n\t\t<option value=\"0\">Select Max Mileage<\/option>\n\t\t\t\t\t<option value=\"2500\">2,500 KM<\/option>\n\t\t\t\t\t<option value=\"5000\">5,000 KM<\/option>\n\t\t\t\t\t<option value=\"7500\">7,500 KM<\/option>\n\t\t\t\t\t<option value=\"10000\">10,000 KM<\/option>\n\t\t\t\t\t<option value=\"25000\">25,000 KM<\/option>\n\t\t\t\t\t<option value=\"50000\">50,000 KM<\/option>\n\t\t\t\t\t<option value=\"100000\">100,000 KM<\/option>\n\t\t\t\t\t<option value=\"150000\">150,000 KM<\/option>\n\t\t\t\t\t<option value=\"200000\">200,000 KM<\/option>\n\t\t\t<\/select>\n<\/div><\/div><div><input type=\"hidden\" class=\"product_post_type_search\" name=\"post_type\" value=\"wpcm_vehicle\" \/><input type=\"hidden\" class=\"car_search\" name=\"s\" value=\"\" \/><div class=\"b-filter__btns\"><button type=\"submit\" class=\"btn btn-lg btn-primary\">Suche<\/button><\/div><\/div><\/form><\/div><\/div><\/div><\/div><\/div>[\/vc_column][\/vc_row]<\/p>\n<\/section>","protected":false},"excerpt":{"rendered":"<p>[vc_row full_width=&#8220;stretch_row&#8220; css=&#8220;.vc_custom_1669372788642{background-color: #fbe223 !important;}&#8220;][vc_column][\/vc_column][\/vc_row][vc_row][vc_column][vc_empty_space height=&#8220;62px&#8220;][\/vc_column][\/vc_row][vc_row][vc_column][vc_custom_heading text=&#8220;WARUM SIE UNSERE DIENSTLEISTUNGEN NUTZEN SOLLTEN&#8220; font_container=&#8220;tag:h2|font_size:35px|text_align:left|line_height:45px&#8220; use_theme_fonts=&#8220;yes&#8220;][\/vc_column][\/vc_row][vc_row css=&#8220;.vc_custom_1673944878462{margin-top: 50px !important;margin-bottom: 50px !important;}&#8220;][vc_column width=&#8220;1\/3&#8243; el_class=&#8220;col col-01&#8243;][vc_single_image image=&#8220;2511&#8243; img_size=&#8220;&#8220; alignment=&#8220;center&#8220;][vc_custom_heading text=&#8220;W\u00c4HLEN SIE ES&#8220; font_container=&#8220;tag:h4|font_size:25px|text_align:center|line_height:35px&#8220; use_theme_fonts=&#8220;yes&#8220;][vc_column_text css=&#8220;.vc_custom_1738015951589{background-color: rgba(0,0,0,0.01) !important;*background-color: rgb(0,0,0) !important;}&#8220;] Gehen Sie einfach zu unserer Gebrauchtwagensuche online und W\u00c4HLEN Sie jederzeit bequem von zu Hause aus aus unserer Fahrzeugpalette aus.<\/p>\n<div class=\"klb-readmore\"><a href=\"https:\/\/mycar4you.com\/de\/rent2buy\/\" class=\"btn\">READ MORE<\/a><\/div>\n","protected":false},"author":1,"featured_media":0,"parent":0,"menu_order":0,"comment_status":"closed","ping_status":"closed","template":"","meta":{"footnotes":""},"class_list":["post-3795","page","type-page","status-publish","hentry","blog_entry clearfix"],"yoast_head":"<!-- This site is optimized with the Yoast SEO plugin v27.4 - https:\/\/yoast.com\/product\/yoast-seo-wordpress\/ -->\n<title>Mieten mit Kaufoption - Mycar4you.<\/title>\n<meta name=\"robots\" content=\"index, follow, max-snippet:-1, max-image-preview:large, max-video-preview:-1\" \/>\n<link rel=\"canonical\" href=\"https:\/\/mycar4you.com\/de\/rent2buy\/\" \/>\n<meta property=\"og:locale\" content=\"de_DE\" \/>\n<meta property=\"og:type\" content=\"article\" \/>\n<meta property=\"og:title\" content=\"Mieten mit Kaufoption - Mycar4you.\" \/>\n<meta property=\"og:description\" content=\"[vc_row full_width=&#8220;stretch_row&#8220; css=&#8220;.vc_custom_1669372788642{background-color: #fbe223 !important;}&#8220;][vc_column][\/vc_column][\/vc_row][vc_row][vc_column][vc_empty_space height=&#8220;62px&#8220;][\/vc_column][\/vc_row][vc_row][vc_column][vc_custom_heading text=&#8220;WARUM SIE UNSERE DIENSTLEISTUNGEN NUTZEN SOLLTEN&#8220; font_container=&#8220;tag:h2|font_size:35px|text_align:left|line_height:45px&#8220; use_theme_fonts=&#8220;yes&#8220;][\/vc_column][\/vc_row][vc_row css=&#8220;.vc_custom_1673944878462{margin-top: 50px !important;margin-bottom: 50px !important;}&#8220;][vc_column width=&#8220;1\/3&#8243; el_class=&#8220;col col-01&#8243;][vc_single_image image=&#8220;2511&#8243; img_size=&#8220;&#8220; alignment=&#8220;center&#8220;][vc_custom_heading text=&#8220;W\u00c4HLEN SIE ES&#8220; font_container=&#8220;tag:h4|font_size:25px|text_align:center|line_height:35px&#8220; use_theme_fonts=&#8220;yes&#8220;][vc_column_text css=&#8220;.vc_custom_1738015951589{background-color: rgba(0,0,0,0.01) !important;*background-color: rgb(0,0,0) !important;}&#8220;] Gehen Sie einfach zu unserer Gebrauchtwagensuche online und W\u00c4HLEN Sie jederzeit bequem von zu Hause aus aus unserer Fahrzeugpalette aus.READ MORE\" \/>\n<meta property=\"og:url\" content=\"https:\/\/mycar4you.com\/de\/rent2buy\/\" \/>\n<meta property=\"og:site_name\" content=\"Mycar4you.\" \/>\n<meta property=\"article:publisher\" content=\"https:\/\/www.facebook.com\/mycar4you.al\" \/>\n<meta property=\"article:modified_time\" content=\"2025-01-28T21:30:09+00:00\" \/>\n<meta name=\"twitter:card\" content=\"summary_large_image\" \/>\n<meta name=\"twitter:label1\" content=\"Gesch\u00e4tzte Lesezeit\" \/>\n\t<meta name=\"twitter:data1\" content=\"2\u00a0Minuten\" \/>\n<script type=\"application\/ld+json\" class=\"yoast-schema-graph\">{\"@context\":\"https:\\\/\\\/schema.org\",\"@graph\":[{\"@type\":\"WebPage\",\"@id\":\"https:\\\/\\\/mycar4you.com\\\/de\\\/rent2buy\\\/\",\"url\":\"https:\\\/\\\/mycar4you.com\\\/de\\\/rent2buy\\\/\",\"name\":\"Mieten mit Kaufoption - Mycar4you.\",\"isPartOf\":{\"@id\":\"https:\\\/\\\/mycar4you.com\\\/#website\"},\"datePublished\":\"2022-11-25T09:19:34+00:00\",\"dateModified\":\"2025-01-28T21:30:09+00:00\",\"breadcrumb\":{\"@id\":\"https:\\\/\\\/mycar4you.com\\\/de\\\/rent2buy\\\/#breadcrumb\"},\"inLanguage\":\"de\",\"potentialAction\":[{\"@type\":\"ReadAction\",\"target\":[\"https:\\\/\\\/mycar4you.com\\\/de\\\/rent2buy\\\/\"]}]},{\"@type\":\"BreadcrumbList\",\"@id\":\"https:\\\/\\\/mycar4you.com\\\/de\\\/rent2buy\\\/#breadcrumb\",\"itemListElement\":[{\"@type\":\"ListItem\",\"position\":1,\"name\":\"Home\",\"item\":\"https:\\\/\\\/mycar4you.com\\\/de\\\/\"},{\"@type\":\"ListItem\",\"position\":2,\"name\":\"Mieten mit Kaufoption\"}]},{\"@type\":\"WebSite\",\"@id\":\"https:\\\/\\\/mycar4you.com\\\/#website\",\"url\":\"https:\\\/\\\/mycar4you.com\\\/\",\"name\":\"Mycar4you.\",\"description\":\"It&#039;s all about You..\",\"publisher\":{\"@id\":\"https:\\\/\\\/mycar4you.com\\\/#organization\"},\"potentialAction\":[{\"@type\":\"SearchAction\",\"target\":{\"@type\":\"EntryPoint\",\"urlTemplate\":\"https:\\\/\\\/mycar4you.com\\\/?s={search_term_string}\"},\"query-input\":{\"@type\":\"PropertyValueSpecification\",\"valueRequired\":true,\"valueName\":\"search_term_string\"}}],\"inLanguage\":\"de\"},{\"@type\":\"Organization\",\"@id\":\"https:\\\/\\\/mycar4you.com\\\/#organization\",\"name\":\"Mycar4you.\",\"url\":\"https:\\\/\\\/mycar4you.com\\\/\",\"logo\":{\"@type\":\"ImageObject\",\"inLanguage\":\"de\",\"@id\":\"https:\\\/\\\/mycar4you.com\\\/#\\\/schema\\\/logo\\\/image\\\/\",\"url\":\"https:\\\/\\\/mycar4you.com\\\/wp-content\\\/uploads\\\/2023\\\/12\\\/Logo-Mark-Registration-scaled.jpg\",\"contentUrl\":\"https:\\\/\\\/mycar4you.com\\\/wp-content\\\/uploads\\\/2023\\\/12\\\/Logo-Mark-Registration-scaled.jpg\",\"width\":2560,\"height\":2560,\"caption\":\"Mycar4you.\"},\"image\":{\"@id\":\"https:\\\/\\\/mycar4you.com\\\/#\\\/schema\\\/logo\\\/image\\\/\"},\"sameAs\":[\"https:\\\/\\\/www.facebook.com\\\/mycar4you.al\",\"https:\\\/\\\/www.instagram.com\\\/mycar4you_com\\\/\",\"https:\\\/\\\/www.linkedin.com\\\/company\\\/mycar4you\\\/\",\"https:\\\/\\\/www.youtube.com\\\/@MYCAR4YOU.\"]}]}<\/script>\n<!-- \/ Yoast SEO plugin. -->","yoast_head_json":{"title":"Mieten mit Kaufoption - Mycar4you.","robots":{"index":"index","follow":"follow","max-snippet":"max-snippet:-1","max-image-preview":"max-image-preview:large","max-video-preview":"max-video-preview:-1"},"canonical":"https:\/\/mycar4you.com\/de\/rent2buy\/","og_locale":"de_DE","og_type":"article","og_title":"Mieten mit Kaufoption - Mycar4you.","og_description":"[vc_row full_width=&#8220;stretch_row&#8220; css=&#8220;.vc_custom_1669372788642{background-color: #fbe223 !important;}&#8220;][vc_column][\/vc_column][\/vc_row][vc_row][vc_column][vc_empty_space height=&#8220;62px&#8220;][\/vc_column][\/vc_row][vc_row][vc_column][vc_custom_heading text=&#8220;WARUM SIE UNSERE DIENSTLEISTUNGEN NUTZEN SOLLTEN&#8220; font_container=&#8220;tag:h2|font_size:35px|text_align:left|line_height:45px&#8220; use_theme_fonts=&#8220;yes&#8220;][\/vc_column][\/vc_row][vc_row css=&#8220;.vc_custom_1673944878462{margin-top: 50px !important;margin-bottom: 50px !important;}&#8220;][vc_column width=&#8220;1\/3&#8243; el_class=&#8220;col col-01&#8243;][vc_single_image image=&#8220;2511&#8243; img_size=&#8220;&#8220; alignment=&#8220;center&#8220;][vc_custom_heading text=&#8220;W\u00c4HLEN SIE ES&#8220; font_container=&#8220;tag:h4|font_size:25px|text_align:center|line_height:35px&#8220; use_theme_fonts=&#8220;yes&#8220;][vc_column_text css=&#8220;.vc_custom_1738015951589{background-color: rgba(0,0,0,0.01) !important;*background-color: rgb(0,0,0) !important;}&#8220;] Gehen Sie einfach zu unserer Gebrauchtwagensuche online und W\u00c4HLEN Sie jederzeit bequem von zu Hause aus aus unserer Fahrzeugpalette aus.READ MORE","og_url":"https:\/\/mycar4you.com\/de\/rent2buy\/","og_site_name":"Mycar4you.","article_publisher":"https:\/\/www.facebook.com\/mycar4you.al","article_modified_time":"2025-01-28T21:30:09+00:00","twitter_card":"summary_large_image","twitter_misc":{"Gesch\u00e4tzte Lesezeit":"2\u00a0Minuten"},"schema":{"@context":"https:\/\/schema.org","@graph":[{"@type":"WebPage","@id":"https:\/\/mycar4you.com\/de\/rent2buy\/","url":"https:\/\/mycar4you.com\/de\/rent2buy\/","name":"Mieten mit Kaufoption - Mycar4you.","isPartOf":{"@id":"https:\/\/mycar4you.com\/#website"},"datePublished":"2022-11-25T09:19:34+00:00","dateModified":"2025-01-28T21:30:09+00:00","breadcrumb":{"@id":"https:\/\/mycar4you.com\/de\/rent2buy\/#breadcrumb"},"inLanguage":"de","potentialAction":[{"@type":"ReadAction","target":["https:\/\/mycar4you.com\/de\/rent2buy\/"]}]},{"@type":"BreadcrumbList","@id":"https:\/\/mycar4you.com\/de\/rent2buy\/#breadcrumb","itemListElement":[{"@type":"ListItem","position":1,"name":"Home","item":"https:\/\/mycar4you.com\/de\/"},{"@type":"ListItem","position":2,"name":"Mieten mit Kaufoption"}]},{"@type":"WebSite","@id":"https:\/\/mycar4you.com\/#website","url":"https:\/\/mycar4you.com\/","name":"Mycar4you.","description":"It&#039;s all about You..","publisher":{"@id":"https:\/\/mycar4you.com\/#organization"},"potentialAction":[{"@type":"SearchAction","target":{"@type":"EntryPoint","urlTemplate":"https:\/\/mycar4you.com\/?s={search_term_string}"},"query-input":{"@type":"PropertyValueSpecification","valueRequired":true,"valueName":"search_term_string"}}],"inLanguage":"de"},{"@type":"Organization","@id":"https:\/\/mycar4you.com\/#organization","name":"Mycar4you.","url":"https:\/\/mycar4you.com\/","logo":{"@type":"ImageObject","inLanguage":"de","@id":"https:\/\/mycar4you.com\/#\/schema\/logo\/image\/","url":"https:\/\/mycar4you.com\/wp-content\/uploads\/2023\/12\/Logo-Mark-Registration-scaled.jpg","contentUrl":"https:\/\/mycar4you.com\/wp-content\/uploads\/2023\/12\/Logo-Mark-Registration-scaled.jpg","width":2560,"height":2560,"caption":"Mycar4you."},"image":{"@id":"https:\/\/mycar4you.com\/#\/schema\/logo\/image\/"},"sameAs":["https:\/\/www.facebook.com\/mycar4you.al","https:\/\/www.instagram.com\/mycar4you_com\/","https:\/\/www.linkedin.com\/company\/mycar4you\/","https:\/\/www.youtube.com\/@MYCAR4YOU."]}]}},"_links":{"self":[{"href":"https:\/\/mycar4you.com\/de\/wp-json\/wp\/v2\/pages\/3795","targetHints":{"allow":["GET"]}}],"collection":[{"href":"https:\/\/mycar4you.com\/de\/wp-json\/wp\/v2\/pages"}],"about":[{"href":"https:\/\/mycar4you.com\/de\/wp-json\/wp\/v2\/types\/page"}],"author":[{"embeddable":true,"href":"https:\/\/mycar4you.com\/de\/wp-json\/wp\/v2\/users\/1"}],"replies":[{"embeddable":true,"href":"https:\/\/mycar4you.com\/de\/wp-json\/wp\/v2\/comments?post=3795"}],"version-history":[{"count":3,"href":"https:\/\/mycar4you.com\/de\/wp-json\/wp\/v2\/pages\/3795\/revisions"}],"predecessor-version":[{"id":3825,"href":"https:\/\/mycar4you.com\/de\/wp-json\/wp\/v2\/pages\/3795\/revisions\/3825"}],"wp:attachment":[{"href":"https:\/\/mycar4you.com\/de\/wp-json\/wp\/v2\/media?parent=3795"}],"curies":[{"name":"wp","href":"https:\/\/api.w.org\/{rel}","templated":true}]}}