{"id":3791,"date":"2022-11-25T11:12:24","date_gmt":"2022-11-25T10:12:24","guid":{"rendered":"https:\/\/mycar4you.com\/qafshtama-park\/"},"modified":"2025-01-27T23:10:48","modified_gmt":"2025-01-27T22:10:48","slug":"qafshtama-park","status":"publish","type":"page","link":"https:\/\/mycar4you.com\/de\/qafshtama-park\/","title":{"rendered":"Qafshtama Park"},"content":{"rendered":"\t\t<div data-elementor-type=\"wp-page\" data-elementor-id=\"3791\" class=\"elementor elementor-3791 elementor-1956\">\n\t\t\t\t\t\t<section class=\"elementor-section elementor-top-section elementor-element elementor-element-084dbaf elementor-section-boxed elementor-section-height-default elementor-section-height-default\" data-id=\"084dbaf\" data-element_type=\"section\" data-e-type=\"section\">\n\t\t\t\t\t\t<div class=\"elementor-container elementor-column-gap-default\">\n\t\t\t\t\t<div class=\"elementor-column elementor-col-100 elementor-top-column elementor-element elementor-element-9f8a1cf\" data-id=\"9f8a1cf\" data-element_type=\"column\" data-e-type=\"column\">\n\t\t\t<div class=\"elementor-widget-wrap elementor-element-populated\">\n\t\t\t\t\t\t<div class=\"elementor-element elementor-element-92f75a0 elementor-widget elementor-widget-heading\" data-id=\"92f75a0\" data-element_type=\"widget\" data-e-type=\"widget\" data-widget_type=\"heading.default\">\n\t\t\t\t<div class=\"elementor-widget-container\">\n\t\t\t\t\t<h2 class=\"elementor-heading-title elementor-size-default\">Qafshtama National Park<\/h2>\t\t\t\t<\/div>\n\t\t\t\t<\/div>\n\t\t\t\t<div class=\"elementor-element elementor-element-5de4eaa elementor-widget elementor-widget-image-gallery\" data-id=\"5de4eaa\" data-element_type=\"widget\" data-e-type=\"widget\" data-widget_type=\"image-gallery.default\">\n\t\t\t\t<div class=\"elementor-widget-container\">\n\t\t\t\t\t\t\t<div class=\"elementor-image-gallery\">\n\t\t\t\n\t\t<style type=\"text\/css\">\n\t\t\t#gallery-1 {\n\t\t\t\tmargin: auto;\n\t\t\t}\n\t\t\t#gallery-1 .gallery-item {\n\t\t\t\tfloat: left;\n\t\t\t\tmargin-top: 10px;\n\t\t\t\ttext-align: center;\n\t\t\t\twidth: 33%;\n\t\t\t}\n\t\t\t#gallery-1 img {\n\t\t\t\tborder: 2px solid #cfcfcf;\n\t\t\t}\n\t\t\t#gallery-1 .gallery-caption {\n\t\t\t\tmargin-left: 0;\n\t\t\t}\n\t\t\t\/* see gallery_shortcode() in wp-includes\/media.php *\/\n\t\t<\/style>\n\t\t<div id='gallery-1' class='gallery galleryid-3791 gallery-columns-3 gallery-size-full'><dl class='gallery-item'>\n\t\t\t<dt class='gallery-icon landscape'>\n\t\t\t\t<a data-elementor-open-lightbox=\"yes\" data-elementor-lightbox-slideshow=\"5de4eaa\" data-elementor-lightbox-title=\"Qafshtama-2_n\" data-e-action-hash=\"#elementor-action%3Aaction%3Dlightbox%26settings%3DeyJpZCI6MzY0MSwidXJsIjoiaHR0cHM6XC9cL215Y2FyNHlvdS5jb21cL3dwLWNvbnRlbnRcL3VwbG9hZHNcLzIwMjNcLzAxXC9RYWZzaHRhbWEtMl9uLTEuanBnIiwic2xpZGVzaG93IjoiNWRlNGVhYSJ9\" href='https:\/\/mycar4you.com\/wp-content\/uploads\/2023\/01\/Qafshtama-2_n-1.jpg'><img fetchpriority=\"high\" decoding=\"async\" width=\"1440\" height=\"1440\" src=\"https:\/\/mycar4you.com\/wp-content\/uploads\/2023\/01\/Qafshtama-2_n-1.jpg\" class=\"attachment-full size-full\" alt=\"\" srcset=\"https:\/\/mycar4you.com\/wp-content\/uploads\/2023\/01\/Qafshtama-2_n-1.jpg 1440w, https:\/\/mycar4you.com\/wp-content\/uploads\/2023\/01\/Qafshtama-2_n-1-300x300.jpg 300w, https:\/\/mycar4you.com\/wp-content\/uploads\/2023\/01\/Qafshtama-2_n-1-1024x1024.jpg 1024w, https:\/\/mycar4you.com\/wp-content\/uploads\/2023\/01\/Qafshtama-2_n-1-150x150.jpg 150w, https:\/\/mycar4you.com\/wp-content\/uploads\/2023\/01\/Qafshtama-2_n-1-768x768.jpg 768w, https:\/\/mycar4you.com\/wp-content\/uploads\/2023\/01\/Qafshtama-2_n-1-450x450.jpg 450w, https:\/\/mycar4you.com\/wp-content\/uploads\/2023\/01\/Qafshtama-2_n-1-90x90.jpg 90w, https:\/\/mycar4you.com\/wp-content\/uploads\/2023\/01\/Qafshtama-2_n-1-600x600.jpg 600w, https:\/\/mycar4you.com\/wp-content\/uploads\/2023\/01\/Qafshtama-2_n-1-99x99.jpg 99w, https:\/\/mycar4you.com\/wp-content\/uploads\/2023\/01\/Qafshtama-2_n-1-100x100.jpg 100w\" sizes=\"(max-width: 1440px) 100vw, 1440px\" \/><\/a>\n\t\t\t<\/dt><\/dl><dl class='gallery-item'>\n\t\t\t<dt class='gallery-icon landscape'>\n\t\t\t\t<a data-elementor-open-lightbox=\"yes\" data-elementor-lightbox-slideshow=\"5de4eaa\" data-elementor-lightbox-title=\"Qafshtama-3-\" data-e-action-hash=\"#elementor-action%3Aaction%3Dlightbox%26settings%3DeyJpZCI6MzY0MiwidXJsIjoiaHR0cHM6XC9cL215Y2FyNHlvdS5jb21cL3dwLWNvbnRlbnRcL3VwbG9hZHNcLzIwMjNcLzAxXC9RYWZzaHRhbWEtMy0xLTEuanBnIiwic2xpZGVzaG93IjoiNWRlNGVhYSJ9\" href='https:\/\/mycar4you.com\/wp-content\/uploads\/2023\/01\/Qafshtama-3-1-1.jpg'><img decoding=\"async\" width=\"1440\" height=\"1440\" src=\"https:\/\/mycar4you.com\/wp-content\/uploads\/2023\/01\/Qafshtama-3-1-1.jpg\" class=\"attachment-full size-full\" alt=\"\" srcset=\"https:\/\/mycar4you.com\/wp-content\/uploads\/2023\/01\/Qafshtama-3-1-1.jpg 1440w, https:\/\/mycar4you.com\/wp-content\/uploads\/2023\/01\/Qafshtama-3-1-1-300x300.jpg 300w, https:\/\/mycar4you.com\/wp-content\/uploads\/2023\/01\/Qafshtama-3-1-1-1024x1024.jpg 1024w, https:\/\/mycar4you.com\/wp-content\/uploads\/2023\/01\/Qafshtama-3-1-1-150x150.jpg 150w, https:\/\/mycar4you.com\/wp-content\/uploads\/2023\/01\/Qafshtama-3-1-1-768x768.jpg 768w, https:\/\/mycar4you.com\/wp-content\/uploads\/2023\/01\/Qafshtama-3-1-1-450x450.jpg 450w, https:\/\/mycar4you.com\/wp-content\/uploads\/2023\/01\/Qafshtama-3-1-1-90x90.jpg 90w, https:\/\/mycar4you.com\/wp-content\/uploads\/2023\/01\/Qafshtama-3-1-1-600x600.jpg 600w, https:\/\/mycar4you.com\/wp-content\/uploads\/2023\/01\/Qafshtama-3-1-1-99x99.jpg 99w, https:\/\/mycar4you.com\/wp-content\/uploads\/2023\/01\/Qafshtama-3-1-1-100x100.jpg 100w\" sizes=\"(max-width: 1440px) 100vw, 1440px\" \/><\/a>\n\t\t\t<\/dt><\/dl><dl class='gallery-item'>\n\t\t\t<dt class='gallery-icon landscape'>\n\t\t\t\t<a data-elementor-open-lightbox=\"yes\" data-elementor-lightbox-slideshow=\"5de4eaa\" data-elementor-lightbox-title=\"Qafshtama-2_n\" data-e-action-hash=\"#elementor-action%3Aaction%3Dlightbox%26settings%3DeyJpZCI6MzY0NCwidXJsIjoiaHR0cHM6XC9cL215Y2FyNHlvdS5jb21cL3dwLWNvbnRlbnRcL3VwbG9hZHNcLzIwMjNcLzAxXC9RYWZzaHRhbWEtMl9uLTIuanBnIiwic2xpZGVzaG93IjoiNWRlNGVhYSJ9\" href='https:\/\/mycar4you.com\/wp-content\/uploads\/2023\/01\/Qafshtama-2_n-2.jpg'><img decoding=\"async\" width=\"1440\" height=\"1440\" src=\"https:\/\/mycar4you.com\/wp-content\/uploads\/2023\/01\/Qafshtama-2_n-2.jpg\" class=\"attachment-full size-full\" alt=\"\" srcset=\"https:\/\/mycar4you.com\/wp-content\/uploads\/2023\/01\/Qafshtama-2_n-2.jpg 1440w, https:\/\/mycar4you.com\/wp-content\/uploads\/2023\/01\/Qafshtama-2_n-2-300x300.jpg 300w, https:\/\/mycar4you.com\/wp-content\/uploads\/2023\/01\/Qafshtama-2_n-2-1024x1024.jpg 1024w, https:\/\/mycar4you.com\/wp-content\/uploads\/2023\/01\/Qafshtama-2_n-2-150x150.jpg 150w, https:\/\/mycar4you.com\/wp-content\/uploads\/2023\/01\/Qafshtama-2_n-2-768x768.jpg 768w, https:\/\/mycar4you.com\/wp-content\/uploads\/2023\/01\/Qafshtama-2_n-2-450x450.jpg 450w, https:\/\/mycar4you.com\/wp-content\/uploads\/2023\/01\/Qafshtama-2_n-2-90x90.jpg 90w, https:\/\/mycar4you.com\/wp-content\/uploads\/2023\/01\/Qafshtama-2_n-2-600x600.jpg 600w, https:\/\/mycar4you.com\/wp-content\/uploads\/2023\/01\/Qafshtama-2_n-2-99x99.jpg 99w, https:\/\/mycar4you.com\/wp-content\/uploads\/2023\/01\/Qafshtama-2_n-2-100x100.jpg 100w\" sizes=\"(max-width: 1440px) 100vw, 1440px\" \/><\/a>\n\t\t\t<\/dt><\/dl><br style=\"clear: both\" \/>\n\t\t<\/div>\n\t\t<\/div>\n\t\t\t\t\t\t<\/div>\n\t\t\t\t<\/div>\n\t\t\t\t\t<\/div>\n\t\t<\/div>\n\t\t\t\t\t<\/div>\n\t\t<\/section>\n\t\t\t\t<section class=\"elementor-section elementor-top-section elementor-element elementor-element-5c0d618 elementor-section-boxed elementor-section-height-default elementor-section-height-default\" data-id=\"5c0d618\" data-element_type=\"section\" data-e-type=\"section\">\n\t\t\t\t\t\t<div class=\"elementor-container elementor-column-gap-default\">\n\t\t\t\t\t<div class=\"elementor-column elementor-col-100 elementor-top-column elementor-element elementor-element-ad031c6\" data-id=\"ad031c6\" data-element_type=\"column\" data-e-type=\"column\">\n\t\t\t<div class=\"elementor-widget-wrap elementor-element-populated\">\n\t\t\t\t\t\t<div class=\"elementor-element elementor-element-298cc3b elementor-widget elementor-widget-heading\" data-id=\"298cc3b\" data-element_type=\"widget\" data-e-type=\"widget\" data-widget_type=\"heading.default\">\n\t\t\t\t<div class=\"elementor-widget-container\">\n\t\t\t\t\t<h2 class=\"elementor-heading-title elementor-size-default\">Aktivit\u00e4ten:<\/h2>\t\t\t\t<\/div>\n\t\t\t\t<\/div>\n\t\t\t\t<div class=\"elementor-element elementor-element-2f3d0d5 elementor-widget elementor-widget-text-editor\" data-id=\"2f3d0d5\" data-element_type=\"widget\" data-e-type=\"widget\" data-widget_type=\"text-editor.default\">\n\t\t\t\t<div class=\"elementor-widget-container\">\n\t\t\t\t\t\t\t\t\tQafe Shtame Nationalpark ist Teil des Netzwerks der gesch\u00fctzten Wildtierparks der Dinariden. Der Park, benannt nach dem Qaf\u00eb Shtam\u00eb-Pass, erstreckt sich \u00fcber eine Fl\u00e4che von 2000 Hektar und ist reich an Urw\u00e4ldern, zahlreichen Wasserquellen und einer gro\u00dfen Vielfalt an Pflanzen und Tieren. Qafe Shtame liegt 25 km nord\u00f6stlich von Kruja und bietet spektakul\u00e4re Ausblicke und hoch aufragende Gipfel eines der letzten Wildnisgebiete Europas.\t\t\t\t\t\t\t\t<\/div>\n\t\t\t\t<\/div>\n\t\t\t\t<div class=\"elementor-element elementor-element-bb49977 elementor-widget elementor-widget-heading\" data-id=\"bb49977\" data-element_type=\"widget\" data-e-type=\"widget\" data-widget_type=\"heading.default\">\n\t\t\t\t<div class=\"elementor-widget-container\">\n\t\t\t\t\t<h2 class=\"elementor-heading-title elementor-size-default\">Allgemeine Tourinformationen:<\/h2>\t\t\t\t<\/div>\n\t\t\t\t<\/div>\n\t\t\t\t<div class=\"elementor-element elementor-element-f83566d elementor-widget elementor-widget-heading\" data-id=\"f83566d\" data-element_type=\"widget\" data-e-type=\"widget\" data-widget_type=\"heading.default\">\n\t\t\t\t<div class=\"elementor-widget-container\">\n\t\t\t\t\t<h5 class=\"elementor-heading-title elementor-size-default\">Dauer: 5-6 Stunden<br>\nSchwierigkeitsgrad (1-5): 2<br>\nErforderliche Erfahrung: Keine vorherige <br>Wandererfahrung erforderlich.<br>\nVerf\u00fcgbarkeit der Tour: Ganzj\u00e4hrig\nGruppengr\u00f6\u00dfe: 2-3 Personen<\/h5>\t\t\t\t<\/div>\n\t\t\t\t<\/div>\n\t\t\t\t<div class=\"elementor-element elementor-element-b150588 elementor-widget elementor-widget-heading\" data-id=\"b150588\" data-element_type=\"widget\" data-e-type=\"widget\" data-widget_type=\"heading.default\">\n\t\t\t\t<div class=\"elementor-widget-container\">\n\t\t\t\t\t<h2 class=\"elementor-heading-title elementor-size-default\">Preis: 45\u20ac\/Person  <br>\nF\u00fcr Gruppen von mindestens 3 Personen<\/h2>\t\t\t\t<\/div>\n\t\t\t\t<\/div>\n\t\t\t\t<div class=\"elementor-element elementor-element-4aa7181 elementor-widget elementor-widget-heading\" data-id=\"4aa7181\" data-element_type=\"widget\" data-e-type=\"widget\" data-widget_type=\"heading.default\">\n\t\t\t\t<div class=\"elementor-widget-container\">\n\t\t\t\t\t<h2 class=\"elementor-heading-title elementor-size-default\">Im Preis inbegriffen:<\/h2>\t\t\t\t<\/div>\n\t\t\t\t<\/div>\n\t\t\t\t<div class=\"elementor-element elementor-element-82369e6 elementor-widget elementor-widget-heading\" data-id=\"82369e6\" data-element_type=\"widget\" data-e-type=\"widget\" data-widget_type=\"heading.default\">\n\t\t\t\t<div class=\"elementor-widget-container\">\n\t\t\t\t\t<h5 class=\"elementor-heading-title elementor-size-default\">Transport in einem modernen Kompaktwagen mit Klimaanlage<br>  \nProfessioneller Fahrer w\u00e4hrend der Tour<br>  \nTransportkosten<br>  \nWasserflasche (1,5L)<\/h5>\t\t\t\t<\/div>\n\t\t\t\t<\/div>\n\t\t\t\t\t<\/div>\n\t\t<\/div>\n\t\t\t\t\t<\/div>\n\t\t<\/section>\n\t\t\t\t<section class=\"elementor-section elementor-top-section elementor-element elementor-element-3d18d05 elementor-section-full_width elementor-section-height-default elementor-section-height-default\" data-id=\"3d18d05\" data-element_type=\"section\" data-e-type=\"section\">\n\t\t\t\t\t\t<div class=\"elementor-container elementor-column-gap-default\">\n\t\t\t\t\t<div class=\"elementor-column elementor-col-100 elementor-top-column elementor-element elementor-element-7c9ec3a\" data-id=\"7c9ec3a\" data-element_type=\"column\" data-e-type=\"column\">\n\t\t\t<div class=\"elementor-widget-wrap elementor-element-populated\">\n\t\t\t\t\t\t<div class=\"elementor-element elementor-element-fafee17 elementor-widget elementor-widget-heading\" data-id=\"fafee17\" data-element_type=\"widget\" data-e-type=\"widget\" data-widget_type=\"heading.default\">\n\t\t\t\t<div class=\"elementor-widget-container\">\n\t\t\t\t\t<h2 class=\"elementor-heading-title elementor-size-default\">Jetzt Reservieren<\/h2>\t\t\t\t<\/div>\n\t\t\t\t<\/div>\n\t\t\t\t<div class=\"elementor-element elementor-element-de8ddab elementor-widget elementor-widget-text-editor\" data-id=\"de8ddab\" data-element_type=\"widget\" data-e-type=\"widget\" data-widget_type=\"text-editor.default\">\n\t\t\t\t<div class=\"elementor-widget-container\">\n\t\t\t\t\t\t\t\t\t\n<div class=\"wpcf7 no-js\" id=\"wpcf7-f3752-o1\" lang=\"en-US\" dir=\"ltr\" data-wpcf7-id=\"3752\">\n<div class=\"screen-reader-response\"><p role=\"status\" aria-live=\"polite\" aria-atomic=\"true\"><\/p> <ul><\/ul><\/div>\n<form action=\"\/de\/wp-json\/wp\/v2\/pages\/3791#wpcf7-f3752-o1\" method=\"post\" class=\"wpcf7-form init\" aria-label=\"Contact form\" novalidate=\"novalidate\" data-status=\"init\">\n<fieldset class=\"hidden-fields-container\"><input type=\"hidden\" name=\"_wpcf7\" value=\"3752\" \/><input type=\"hidden\" name=\"_wpcf7_version\" value=\"6.1.5\" \/><input type=\"hidden\" name=\"_wpcf7_locale\" value=\"en_US\" \/><input type=\"hidden\" name=\"_wpcf7_unit_tag\" value=\"wpcf7-f3752-o1\" \/><input type=\"hidden\" name=\"_wpcf7_container_post\" value=\"0\" \/><input type=\"hidden\" name=\"_wpcf7_posted_data_hash\" value=\"\" \/><input type=\"hidden\" name=\"_wpcf7cf_hidden_group_fields\" value=\"[]\" \/><input type=\"hidden\" name=\"_wpcf7cf_hidden_groups\" value=\"[]\" \/><input type=\"hidden\" name=\"_wpcf7cf_visible_groups\" value=\"[]\" \/><input type=\"hidden\" name=\"_wpcf7cf_repeaters\" value=\"[]\" \/><input type=\"hidden\" name=\"_wpcf7cf_steps\" value=\"{}\" \/><input type=\"hidden\" name=\"_wpcf7cf_options\" value=\"{&quot;form_id&quot;:3752,&quot;conditions&quot;:[],&quot;settings&quot;:{&quot;animation&quot;:&quot;yes&quot;,&quot;animation_intime&quot;:200,&quot;animation_outtime&quot;:200,&quot;conditions_ui&quot;:&quot;normal&quot;,&quot;notice_dismissed&quot;:false,&quot;notice_dismissed_rollback-cf7-5.8.6&quot;:true}}\" \/><input type=\"hidden\" name=\"_wpcf7_recaptcha_response\" value=\"\" \/>\n<\/fieldset>\n<p><label> Ihr Name (pflichtfeld)<\/label><span class=\"wpcf7-form-control-wrap\" data-name=\"your-name\"><input size=\"40\" maxlength=\"400\" class=\"wpcf7-form-control wpcf7-text wpcf7-validates-as-required\" aria-required=\"true\" aria-invalid=\"false\" value=\"\" type=\"text\" name=\"your-name\" \/><\/span>\n<\/p>\n<p><label> Ihre E-Mail (pflichtfeld) <\/label><span class=\"wpcf7-form-control-wrap\" data-name=\"your-email\"><input size=\"40\" maxlength=\"400\" class=\"wpcf7-form-control wpcf7-email wpcf7-validates-as-required wpcf7-text wpcf7-validates-as-email\" aria-required=\"true\" aria-invalid=\"false\" value=\"\" type=\"email\" name=\"your-email\" \/><\/span>\n<\/p>\n<p><label> Betreff <\/label><span class=\"wpcf7-form-control-wrap\" data-name=\"your-subject\"><input size=\"40\" maxlength=\"400\" class=\"wpcf7-form-control wpcf7-text\" aria-invalid=\"false\" value=\"\" type=\"text\" name=\"your-subject\" \/><\/span>\n<\/p>\n<p><label> Ihre Nachricht <\/label><span class=\"wpcf7-form-control-wrap\" data-name=\"your-message\"><textarea cols=\"5\" rows=\"3\" maxlength=\"2000\" class=\"wpcf7-form-control wpcf7-textarea\" aria-invalid=\"false\" name=\"your-message\"><\/textarea><\/span>\n<\/p>\n<p><input class=\"wpcf7-form-control wpcf7-submit has-spinner\" type=\"submit\" value=\"Absenden\" \/>\n<\/p><div class=\"wpcf7-response-output\" aria-hidden=\"true\"><\/div>\n<\/form>\n<\/div>\n\t\t\t\t\t\t\t\t<\/div>\n\t\t\t\t<\/div>\n\t\t\t\t\t<\/div>\n\t\t<\/div>\n\t\t\t\t\t<\/div>\n\t\t<\/section>\n\t\t\t\t<\/div>\n\t\t","protected":false},"excerpt":{"rendered":"<p>Qafshtama National Park Aktivit\u00e4ten: Qafe Shtame Nationalpark ist Teil des Netzwerks der gesch\u00fctzten Wildtierparks der Dinariden. Der Park, benannt nach dem Qaf\u00eb Shtam\u00eb-Pass, erstreckt sich \u00fcber eine Fl\u00e4che von 2000 Hektar und ist reich an Urw\u00e4ldern, zahlreichen Wasserquellen und einer gro\u00dfen Vielfalt an Pflanzen und Tieren. Qafe Shtame liegt 25 km nord\u00f6stlich von Kruja und<\/p>\n<div class=\"klb-readmore\"><a href=\"https:\/\/mycar4you.com\/de\/qafshtama-park\/\" class=\"btn\">READ MORE<\/a><\/div>\n","protected":false},"author":1,"featured_media":0,"parent":0,"menu_order":0,"comment_status":"closed","ping_status":"closed","template":"","meta":{"footnotes":""},"class_list":["post-3791","page","type-page","status-publish","hentry","blog_entry clearfix"],"yoast_head":"<!-- This site is optimized with the Yoast SEO plugin v27.3 - https:\/\/yoast.com\/product\/yoast-seo-wordpress\/ -->\n<title>Qafshtama Park - Mycar4you.<\/title>\n<meta name=\"robots\" content=\"index, follow, max-snippet:-1, max-image-preview:large, max-video-preview:-1\" \/>\n<link rel=\"canonical\" href=\"https:\/\/mycar4you.com\/de\/qafshtama-park\/\" \/>\n<meta property=\"og:locale\" content=\"de_DE\" \/>\n<meta property=\"og:type\" content=\"article\" \/>\n<meta property=\"og:title\" content=\"Qafshtama Park - Mycar4you.\" \/>\n<meta property=\"og:description\" content=\"Qafshtama National Park Aktivit\u00e4ten: Qafe Shtame Nationalpark ist Teil des Netzwerks der gesch\u00fctzten Wildtierparks der Dinariden. Der Park, benannt nach dem Qaf\u00eb Shtam\u00eb-Pass, erstreckt sich \u00fcber eine Fl\u00e4che von 2000 Hektar und ist reich an Urw\u00e4ldern, zahlreichen Wasserquellen und einer gro\u00dfen Vielfalt an Pflanzen und Tieren. Qafe Shtame liegt 25 km nord\u00f6stlich von Kruja undREAD MORE\" \/>\n<meta property=\"og:url\" content=\"https:\/\/mycar4you.com\/de\/qafshtama-park\/\" \/>\n<meta property=\"og:site_name\" content=\"Mycar4you.\" \/>\n<meta property=\"article:publisher\" content=\"https:\/\/www.facebook.com\/mycar4you.al\" \/>\n<meta property=\"article:modified_time\" content=\"2025-01-27T22:10:48+00:00\" \/>\n<meta property=\"og:image\" content=\"https:\/\/mycar4you.com\/wp-content\/uploads\/2023\/01\/Qafshtama-2_n-1.jpg\" \/>\n<meta name=\"twitter:card\" content=\"summary_large_image\" \/>\n<meta name=\"twitter:label1\" content=\"Gesch\u00e4tzte Lesezeit\" \/>\n\t<meta name=\"twitter:data1\" content=\"2\u00a0Minuten\" \/>\n<script type=\"application\/ld+json\" class=\"yoast-schema-graph\">{\"@context\":\"https:\\\/\\\/schema.org\",\"@graph\":[{\"@type\":\"WebPage\",\"@id\":\"https:\\\/\\\/mycar4you.com\\\/de\\\/qafshtama-park\\\/\",\"url\":\"https:\\\/\\\/mycar4you.com\\\/de\\\/qafshtama-park\\\/\",\"name\":\"Qafshtama Park - Mycar4you.\",\"isPartOf\":{\"@id\":\"https:\\\/\\\/mycar4you.com\\\/#website\"},\"primaryImageOfPage\":{\"@id\":\"https:\\\/\\\/mycar4you.com\\\/de\\\/qafshtama-park\\\/#primaryimage\"},\"image\":{\"@id\":\"https:\\\/\\\/mycar4you.com\\\/de\\\/qafshtama-park\\\/#primaryimage\"},\"thumbnailUrl\":\"https:\\\/\\\/mycar4you.com\\\/wp-content\\\/uploads\\\/2023\\\/01\\\/Qafshtama-2_n-1.jpg\",\"datePublished\":\"2022-11-25T10:12:24+00:00\",\"dateModified\":\"2025-01-27T22:10:48+00:00\",\"breadcrumb\":{\"@id\":\"https:\\\/\\\/mycar4you.com\\\/de\\\/qafshtama-park\\\/#breadcrumb\"},\"inLanguage\":\"de\",\"potentialAction\":[{\"@type\":\"ReadAction\",\"target\":[\"https:\\\/\\\/mycar4you.com\\\/de\\\/qafshtama-park\\\/\"]}]},{\"@type\":\"ImageObject\",\"inLanguage\":\"de\",\"@id\":\"https:\\\/\\\/mycar4you.com\\\/de\\\/qafshtama-park\\\/#primaryimage\",\"url\":\"https:\\\/\\\/mycar4you.com\\\/wp-content\\\/uploads\\\/2023\\\/01\\\/Qafshtama-2_n-1.jpg\",\"contentUrl\":\"https:\\\/\\\/mycar4you.com\\\/wp-content\\\/uploads\\\/2023\\\/01\\\/Qafshtama-2_n-1.jpg\"},{\"@type\":\"BreadcrumbList\",\"@id\":\"https:\\\/\\\/mycar4you.com\\\/de\\\/qafshtama-park\\\/#breadcrumb\",\"itemListElement\":[{\"@type\":\"ListItem\",\"position\":1,\"name\":\"Home\",\"item\":\"https:\\\/\\\/mycar4you.com\\\/de\\\/\"},{\"@type\":\"ListItem\",\"position\":2,\"name\":\"Qafshtama Park\"}]},{\"@type\":\"WebSite\",\"@id\":\"https:\\\/\\\/mycar4you.com\\\/#website\",\"url\":\"https:\\\/\\\/mycar4you.com\\\/\",\"name\":\"Mycar4you.\",\"description\":\"It&#039;s all about You..\",\"publisher\":{\"@id\":\"https:\\\/\\\/mycar4you.com\\\/#organization\"},\"potentialAction\":[{\"@type\":\"SearchAction\",\"target\":{\"@type\":\"EntryPoint\",\"urlTemplate\":\"https:\\\/\\\/mycar4you.com\\\/?s={search_term_string}\"},\"query-input\":{\"@type\":\"PropertyValueSpecification\",\"valueRequired\":true,\"valueName\":\"search_term_string\"}}],\"inLanguage\":\"de\"},{\"@type\":\"Organization\",\"@id\":\"https:\\\/\\\/mycar4you.com\\\/#organization\",\"name\":\"Mycar4you.\",\"url\":\"https:\\\/\\\/mycar4you.com\\\/\",\"logo\":{\"@type\":\"ImageObject\",\"inLanguage\":\"de\",\"@id\":\"https:\\\/\\\/mycar4you.com\\\/#\\\/schema\\\/logo\\\/image\\\/\",\"url\":\"https:\\\/\\\/mycar4you.com\\\/wp-content\\\/uploads\\\/2023\\\/12\\\/Logo-Mark-Registration-scaled.jpg\",\"contentUrl\":\"https:\\\/\\\/mycar4you.com\\\/wp-content\\\/uploads\\\/2023\\\/12\\\/Logo-Mark-Registration-scaled.jpg\",\"width\":2560,\"height\":2560,\"caption\":\"Mycar4you.\"},\"image\":{\"@id\":\"https:\\\/\\\/mycar4you.com\\\/#\\\/schema\\\/logo\\\/image\\\/\"},\"sameAs\":[\"https:\\\/\\\/www.facebook.com\\\/mycar4you.al\",\"https:\\\/\\\/www.instagram.com\\\/mycar4you_com\\\/\",\"https:\\\/\\\/www.linkedin.com\\\/company\\\/mycar4you\\\/\",\"https:\\\/\\\/www.youtube.com\\\/@MYCAR4YOU.\"]}]}<\/script>\n<!-- \/ Yoast SEO plugin. -->","yoast_head_json":{"title":"Qafshtama Park - Mycar4you.","robots":{"index":"index","follow":"follow","max-snippet":"max-snippet:-1","max-image-preview":"max-image-preview:large","max-video-preview":"max-video-preview:-1"},"canonical":"https:\/\/mycar4you.com\/de\/qafshtama-park\/","og_locale":"de_DE","og_type":"article","og_title":"Qafshtama Park - Mycar4you.","og_description":"Qafshtama National Park Aktivit\u00e4ten: Qafe Shtame Nationalpark ist Teil des Netzwerks der gesch\u00fctzten Wildtierparks der Dinariden. Der Park, benannt nach dem Qaf\u00eb Shtam\u00eb-Pass, erstreckt sich \u00fcber eine Fl\u00e4che von 2000 Hektar und ist reich an Urw\u00e4ldern, zahlreichen Wasserquellen und einer gro\u00dfen Vielfalt an Pflanzen und Tieren. Qafe Shtame liegt 25 km nord\u00f6stlich von Kruja undREAD MORE","og_url":"https:\/\/mycar4you.com\/de\/qafshtama-park\/","og_site_name":"Mycar4you.","article_publisher":"https:\/\/www.facebook.com\/mycar4you.al","article_modified_time":"2025-01-27T22:10:48+00:00","og_image":[{"url":"https:\/\/mycar4you.com\/wp-content\/uploads\/2023\/01\/Qafshtama-2_n-1.jpg","type":"","width":"","height":""}],"twitter_card":"summary_large_image","twitter_misc":{"Gesch\u00e4tzte Lesezeit":"2\u00a0Minuten"},"schema":{"@context":"https:\/\/schema.org","@graph":[{"@type":"WebPage","@id":"https:\/\/mycar4you.com\/de\/qafshtama-park\/","url":"https:\/\/mycar4you.com\/de\/qafshtama-park\/","name":"Qafshtama Park - Mycar4you.","isPartOf":{"@id":"https:\/\/mycar4you.com\/#website"},"primaryImageOfPage":{"@id":"https:\/\/mycar4you.com\/de\/qafshtama-park\/#primaryimage"},"image":{"@id":"https:\/\/mycar4you.com\/de\/qafshtama-park\/#primaryimage"},"thumbnailUrl":"https:\/\/mycar4you.com\/wp-content\/uploads\/2023\/01\/Qafshtama-2_n-1.jpg","datePublished":"2022-11-25T10:12:24+00:00","dateModified":"2025-01-27T22:10:48+00:00","breadcrumb":{"@id":"https:\/\/mycar4you.com\/de\/qafshtama-park\/#breadcrumb"},"inLanguage":"de","potentialAction":[{"@type":"ReadAction","target":["https:\/\/mycar4you.com\/de\/qafshtama-park\/"]}]},{"@type":"ImageObject","inLanguage":"de","@id":"https:\/\/mycar4you.com\/de\/qafshtama-park\/#primaryimage","url":"https:\/\/mycar4you.com\/wp-content\/uploads\/2023\/01\/Qafshtama-2_n-1.jpg","contentUrl":"https:\/\/mycar4you.com\/wp-content\/uploads\/2023\/01\/Qafshtama-2_n-1.jpg"},{"@type":"BreadcrumbList","@id":"https:\/\/mycar4you.com\/de\/qafshtama-park\/#breadcrumb","itemListElement":[{"@type":"ListItem","position":1,"name":"Home","item":"https:\/\/mycar4you.com\/de\/"},{"@type":"ListItem","position":2,"name":"Qafshtama Park"}]},{"@type":"WebSite","@id":"https:\/\/mycar4you.com\/#website","url":"https:\/\/mycar4you.com\/","name":"Mycar4you.","description":"It&#039;s all about You..","publisher":{"@id":"https:\/\/mycar4you.com\/#organization"},"potentialAction":[{"@type":"SearchAction","target":{"@type":"EntryPoint","urlTemplate":"https:\/\/mycar4you.com\/?s={search_term_string}"},"query-input":{"@type":"PropertyValueSpecification","valueRequired":true,"valueName":"search_term_string"}}],"inLanguage":"de"},{"@type":"Organization","@id":"https:\/\/mycar4you.com\/#organization","name":"Mycar4you.","url":"https:\/\/mycar4you.com\/","logo":{"@type":"ImageObject","inLanguage":"de","@id":"https:\/\/mycar4you.com\/#\/schema\/logo\/image\/","url":"https:\/\/mycar4you.com\/wp-content\/uploads\/2023\/12\/Logo-Mark-Registration-scaled.jpg","contentUrl":"https:\/\/mycar4you.com\/wp-content\/uploads\/2023\/12\/Logo-Mark-Registration-scaled.jpg","width":2560,"height":2560,"caption":"Mycar4you."},"image":{"@id":"https:\/\/mycar4you.com\/#\/schema\/logo\/image\/"},"sameAs":["https:\/\/www.facebook.com\/mycar4you.al","https:\/\/www.instagram.com\/mycar4you_com\/","https:\/\/www.linkedin.com\/company\/mycar4you\/","https:\/\/www.youtube.com\/@MYCAR4YOU."]}]}},"_links":{"self":[{"href":"https:\/\/mycar4you.com\/de\/wp-json\/wp\/v2\/pages\/3791","targetHints":{"allow":["GET"]}}],"collection":[{"href":"https:\/\/mycar4you.com\/de\/wp-json\/wp\/v2\/pages"}],"about":[{"href":"https:\/\/mycar4you.com\/de\/wp-json\/wp\/v2\/types\/page"}],"author":[{"embeddable":true,"href":"https:\/\/mycar4you.com\/de\/wp-json\/wp\/v2\/users\/1"}],"replies":[{"embeddable":true,"href":"https:\/\/mycar4you.com\/de\/wp-json\/wp\/v2\/comments?post=3791"}],"version-history":[{"count":3,"href":"https:\/\/mycar4you.com\/de\/wp-json\/wp\/v2\/pages\/3791\/revisions"}],"predecessor-version":[{"id":3794,"href":"https:\/\/mycar4you.com\/de\/wp-json\/wp\/v2\/pages\/3791\/revisions\/3794"}],"wp:attachment":[{"href":"https:\/\/mycar4you.com\/de\/wp-json\/wp\/v2\/media?parent=3791"}],"curies":[{"name":"wp","href":"https:\/\/api.w.org\/{rel}","templated":true}]}}