{"id":3757,"date":"2022-11-25T11:02:13","date_gmt":"2022-11-25T10:02:13","guid":{"rendered":"https:\/\/mycar4you.com\/cape-of-rodon\/"},"modified":"2025-01-27T22:30:06","modified_gmt":"2025-01-27T21:30:06","slug":"cape-of-rodon","status":"publish","type":"page","link":"https:\/\/mycar4you.com\/de\/cape-of-rodon\/","title":{"rendered":"Cape of Rodon"},"content":{"rendered":"\t\t<div data-elementor-type=\"wp-page\" data-elementor-id=\"3757\" class=\"elementor elementor-3757 elementor-1944\">\n\t\t\t\t\t\t<section class=\"elementor-section elementor-top-section elementor-element elementor-element-e1c20eb elementor-section-boxed elementor-section-height-default elementor-section-height-default\" data-id=\"e1c20eb\" data-element_type=\"section\" data-e-type=\"section\">\n\t\t\t\t\t\t<div class=\"elementor-container elementor-column-gap-default\">\n\t\t\t\t\t<div class=\"elementor-column elementor-col-100 elementor-top-column elementor-element elementor-element-c7a39e5\" data-id=\"c7a39e5\" data-element_type=\"column\" data-e-type=\"column\">\n\t\t\t<div class=\"elementor-widget-wrap elementor-element-populated\">\n\t\t\t\t\t\t<div class=\"elementor-element elementor-element-7d02a07 elementor-widget elementor-widget-heading\" data-id=\"7d02a07\" data-element_type=\"widget\" data-e-type=\"widget\" data-widget_type=\"heading.default\">\n\t\t\t\t<div class=\"elementor-widget-container\">\n\t\t\t\t\t<h2 class=\"elementor-heading-title elementor-size-default\">Cape Of Rodon<\/h2>\t\t\t\t<\/div>\n\t\t\t\t<\/div>\n\t\t\t\t<div class=\"elementor-element elementor-element-d39f6e1 elementor-widget elementor-widget-image-gallery\" data-id=\"d39f6e1\" data-element_type=\"widget\" data-e-type=\"widget\" data-widget_type=\"image-gallery.default\">\n\t\t\t\t<div class=\"elementor-widget-container\">\n\t\t\t\t\t\t\t<div class=\"elementor-image-gallery\">\n\t\t\t\n\t\t<style type=\"text\/css\">\n\t\t\t#gallery-1 {\n\t\t\t\tmargin: auto;\n\t\t\t}\n\t\t\t#gallery-1 .gallery-item {\n\t\t\t\tfloat: left;\n\t\t\t\tmargin-top: 10px;\n\t\t\t\ttext-align: center;\n\t\t\t\twidth: 33%;\n\t\t\t}\n\t\t\t#gallery-1 img {\n\t\t\t\tborder: 2px solid #cfcfcf;\n\t\t\t}\n\t\t\t#gallery-1 .gallery-caption {\n\t\t\t\tmargin-left: 0;\n\t\t\t}\n\t\t\t\/* see gallery_shortcode() in wp-includes\/media.php *\/\n\t\t<\/style>\n\t\t<div id='gallery-1' class='gallery galleryid-3757 gallery-columns-3 gallery-size-full'><dl class='gallery-item'>\n\t\t\t<dt class='gallery-icon landscape'>\n\t\t\t\t<a data-elementor-open-lightbox=\"yes\" data-elementor-lightbox-slideshow=\"d39f6e1\" data-elementor-lightbox-title=\"Kepi_Rodonit_-1068x801-1\" data-e-action-hash=\"#elementor-action%3Aaction%3Dlightbox%26settings%3DeyJpZCI6MzYzOSwidXJsIjoiaHR0cHM6XC9cL215Y2FyNHlvdS5jb21cL3dwLWNvbnRlbnRcL3VwbG9hZHNcLzIwMjNcLzAxXC9LZXBpX1JvZG9uaXRfLTEwNjh4ODAxLTEuanBnIiwic2xpZGVzaG93IjoiZDM5ZjZlMSJ9\" href='https:\/\/mycar4you.com\/wp-content\/uploads\/2023\/01\/Kepi_Rodonit_-1068x801-1.jpg'><img fetchpriority=\"high\" decoding=\"async\" width=\"1068\" height=\"801\" src=\"https:\/\/mycar4you.com\/wp-content\/uploads\/2023\/01\/Kepi_Rodonit_-1068x801-1.jpg\" class=\"attachment-full size-full\" alt=\"\" srcset=\"https:\/\/mycar4you.com\/wp-content\/uploads\/2023\/01\/Kepi_Rodonit_-1068x801-1.jpg 1068w, https:\/\/mycar4you.com\/wp-content\/uploads\/2023\/01\/Kepi_Rodonit_-1068x801-1-300x225.jpg 300w, https:\/\/mycar4you.com\/wp-content\/uploads\/2023\/01\/Kepi_Rodonit_-1068x801-1-1024x768.jpg 1024w, https:\/\/mycar4you.com\/wp-content\/uploads\/2023\/01\/Kepi_Rodonit_-1068x801-1-768x576.jpg 768w, https:\/\/mycar4you.com\/wp-content\/uploads\/2023\/01\/Kepi_Rodonit_-1068x801-1-600x450.jpg 600w\" sizes=\"(max-width: 1068px) 100vw, 1068px\" \/><\/a>\n\t\t\t<\/dt><\/dl><dl class='gallery-item'>\n\t\t\t<dt class='gallery-icon landscape'>\n\t\t\t\t<a data-elementor-open-lightbox=\"yes\" data-elementor-lightbox-slideshow=\"d39f6e1\" data-elementor-lightbox-title=\"Kepi_Rodonit_tour-castle\" data-e-action-hash=\"#elementor-action%3Aaction%3Dlightbox%26settings%3DeyJpZCI6MzY0MywidXJsIjoiaHR0cHM6XC9cL215Y2FyNHlvdS5jb21cL3dwLWNvbnRlbnRcL3VwbG9hZHNcLzIwMjNcLzAxXC9LZXBpX1JvZG9uaXRfdG91ci1jYXN0bGUuanBnIiwic2xpZGVzaG93IjoiZDM5ZjZlMSJ9\" href='https:\/\/mycar4you.com\/wp-content\/uploads\/2023\/01\/Kepi_Rodonit_tour-castle.jpg'><img decoding=\"async\" width=\"1068\" height=\"801\" src=\"https:\/\/mycar4you.com\/wp-content\/uploads\/2023\/01\/Kepi_Rodonit_tour-castle.jpg\" class=\"attachment-full size-full\" alt=\"\" srcset=\"https:\/\/mycar4you.com\/wp-content\/uploads\/2023\/01\/Kepi_Rodonit_tour-castle.jpg 1068w, https:\/\/mycar4you.com\/wp-content\/uploads\/2023\/01\/Kepi_Rodonit_tour-castle-300x225.jpg 300w, https:\/\/mycar4you.com\/wp-content\/uploads\/2023\/01\/Kepi_Rodonit_tour-castle-1024x768.jpg 1024w, https:\/\/mycar4you.com\/wp-content\/uploads\/2023\/01\/Kepi_Rodonit_tour-castle-768x576.jpg 768w, https:\/\/mycar4you.com\/wp-content\/uploads\/2023\/01\/Kepi_Rodonit_tour-castle-600x450.jpg 600w\" sizes=\"(max-width: 1068px) 100vw, 1068px\" \/><\/a>\n\t\t\t<\/dt><\/dl><dl class='gallery-item'>\n\t\t\t<dt class='gallery-icon landscape'>\n\t\t\t\t<a data-elementor-open-lightbox=\"yes\" data-elementor-lightbox-slideshow=\"d39f6e1\" data-elementor-lightbox-title=\"Kepi_Rodonit_tour\" data-e-action-hash=\"#elementor-action%3Aaction%3Dlightbox%26settings%3DeyJpZCI6MzY0MCwidXJsIjoiaHR0cHM6XC9cL215Y2FyNHlvdS5jb21cL3dwLWNvbnRlbnRcL3VwbG9hZHNcLzIwMjNcLzAxXC9LZXBpX1JvZG9uaXRfdG91ci0xLmpwZyIsInNsaWRlc2hvdyI6ImQzOWY2ZTEifQ%3D%3D\" href='https:\/\/mycar4you.com\/wp-content\/uploads\/2023\/01\/Kepi_Rodonit_tour-1.jpg'><img decoding=\"async\" width=\"1068\" height=\"801\" src=\"https:\/\/mycar4you.com\/wp-content\/uploads\/2023\/01\/Kepi_Rodonit_tour-1.jpg\" class=\"attachment-full size-full\" alt=\"\" srcset=\"https:\/\/mycar4you.com\/wp-content\/uploads\/2023\/01\/Kepi_Rodonit_tour-1.jpg 1068w, https:\/\/mycar4you.com\/wp-content\/uploads\/2023\/01\/Kepi_Rodonit_tour-1-300x225.jpg 300w, https:\/\/mycar4you.com\/wp-content\/uploads\/2023\/01\/Kepi_Rodonit_tour-1-1024x768.jpg 1024w, https:\/\/mycar4you.com\/wp-content\/uploads\/2023\/01\/Kepi_Rodonit_tour-1-768x576.jpg 768w, https:\/\/mycar4you.com\/wp-content\/uploads\/2023\/01\/Kepi_Rodonit_tour-1-600x450.jpg 600w\" sizes=\"(max-width: 1068px) 100vw, 1068px\" \/><\/a>\n\t\t\t<\/dt><\/dl><br style=\"clear: both\" \/>\n\t\t<\/div>\n\t\t<\/div>\n\t\t\t\t\t\t<\/div>\n\t\t\t\t<\/div>\n\t\t\t\t\t<\/div>\n\t\t<\/div>\n\t\t\t\t\t<\/div>\n\t\t<\/section>\n\t\t\t\t<section class=\"elementor-section elementor-top-section elementor-element elementor-element-18c3aad elementor-section-boxed elementor-section-height-default elementor-section-height-default\" data-id=\"18c3aad\" data-element_type=\"section\" data-e-type=\"section\">\n\t\t\t\t\t\t<div class=\"elementor-container elementor-column-gap-default\">\n\t\t\t\t\t<div class=\"elementor-column elementor-col-100 elementor-top-column elementor-element elementor-element-549b694\" data-id=\"549b694\" data-element_type=\"column\" data-e-type=\"column\">\n\t\t\t<div class=\"elementor-widget-wrap elementor-element-populated\">\n\t\t\t\t\t\t<div class=\"elementor-element elementor-element-45b8f41 elementor-widget elementor-widget-heading\" data-id=\"45b8f41\" data-element_type=\"widget\" data-e-type=\"widget\" data-widget_type=\"heading.default\">\n\t\t\t\t<div class=\"elementor-widget-container\">\n\t\t\t\t\t<h2 class=\"elementor-heading-title elementor-size-default\">Aktivit\u00e4ten<\/h2>\t\t\t\t<\/div>\n\t\t\t\t<\/div>\n\t\t\t\t<div class=\"elementor-element elementor-element-c45a782 elementor-widget elementor-widget-text-editor\" data-id=\"c45a782\" data-element_type=\"widget\" data-e-type=\"widget\" data-widget_type=\"text-editor.default\">\n\t\t\t\t<div class=\"elementor-widget-container\">\n\t\t\t\t\t\t\t\t\tF\u00fcr einen angenehmen Tagesausflug aus dem Trubel von Tirana ist Kap Rodon an der Adriak\u00fcste Albaniens der perfekte R\u00fcckzugsort! Neben der atemberaubenden nat\u00fcrlichen Sch\u00f6nheit der K\u00fcste bietet die Region das historische Schloss von Skanderbeg, das 1463 erbaut wurde. Ein weiteres Highlight in der N\u00e4he des Schlosses ist das albanische Kulturdenkmal der Kirche des Heiligen Antonius, ein hervorragendes Beispiel byzantinischer Architektur aus der illyrischen Wiege des Christentums auf dem Balkan. Am Nachmittag k\u00f6nnen Sie ein Meeresfr\u00fcchte-Mittagessen und traditionelle Gerichte in den nahegelegenen Restaurants genie\u00dfen.\t\t\t\t\t\t\t\t<\/div>\n\t\t\t\t<\/div>\n\t\t\t\t<div class=\"elementor-element elementor-element-de57b89 elementor-widget elementor-widget-heading\" data-id=\"de57b89\" data-element_type=\"widget\" data-e-type=\"widget\" data-widget_type=\"heading.default\">\n\t\t\t\t<div class=\"elementor-widget-container\">\n\t\t\t\t\t<h2 class=\"elementor-heading-title elementor-size-default\">Allgemeine Tourinformationen:\n\n\n\n\n\n\n\n<\/h2>\t\t\t\t<\/div>\n\t\t\t\t<\/div>\n\t\t\t\t<div class=\"elementor-element elementor-element-4008bf6 elementor-widget elementor-widget-heading\" data-id=\"4008bf6\" data-element_type=\"widget\" data-e-type=\"widget\" data-widget_type=\"heading.default\">\n\t\t\t\t<div class=\"elementor-widget-container\">\n\t\t\t\t\t<h5 class=\"elementor-heading-title elementor-size-default\">Dauer: 5-6 Stunden<br>\nSchwierigkeitsgrad (1-5): 2<br>\nErforderliche Erfahrung: Keine vorherige Wandererfahrung erforderlich.<br>\nVerf\u00fcgbarkeit der Tour: Ganzj\u00e4hrig<br>\nGruppengr\u00f6\u00dfe: 2-3 Personen<\/h5>\t\t\t\t<\/div>\n\t\t\t\t<\/div>\n\t\t\t\t<div class=\"elementor-element elementor-element-b0e2c1f elementor-widget elementor-widget-heading\" data-id=\"b0e2c1f\" data-element_type=\"widget\" data-e-type=\"widget\" data-widget_type=\"heading.default\">\n\t\t\t\t<div class=\"elementor-widget-container\">\n\t\t\t\t\t<h2 class=\"elementor-heading-title elementor-size-default\">Preis: 50\u20ac\/Person<br>F\u00fcr eine Gruppe von mindestens 3 Personen.<\/h2>\t\t\t\t<\/div>\n\t\t\t\t<\/div>\n\t\t\t\t<div class=\"elementor-element elementor-element-9bd99bd elementor-widget elementor-widget-heading\" data-id=\"9bd99bd\" data-element_type=\"widget\" data-e-type=\"widget\" data-widget_type=\"heading.default\">\n\t\t\t\t<div class=\"elementor-widget-container\">\n\t\t\t\t\t<h2 class=\"elementor-heading-title elementor-size-default\">Im Preis enthalten:<\/h2>\t\t\t\t<\/div>\n\t\t\t\t<\/div>\n\t\t\t\t<div class=\"elementor-element elementor-element-0f6b302 elementor-widget elementor-widget-heading\" data-id=\"0f6b302\" data-element_type=\"widget\" data-e-type=\"widget\" data-widget_type=\"heading.default\">\n\t\t\t\t<div class=\"elementor-widget-container\">\n\t\t\t\t\t<h5 class=\"elementor-heading-title elementor-size-default\">Transport in einem modernen SUV mit Klimaanlage<br>\nProfessioneller Fahrer w\u00e4hrend der Tour<br>\nTransportkosten<br>\nWasserflasche (1,5L)\n\n\n\n\n\n\n<\/h5>\t\t\t\t<\/div>\n\t\t\t\t<\/div>\n\t\t\t\t\t<\/div>\n\t\t<\/div>\n\t\t\t\t\t<\/div>\n\t\t<\/section>\n\t\t\t\t<section class=\"elementor-section elementor-top-section elementor-element elementor-element-f93ed76 elementor-section-full_width elementor-section-height-default elementor-section-height-default\" data-id=\"f93ed76\" data-element_type=\"section\" data-e-type=\"section\">\n\t\t\t\t\t\t<div class=\"elementor-container elementor-column-gap-default\">\n\t\t\t\t\t<div class=\"elementor-column elementor-col-100 elementor-top-column elementor-element elementor-element-163a735\" data-id=\"163a735\" data-element_type=\"column\" data-e-type=\"column\">\n\t\t\t<div class=\"elementor-widget-wrap elementor-element-populated\">\n\t\t\t\t\t\t<div class=\"elementor-element elementor-element-886844f elementor-widget elementor-widget-heading\" data-id=\"886844f\" data-element_type=\"widget\" data-e-type=\"widget\" data-widget_type=\"heading.default\">\n\t\t\t\t<div class=\"elementor-widget-container\">\n\t\t\t\t\t<h2 class=\"elementor-heading-title elementor-size-default\">Jetzt reservieren<\/h2>\t\t\t\t<\/div>\n\t\t\t\t<\/div>\n\t\t\t\t<div class=\"elementor-element elementor-element-1b82eb8 elementor-widget elementor-widget-text-editor\" data-id=\"1b82eb8\" data-element_type=\"widget\" data-e-type=\"widget\" data-widget_type=\"text-editor.default\">\n\t\t\t\t<div class=\"elementor-widget-container\">\n\t\t\t\t\t\t\t\t\t\n<div class=\"wpcf7 no-js\" id=\"wpcf7-f3752-o1\" lang=\"en-US\" dir=\"ltr\" data-wpcf7-id=\"3752\">\n<div class=\"screen-reader-response\"><p role=\"status\" aria-live=\"polite\" aria-atomic=\"true\"><\/p> <ul><\/ul><\/div>\n<form action=\"\/de\/wp-json\/wp\/v2\/pages\/3757#wpcf7-f3752-o1\" method=\"post\" class=\"wpcf7-form init\" aria-label=\"Contact form\" novalidate=\"novalidate\" data-status=\"init\">\n<fieldset class=\"hidden-fields-container\"><input type=\"hidden\" name=\"_wpcf7\" value=\"3752\" \/><input type=\"hidden\" name=\"_wpcf7_version\" value=\"6.1.5\" \/><input type=\"hidden\" name=\"_wpcf7_locale\" value=\"en_US\" \/><input type=\"hidden\" name=\"_wpcf7_unit_tag\" value=\"wpcf7-f3752-o1\" \/><input type=\"hidden\" name=\"_wpcf7_container_post\" value=\"0\" \/><input type=\"hidden\" name=\"_wpcf7_posted_data_hash\" value=\"\" \/><input type=\"hidden\" name=\"_wpcf7cf_hidden_group_fields\" value=\"[]\" \/><input type=\"hidden\" name=\"_wpcf7cf_hidden_groups\" value=\"[]\" \/><input type=\"hidden\" name=\"_wpcf7cf_visible_groups\" value=\"[]\" \/><input type=\"hidden\" name=\"_wpcf7cf_repeaters\" value=\"[]\" \/><input type=\"hidden\" name=\"_wpcf7cf_steps\" value=\"{}\" \/><input type=\"hidden\" name=\"_wpcf7cf_options\" value=\"{&quot;form_id&quot;:3752,&quot;conditions&quot;:[],&quot;settings&quot;:{&quot;animation&quot;:&quot;yes&quot;,&quot;animation_intime&quot;:200,&quot;animation_outtime&quot;:200,&quot;conditions_ui&quot;:&quot;normal&quot;,&quot;notice_dismissed&quot;:false,&quot;notice_dismissed_rollback-cf7-5.8.6&quot;:true}}\" \/><input type=\"hidden\" name=\"_wpcf7_recaptcha_response\" value=\"\" \/>\n<\/fieldset>\n<p><label> Ihr Name (pflichtfeld)<\/label><span class=\"wpcf7-form-control-wrap\" data-name=\"your-name\"><input size=\"40\" maxlength=\"400\" class=\"wpcf7-form-control wpcf7-text wpcf7-validates-as-required\" aria-required=\"true\" aria-invalid=\"false\" value=\"\" type=\"text\" name=\"your-name\" \/><\/span>\n<\/p>\n<p><label> Ihre E-Mail (pflichtfeld) <\/label><span class=\"wpcf7-form-control-wrap\" data-name=\"your-email\"><input size=\"40\" maxlength=\"400\" class=\"wpcf7-form-control wpcf7-email wpcf7-validates-as-required wpcf7-text wpcf7-validates-as-email\" aria-required=\"true\" aria-invalid=\"false\" value=\"\" type=\"email\" name=\"your-email\" \/><\/span>\n<\/p>\n<p><label> Betreff <\/label><span class=\"wpcf7-form-control-wrap\" data-name=\"your-subject\"><input size=\"40\" maxlength=\"400\" class=\"wpcf7-form-control wpcf7-text\" aria-invalid=\"false\" value=\"\" type=\"text\" name=\"your-subject\" \/><\/span>\n<\/p>\n<p><label> Ihre Nachricht <\/label><span class=\"wpcf7-form-control-wrap\" data-name=\"your-message\"><textarea cols=\"5\" rows=\"3\" maxlength=\"2000\" class=\"wpcf7-form-control wpcf7-textarea\" aria-invalid=\"false\" name=\"your-message\"><\/textarea><\/span>\n<\/p>\n<p><input class=\"wpcf7-form-control wpcf7-submit has-spinner\" type=\"submit\" value=\"Absenden\" \/>\n<\/p><div class=\"wpcf7-response-output\" aria-hidden=\"true\"><\/div>\n<\/form>\n<\/div>\n\t\t\t\t\t\t\t\t<\/div>\n\t\t\t\t<\/div>\n\t\t\t\t\t<\/div>\n\t\t<\/div>\n\t\t\t\t\t<\/div>\n\t\t<\/section>\n\t\t\t\t<\/div>\n\t\t","protected":false},"excerpt":{"rendered":"<p>Cape Of Rodon Aktivit\u00e4ten F\u00fcr einen angenehmen Tagesausflug aus dem Trubel von Tirana ist Kap Rodon an der Adriak\u00fcste Albaniens der perfekte R\u00fcckzugsort! Neben der atemberaubenden nat\u00fcrlichen Sch\u00f6nheit der K\u00fcste bietet die Region das historische Schloss von Skanderbeg, das 1463 erbaut wurde. Ein weiteres Highlight in der N\u00e4he des Schlosses ist das albanische Kulturdenkmal der<\/p>\n<div class=\"klb-readmore\"><a href=\"https:\/\/mycar4you.com\/de\/cape-of-rodon\/\" class=\"btn\">READ MORE<\/a><\/div>\n","protected":false},"author":1,"featured_media":0,"parent":0,"menu_order":0,"comment_status":"closed","ping_status":"closed","template":"","meta":{"footnotes":""},"class_list":["post-3757","page","type-page","status-publish","hentry","blog_entry clearfix"],"yoast_head":"<!-- This site is optimized with the Yoast SEO plugin v27.3 - https:\/\/yoast.com\/product\/yoast-seo-wordpress\/ -->\n<title>Cape of Rodon - Mycar4you.<\/title>\n<meta name=\"robots\" content=\"index, follow, max-snippet:-1, max-image-preview:large, max-video-preview:-1\" \/>\n<link rel=\"canonical\" href=\"https:\/\/mycar4you.com\/de\/cape-of-rodon\/\" \/>\n<meta property=\"og:locale\" content=\"de_DE\" \/>\n<meta property=\"og:type\" content=\"article\" \/>\n<meta property=\"og:title\" content=\"Cape of Rodon - Mycar4you.\" \/>\n<meta property=\"og:description\" content=\"Cape Of Rodon Aktivit\u00e4ten F\u00fcr einen angenehmen Tagesausflug aus dem Trubel von Tirana ist Kap Rodon an der Adriak\u00fcste Albaniens der perfekte R\u00fcckzugsort! Neben der atemberaubenden nat\u00fcrlichen Sch\u00f6nheit der K\u00fcste bietet die Region das historische Schloss von Skanderbeg, das 1463 erbaut wurde. Ein weiteres Highlight in der N\u00e4he des Schlosses ist das albanische Kulturdenkmal derREAD MORE\" \/>\n<meta property=\"og:url\" content=\"https:\/\/mycar4you.com\/de\/cape-of-rodon\/\" \/>\n<meta property=\"og:site_name\" content=\"Mycar4you.\" \/>\n<meta property=\"article:publisher\" content=\"https:\/\/www.facebook.com\/mycar4you.al\" \/>\n<meta property=\"article:modified_time\" content=\"2025-01-27T21:30:06+00:00\" \/>\n<meta property=\"og:image\" content=\"https:\/\/mycar4you.com\/wp-content\/uploads\/2023\/01\/Kepi_Rodonit_-1068x801-1.jpg\" \/>\n<meta name=\"twitter:card\" content=\"summary_large_image\" \/>\n<meta name=\"twitter:label1\" content=\"Gesch\u00e4tzte Lesezeit\" \/>\n\t<meta name=\"twitter:data1\" content=\"2\u00a0Minuten\" \/>\n<script type=\"application\/ld+json\" class=\"yoast-schema-graph\">{\"@context\":\"https:\\\/\\\/schema.org\",\"@graph\":[{\"@type\":\"WebPage\",\"@id\":\"https:\\\/\\\/mycar4you.com\\\/de\\\/cape-of-rodon\\\/\",\"url\":\"https:\\\/\\\/mycar4you.com\\\/de\\\/cape-of-rodon\\\/\",\"name\":\"Cape of Rodon - Mycar4you.\",\"isPartOf\":{\"@id\":\"https:\\\/\\\/mycar4you.com\\\/#website\"},\"primaryImageOfPage\":{\"@id\":\"https:\\\/\\\/mycar4you.com\\\/de\\\/cape-of-rodon\\\/#primaryimage\"},\"image\":{\"@id\":\"https:\\\/\\\/mycar4you.com\\\/de\\\/cape-of-rodon\\\/#primaryimage\"},\"thumbnailUrl\":\"https:\\\/\\\/mycar4you.com\\\/wp-content\\\/uploads\\\/2023\\\/01\\\/Kepi_Rodonit_-1068x801-1.jpg\",\"datePublished\":\"2022-11-25T10:02:13+00:00\",\"dateModified\":\"2025-01-27T21:30:06+00:00\",\"breadcrumb\":{\"@id\":\"https:\\\/\\\/mycar4you.com\\\/de\\\/cape-of-rodon\\\/#breadcrumb\"},\"inLanguage\":\"de\",\"potentialAction\":[{\"@type\":\"ReadAction\",\"target\":[\"https:\\\/\\\/mycar4you.com\\\/de\\\/cape-of-rodon\\\/\"]}]},{\"@type\":\"ImageObject\",\"inLanguage\":\"de\",\"@id\":\"https:\\\/\\\/mycar4you.com\\\/de\\\/cape-of-rodon\\\/#primaryimage\",\"url\":\"https:\\\/\\\/mycar4you.com\\\/wp-content\\\/uploads\\\/2023\\\/01\\\/Kepi_Rodonit_-1068x801-1.jpg\",\"contentUrl\":\"https:\\\/\\\/mycar4you.com\\\/wp-content\\\/uploads\\\/2023\\\/01\\\/Kepi_Rodonit_-1068x801-1.jpg\"},{\"@type\":\"BreadcrumbList\",\"@id\":\"https:\\\/\\\/mycar4you.com\\\/de\\\/cape-of-rodon\\\/#breadcrumb\",\"itemListElement\":[{\"@type\":\"ListItem\",\"position\":1,\"name\":\"Home\",\"item\":\"https:\\\/\\\/mycar4you.com\\\/de\\\/\"},{\"@type\":\"ListItem\",\"position\":2,\"name\":\"Cape of Rodon\"}]},{\"@type\":\"WebSite\",\"@id\":\"https:\\\/\\\/mycar4you.com\\\/#website\",\"url\":\"https:\\\/\\\/mycar4you.com\\\/\",\"name\":\"Mycar4you.\",\"description\":\"It&#039;s all about You..\",\"publisher\":{\"@id\":\"https:\\\/\\\/mycar4you.com\\\/#organization\"},\"potentialAction\":[{\"@type\":\"SearchAction\",\"target\":{\"@type\":\"EntryPoint\",\"urlTemplate\":\"https:\\\/\\\/mycar4you.com\\\/?s={search_term_string}\"},\"query-input\":{\"@type\":\"PropertyValueSpecification\",\"valueRequired\":true,\"valueName\":\"search_term_string\"}}],\"inLanguage\":\"de\"},{\"@type\":\"Organization\",\"@id\":\"https:\\\/\\\/mycar4you.com\\\/#organization\",\"name\":\"Mycar4you.\",\"url\":\"https:\\\/\\\/mycar4you.com\\\/\",\"logo\":{\"@type\":\"ImageObject\",\"inLanguage\":\"de\",\"@id\":\"https:\\\/\\\/mycar4you.com\\\/#\\\/schema\\\/logo\\\/image\\\/\",\"url\":\"https:\\\/\\\/mycar4you.com\\\/wp-content\\\/uploads\\\/2023\\\/12\\\/Logo-Mark-Registration-scaled.jpg\",\"contentUrl\":\"https:\\\/\\\/mycar4you.com\\\/wp-content\\\/uploads\\\/2023\\\/12\\\/Logo-Mark-Registration-scaled.jpg\",\"width\":2560,\"height\":2560,\"caption\":\"Mycar4you.\"},\"image\":{\"@id\":\"https:\\\/\\\/mycar4you.com\\\/#\\\/schema\\\/logo\\\/image\\\/\"},\"sameAs\":[\"https:\\\/\\\/www.facebook.com\\\/mycar4you.al\",\"https:\\\/\\\/www.instagram.com\\\/mycar4you_com\\\/\",\"https:\\\/\\\/www.linkedin.com\\\/company\\\/mycar4you\\\/\",\"https:\\\/\\\/www.youtube.com\\\/@MYCAR4YOU.\"]}]}<\/script>\n<!-- \/ Yoast SEO plugin. -->","yoast_head_json":{"title":"Cape of Rodon - Mycar4you.","robots":{"index":"index","follow":"follow","max-snippet":"max-snippet:-1","max-image-preview":"max-image-preview:large","max-video-preview":"max-video-preview:-1"},"canonical":"https:\/\/mycar4you.com\/de\/cape-of-rodon\/","og_locale":"de_DE","og_type":"article","og_title":"Cape of Rodon - Mycar4you.","og_description":"Cape Of Rodon Aktivit\u00e4ten F\u00fcr einen angenehmen Tagesausflug aus dem Trubel von Tirana ist Kap Rodon an der Adriak\u00fcste Albaniens der perfekte R\u00fcckzugsort! Neben der atemberaubenden nat\u00fcrlichen Sch\u00f6nheit der K\u00fcste bietet die Region das historische Schloss von Skanderbeg, das 1463 erbaut wurde. Ein weiteres Highlight in der N\u00e4he des Schlosses ist das albanische Kulturdenkmal derREAD MORE","og_url":"https:\/\/mycar4you.com\/de\/cape-of-rodon\/","og_site_name":"Mycar4you.","article_publisher":"https:\/\/www.facebook.com\/mycar4you.al","article_modified_time":"2025-01-27T21:30:06+00:00","og_image":[{"url":"https:\/\/mycar4you.com\/wp-content\/uploads\/2023\/01\/Kepi_Rodonit_-1068x801-1.jpg","type":"","width":"","height":""}],"twitter_card":"summary_large_image","twitter_misc":{"Gesch\u00e4tzte Lesezeit":"2\u00a0Minuten"},"schema":{"@context":"https:\/\/schema.org","@graph":[{"@type":"WebPage","@id":"https:\/\/mycar4you.com\/de\/cape-of-rodon\/","url":"https:\/\/mycar4you.com\/de\/cape-of-rodon\/","name":"Cape of Rodon - Mycar4you.","isPartOf":{"@id":"https:\/\/mycar4you.com\/#website"},"primaryImageOfPage":{"@id":"https:\/\/mycar4you.com\/de\/cape-of-rodon\/#primaryimage"},"image":{"@id":"https:\/\/mycar4you.com\/de\/cape-of-rodon\/#primaryimage"},"thumbnailUrl":"https:\/\/mycar4you.com\/wp-content\/uploads\/2023\/01\/Kepi_Rodonit_-1068x801-1.jpg","datePublished":"2022-11-25T10:02:13+00:00","dateModified":"2025-01-27T21:30:06+00:00","breadcrumb":{"@id":"https:\/\/mycar4you.com\/de\/cape-of-rodon\/#breadcrumb"},"inLanguage":"de","potentialAction":[{"@type":"ReadAction","target":["https:\/\/mycar4you.com\/de\/cape-of-rodon\/"]}]},{"@type":"ImageObject","inLanguage":"de","@id":"https:\/\/mycar4you.com\/de\/cape-of-rodon\/#primaryimage","url":"https:\/\/mycar4you.com\/wp-content\/uploads\/2023\/01\/Kepi_Rodonit_-1068x801-1.jpg","contentUrl":"https:\/\/mycar4you.com\/wp-content\/uploads\/2023\/01\/Kepi_Rodonit_-1068x801-1.jpg"},{"@type":"BreadcrumbList","@id":"https:\/\/mycar4you.com\/de\/cape-of-rodon\/#breadcrumb","itemListElement":[{"@type":"ListItem","position":1,"name":"Home","item":"https:\/\/mycar4you.com\/de\/"},{"@type":"ListItem","position":2,"name":"Cape of Rodon"}]},{"@type":"WebSite","@id":"https:\/\/mycar4you.com\/#website","url":"https:\/\/mycar4you.com\/","name":"Mycar4you.","description":"It&#039;s all about You..","publisher":{"@id":"https:\/\/mycar4you.com\/#organization"},"potentialAction":[{"@type":"SearchAction","target":{"@type":"EntryPoint","urlTemplate":"https:\/\/mycar4you.com\/?s={search_term_string}"},"query-input":{"@type":"PropertyValueSpecification","valueRequired":true,"valueName":"search_term_string"}}],"inLanguage":"de"},{"@type":"Organization","@id":"https:\/\/mycar4you.com\/#organization","name":"Mycar4you.","url":"https:\/\/mycar4you.com\/","logo":{"@type":"ImageObject","inLanguage":"de","@id":"https:\/\/mycar4you.com\/#\/schema\/logo\/image\/","url":"https:\/\/mycar4you.com\/wp-content\/uploads\/2023\/12\/Logo-Mark-Registration-scaled.jpg","contentUrl":"https:\/\/mycar4you.com\/wp-content\/uploads\/2023\/12\/Logo-Mark-Registration-scaled.jpg","width":2560,"height":2560,"caption":"Mycar4you."},"image":{"@id":"https:\/\/mycar4you.com\/#\/schema\/logo\/image\/"},"sameAs":["https:\/\/www.facebook.com\/mycar4you.al","https:\/\/www.instagram.com\/mycar4you_com\/","https:\/\/www.linkedin.com\/company\/mycar4you\/","https:\/\/www.youtube.com\/@MYCAR4YOU."]}]}},"_links":{"self":[{"href":"https:\/\/mycar4you.com\/de\/wp-json\/wp\/v2\/pages\/3757","targetHints":{"allow":["GET"]}}],"collection":[{"href":"https:\/\/mycar4you.com\/de\/wp-json\/wp\/v2\/pages"}],"about":[{"href":"https:\/\/mycar4you.com\/de\/wp-json\/wp\/v2\/types\/page"}],"author":[{"embeddable":true,"href":"https:\/\/mycar4you.com\/de\/wp-json\/wp\/v2\/users\/1"}],"replies":[{"embeddable":true,"href":"https:\/\/mycar4you.com\/de\/wp-json\/wp\/v2\/comments?post=3757"}],"version-history":[{"count":3,"href":"https:\/\/mycar4you.com\/de\/wp-json\/wp\/v2\/pages\/3757\/revisions"}],"predecessor-version":[{"id":3760,"href":"https:\/\/mycar4you.com\/de\/wp-json\/wp\/v2\/pages\/3757\/revisions\/3760"}],"wp:attachment":[{"href":"https:\/\/mycar4you.com\/de\/wp-json\/wp\/v2\/media?parent=3757"}],"curies":[{"name":"wp","href":"https:\/\/api.w.org\/{rel}","templated":true}]}}