{"id":3741,"date":"2019-05-23T22:39:14","date_gmt":"2019-05-23T20:39:14","guid":{"rendered":"https:\/\/mycar4you.com\/about-us\/"},"modified":"2025-01-27T21:42:32","modified_gmt":"2025-01-27T20:42:32","slug":"ueber-uns","status":"publish","type":"page","link":"https:\/\/mycar4you.com\/de\/ueber-uns\/","title":{"rendered":"\u00dcber uns"},"content":{"rendered":"<section class=\"wpb-content-wrapper\"><p>[vc_row full_width=&#8220;stretch_row_content&#8220; css_animation=&#8220;fadeInDown&#8220; css=&#8220;.vc_custom_1698072922009{background-image: url(https:\/\/mycar4you.com\/wp-content\/uploads\/2023\/10\/20230101_160837-scaled.jpg?id=2801) !important;background-position: center !important;background-repeat: no-repeat !important;background-size: cover !important;}&#8220; el_class=&#8220;about-us-header&#8220;][vc_column][vc_empty_space][vc_empty_space][\/vc_column][\/vc_row][vc_row][vc_column][vc_column_text el_class=&#8220;custom-text-block&#8220;]Unsere Reise bei MYCAR4YOU verk\u00f6rpert die kollektiven Bem\u00fchungen unter der Leitung von Tomi Shollo, bei denen wir unsere Automobilexpertise und Leidenschaft f\u00fcr den Tourismus nutzen, um ein lokales Mietwagenunternehmen zu etablieren. Von unseren bescheidenen Anf\u00e4ngen mit pers\u00f6nlichen Fahrzeugangeboten f\u00fcr Touristen haben wir uns organisch zu einem vielseitigen Unternehmen entwickelt.<\/p>\n<p>Wir bieten ein umfassendes Dienstleistungsspektrum, das Mietwagen, Leasingprogramme, Autohandel und Mobilit\u00e4tsl\u00f6sungen umfasst. Dabei heben wir uns durch unser Engagement f\u00fcr reibungslose Transaktionen und herausragenden Kundenservice hervor. Verankert in den Prinzipien der pers\u00f6nlichen Betreuung, Innovation und Wertsch\u00f6pfung, stellen wir unseren Kunden ein ma\u00dfgeschneidertes Erlebnis sicher, das durch sichere und effiziente Dienstleistungen, mehrsprachigen Kundenservice und ma\u00dfgeschneiderte L\u00f6sungen f\u00fcr die unterschiedlichen Anforderungen der Besucher Albaniens gekennzeichnet ist.<\/p>\n<p>Mit unserem unersch\u00fctterlichen Engagement f\u00fcr Kundenzufriedenheit steht MYCAR4YOU als Leuchtturm der Exzellenz und verspricht unvergleichliche Servicequalit\u00e4t und ein einzigartiges albanisches Erlebnis.[\/vc_column_text][vc_empty_space][\/vc_column][\/vc_row][vc_row][vc_column]<div class=\"latest-blog\"> \n\t\t\t\t<div class=\"blog-home-inner\">\n\t\t\t\t\t<div class=\"blog-title\"><h2>Latest Blog Post<\/h2><\/div>\n\t\t\t\t\t<div class=\"row\">\n\t\t\t\t\t<div class=\"col-lg-4 col-md-4 col-xs-12 col-sm-4 blog-post\"><div class=\"blog_inner\"><div class=\"blog-img test\"> <a href=\"https:\/\/mycar4you.com\/de\/10-things-to-know-before-renting-a-car\/\"> <img decoding=\"async\" src=\"https:\/\/mycar4you.com\/wp-content\/uploads\/2022\/11\/Blog-Head-Wallpaper-3.jpeg\" alt=\"10 Dinge, die Sie vor der Anmietung eines Autos beachten sollten\"> <\/a> <\/div><div class=\"blog-info\"><div class=\"post-date\"> <span class=\"entry-date\">2022 18 Nov.<\/span> <\/div><ul class=\"post-meta\"><li><i class=\"fa fa-user\"><\/i>Posted by <a>mycar4you<\/a> <\/li><li><i class=\"fa fa-comments\"><\/i><a href=\"#\">0 comments<\/a> <\/li><\/ul><h3><a href=\"https:\/\/mycar4you.com\/de\/10-things-to-know-before-renting-a-car\/\">10 Dinge, die Sie vor der Anmietung eines Autos beachten sollten<\/a><\/h3><p>Ein Auto zu mieten ist immer eine gute Idee, wenn Sie in den Urlaub fahren.<\/p><\/div><\/div><\/div><div class=\"col-lg-4 col-md-4 col-xs-12 col-sm-4 blog-post\"><div class=\"blog_inner\"><div class=\"blog-img test\"> <a href=\"https:\/\/mycar4you.com\/de\/driving-in-albania-everything-you-need-to-know\/\"> <img decoding=\"async\" src=\"https:\/\/mycar4you.com\/wp-content\/uploads\/2022\/11\/hero-bg.jpg\" alt=\"Fahren in Albanien: Alles, was Sie wissen m\u00fcssen\"> <\/a> <\/div><div class=\"blog-info\"><div class=\"post-date\"> <span class=\"entry-date\">2022 18 Nov.<\/span> <\/div><ul class=\"post-meta\"><li><i class=\"fa fa-user\"><\/i>Posted by <a>mycar4you<\/a> <\/li><li><i class=\"fa fa-comments\"><\/i><a href=\"#\">0 comments<\/a> <\/li><\/ul><h3><a href=\"https:\/\/mycar4you.com\/de\/driving-in-albania-everything-you-need-to-know\/\">Fahren in Albanien: Alles, was Sie wissen m\u00fcssen<\/a><\/h3><p>Sie haben eine Reise nach Albanien geplant und entschieden, dass eine Rundreise der beste Weg<\/p><\/div><\/div><\/div><div class=\"col-lg-4 col-md-4 col-xs-12 col-sm-4 blog-post\"><div class=\"blog_inner\"><div class=\"blog-img test\"> <a href=\"https:\/\/mycar4you.com\/de\/15-reasons-why-you-should-rent-a-car-when-traveling-in-albania\/\"> <img decoding=\"async\" src=\"https:\/\/mycar4you.com\/wp-content\/uploads\/2022\/11\/wallpaperflare.com_wallpaper-2.jpg\" alt=\"15 Gr\u00fcnde, warum Sie in Albanien ein Auto mieten sollten\"> <\/a> <\/div><div class=\"blog-info\"><div class=\"post-date\"> <span class=\"entry-date\">2022 18 Nov.<\/span> <\/div><ul class=\"post-meta\"><li><i class=\"fa fa-user\"><\/i>Posted by <a>mycar4you<\/a> <\/li><li><i class=\"fa fa-comments\"><\/i><a href=\"#\">0 comments<\/a> <\/li><\/ul><h3><a href=\"https:\/\/mycar4you.com\/de\/15-reasons-why-you-should-rent-a-car-when-traveling-in-albania\/\">15 Gr\u00fcnde, warum Sie in Albanien ein Auto mieten sollten<\/a><\/h3><p>Albanien ist ein verzaubertes Land, ein Land voller nat\u00fcrlicher Wunder. Man sagt, Reisen geht nicht<\/p><\/div><\/div><\/div>\n\t\t\t\t\t<\/div>\n\t\t\t\t<\/div>\n\t\t\t<\/div>[\/vc_column][\/vc_row]<\/p>\n<\/section>","protected":false},"excerpt":{"rendered":"<p>[vc_row full_width=&#8220;stretch_row_content&#8220; css_animation=&#8220;fadeInDown&#8220; css=&#8220;.vc_custom_1698072922009{background-image: url(https:\/\/mycar4you.com\/wp-content\/uploads\/2023\/10\/20230101_160837-scaled.jpg?id=2801) !important;background-position: center !important;background-repeat: no-repeat !important;background-size: cover !important;}&#8220; el_class=&#8220;about-us-header&#8220;][vc_column][vc_empty_space][vc_empty_space][\/vc_column][\/vc_row][vc_row][vc_column][vc_column_text el_class=&#8220;custom-text-block&#8220;]Unsere Reise bei MYCAR4YOU verk\u00f6rpert die kollektiven Bem\u00fchungen unter der Leitung von Tomi Shollo, bei denen wir unsere Automobilexpertise und Leidenschaft f\u00fcr den Tourismus nutzen, um ein lokales Mietwagenunternehmen zu etablieren. Von unseren bescheidenen Anf\u00e4ngen mit pers\u00f6nlichen Fahrzeugangeboten f\u00fcr Touristen haben wir<\/p>\n<div class=\"klb-readmore\"><a href=\"https:\/\/mycar4you.com\/de\/15-reasons-why-you-should-rent-a-car-when-traveling-in-albania\/\" class=\"btn\">READ MORE<\/a><\/div>\n","protected":false},"author":1,"featured_media":3684,"parent":0,"menu_order":0,"comment_status":"closed","ping_status":"closed","template":"","meta":{"footnotes":""},"class_list":["post-3741","page","type-page","status-publish","has-post-thumbnail","hentry","blog_entry clearfix"],"yoast_head":"<!-- This site is optimized with the Yoast SEO plugin v27.4 - https:\/\/yoast.com\/product\/yoast-seo-wordpress\/ -->\n<title>Local Car Hires - Mycar4you. \u00dcber uns<\/title>\n<meta name=\"description\" content=\"Local Car Hires: Explore Albania at Your Pace with us. Modern fleet, unbeatable prices, exceptional customer service. Book online now! \u27a1\ufe0f\" \/>\n<meta name=\"robots\" content=\"index, follow, max-snippet:-1, max-image-preview:large, max-video-preview:-1\" \/>\n<link rel=\"canonical\" href=\"https:\/\/mycar4you.com\/de\/ueber-uns\/\" \/>\n<meta property=\"og:locale\" content=\"de_DE\" \/>\n<meta property=\"og:type\" content=\"article\" \/>\n<meta property=\"og:title\" content=\"Local Car Hires - Mycar4you. \u00dcber uns\" \/>\n<meta property=\"og:description\" content=\"Local Car Hires: Explore Albania at Your Pace with us. Modern fleet, unbeatable prices, exceptional customer service. Book online now! \u27a1\ufe0f\" \/>\n<meta property=\"og:url\" content=\"https:\/\/mycar4you.com\/de\/ueber-uns\/\" \/>\n<meta property=\"og:site_name\" content=\"Mycar4you.\" \/>\n<meta property=\"article:publisher\" content=\"https:\/\/www.facebook.com\/mycar4you.al\" \/>\n<meta property=\"article:modified_time\" content=\"2025-01-27T20:42:32+00:00\" \/>\n<meta property=\"og:image\" content=\"https:\/\/mycar4you.com\/wp-content\/uploads\/2023\/10\/20230101_160837-scaled.jpg\" \/>\n\t<meta property=\"og:image:width\" content=\"2560\" \/>\n\t<meta property=\"og:image:height\" content=\"1920\" \/>\n\t<meta property=\"og:image:type\" content=\"image\/jpeg\" \/>\n<meta name=\"twitter:card\" content=\"summary_large_image\" \/>\n<meta name=\"twitter:label1\" content=\"Gesch\u00e4tzte Lesezeit\" \/>\n\t<meta name=\"twitter:data1\" content=\"1\u00a0Minute\" \/>\n<script type=\"application\/ld+json\" class=\"yoast-schema-graph\">{\"@context\":\"https:\\\/\\\/schema.org\",\"@graph\":[{\"@type\":\"WebPage\",\"@id\":\"https:\\\/\\\/mycar4you.com\\\/de\\\/ueber-uns\\\/\",\"url\":\"https:\\\/\\\/mycar4you.com\\\/de\\\/ueber-uns\\\/\",\"name\":\"Local Car Hires - Mycar4you. \u00dcber uns\",\"isPartOf\":{\"@id\":\"https:\\\/\\\/mycar4you.com\\\/#website\"},\"primaryImageOfPage\":{\"@id\":\"https:\\\/\\\/mycar4you.com\\\/de\\\/ueber-uns\\\/#primaryimage\"},\"image\":{\"@id\":\"https:\\\/\\\/mycar4you.com\\\/de\\\/ueber-uns\\\/#primaryimage\"},\"thumbnailUrl\":\"https:\\\/\\\/mycar4you.com\\\/wp-content\\\/uploads\\\/2023\\\/10\\\/20230101_160837-scaled.jpg\",\"datePublished\":\"2019-05-23T20:39:14+00:00\",\"dateModified\":\"2025-01-27T20:42:32+00:00\",\"description\":\"Local Car Hires: Explore Albania at Your Pace with us. Modern fleet, unbeatable prices, exceptional customer service. Book online now! \u27a1\ufe0f\",\"breadcrumb\":{\"@id\":\"https:\\\/\\\/mycar4you.com\\\/de\\\/ueber-uns\\\/#breadcrumb\"},\"inLanguage\":\"de\",\"potentialAction\":[{\"@type\":\"ReadAction\",\"target\":[\"https:\\\/\\\/mycar4you.com\\\/de\\\/ueber-uns\\\/\"]}]},{\"@type\":\"ImageObject\",\"inLanguage\":\"de\",\"@id\":\"https:\\\/\\\/mycar4you.com\\\/de\\\/ueber-uns\\\/#primaryimage\",\"url\":\"https:\\\/\\\/mycar4you.com\\\/wp-content\\\/uploads\\\/2023\\\/10\\\/20230101_160837-scaled.jpg\",\"contentUrl\":\"https:\\\/\\\/mycar4you.com\\\/wp-content\\\/uploads\\\/2023\\\/10\\\/20230101_160837-scaled.jpg\",\"width\":2560,\"height\":1920},{\"@type\":\"BreadcrumbList\",\"@id\":\"https:\\\/\\\/mycar4you.com\\\/de\\\/ueber-uns\\\/#breadcrumb\",\"itemListElement\":[{\"@type\":\"ListItem\",\"position\":1,\"name\":\"Home\",\"item\":\"https:\\\/\\\/mycar4you.com\\\/de\\\/\"},{\"@type\":\"ListItem\",\"position\":2,\"name\":\"\u00dcber uns\"}]},{\"@type\":\"WebSite\",\"@id\":\"https:\\\/\\\/mycar4you.com\\\/#website\",\"url\":\"https:\\\/\\\/mycar4you.com\\\/\",\"name\":\"Mycar4you.\",\"description\":\"It&#039;s all about You..\",\"publisher\":{\"@id\":\"https:\\\/\\\/mycar4you.com\\\/#organization\"},\"potentialAction\":[{\"@type\":\"SearchAction\",\"target\":{\"@type\":\"EntryPoint\",\"urlTemplate\":\"https:\\\/\\\/mycar4you.com\\\/?s={search_term_string}\"},\"query-input\":{\"@type\":\"PropertyValueSpecification\",\"valueRequired\":true,\"valueName\":\"search_term_string\"}}],\"inLanguage\":\"de\"},{\"@type\":\"Organization\",\"@id\":\"https:\\\/\\\/mycar4you.com\\\/#organization\",\"name\":\"Mycar4you.\",\"url\":\"https:\\\/\\\/mycar4you.com\\\/\",\"logo\":{\"@type\":\"ImageObject\",\"inLanguage\":\"de\",\"@id\":\"https:\\\/\\\/mycar4you.com\\\/#\\\/schema\\\/logo\\\/image\\\/\",\"url\":\"https:\\\/\\\/mycar4you.com\\\/wp-content\\\/uploads\\\/2023\\\/12\\\/Logo-Mark-Registration-scaled.jpg\",\"contentUrl\":\"https:\\\/\\\/mycar4you.com\\\/wp-content\\\/uploads\\\/2023\\\/12\\\/Logo-Mark-Registration-scaled.jpg\",\"width\":2560,\"height\":2560,\"caption\":\"Mycar4you.\"},\"image\":{\"@id\":\"https:\\\/\\\/mycar4you.com\\\/#\\\/schema\\\/logo\\\/image\\\/\"},\"sameAs\":[\"https:\\\/\\\/www.facebook.com\\\/mycar4you.al\",\"https:\\\/\\\/www.instagram.com\\\/mycar4you_com\\\/\",\"https:\\\/\\\/www.linkedin.com\\\/company\\\/mycar4you\\\/\",\"https:\\\/\\\/www.youtube.com\\\/@MYCAR4YOU.\"]}]}<\/script>\n<!-- \/ Yoast SEO plugin. -->","yoast_head_json":{"title":"Local Car Hires - Mycar4you. \u00dcber uns","description":"Local Car Hires: Explore Albania at Your Pace with us. Modern fleet, unbeatable prices, exceptional customer service. Book online now! \u27a1\ufe0f","robots":{"index":"index","follow":"follow","max-snippet":"max-snippet:-1","max-image-preview":"max-image-preview:large","max-video-preview":"max-video-preview:-1"},"canonical":"https:\/\/mycar4you.com\/de\/ueber-uns\/","og_locale":"de_DE","og_type":"article","og_title":"Local Car Hires - Mycar4you. \u00dcber uns","og_description":"Local Car Hires: Explore Albania at Your Pace with us. Modern fleet, unbeatable prices, exceptional customer service. Book online now! \u27a1\ufe0f","og_url":"https:\/\/mycar4you.com\/de\/ueber-uns\/","og_site_name":"Mycar4you.","article_publisher":"https:\/\/www.facebook.com\/mycar4you.al","article_modified_time":"2025-01-27T20:42:32+00:00","og_image":[{"width":2560,"height":1920,"url":"https:\/\/mycar4you.com\/wp-content\/uploads\/2023\/10\/20230101_160837-scaled.jpg","type":"image\/jpeg"}],"twitter_card":"summary_large_image","twitter_misc":{"Gesch\u00e4tzte Lesezeit":"1\u00a0Minute"},"schema":{"@context":"https:\/\/schema.org","@graph":[{"@type":"WebPage","@id":"https:\/\/mycar4you.com\/de\/ueber-uns\/","url":"https:\/\/mycar4you.com\/de\/ueber-uns\/","name":"Local Car Hires - Mycar4you. \u00dcber uns","isPartOf":{"@id":"https:\/\/mycar4you.com\/#website"},"primaryImageOfPage":{"@id":"https:\/\/mycar4you.com\/de\/ueber-uns\/#primaryimage"},"image":{"@id":"https:\/\/mycar4you.com\/de\/ueber-uns\/#primaryimage"},"thumbnailUrl":"https:\/\/mycar4you.com\/wp-content\/uploads\/2023\/10\/20230101_160837-scaled.jpg","datePublished":"2019-05-23T20:39:14+00:00","dateModified":"2025-01-27T20:42:32+00:00","description":"Local Car Hires: Explore Albania at Your Pace with us. Modern fleet, unbeatable prices, exceptional customer service. Book online now! \u27a1\ufe0f","breadcrumb":{"@id":"https:\/\/mycar4you.com\/de\/ueber-uns\/#breadcrumb"},"inLanguage":"de","potentialAction":[{"@type":"ReadAction","target":["https:\/\/mycar4you.com\/de\/ueber-uns\/"]}]},{"@type":"ImageObject","inLanguage":"de","@id":"https:\/\/mycar4you.com\/de\/ueber-uns\/#primaryimage","url":"https:\/\/mycar4you.com\/wp-content\/uploads\/2023\/10\/20230101_160837-scaled.jpg","contentUrl":"https:\/\/mycar4you.com\/wp-content\/uploads\/2023\/10\/20230101_160837-scaled.jpg","width":2560,"height":1920},{"@type":"BreadcrumbList","@id":"https:\/\/mycar4you.com\/de\/ueber-uns\/#breadcrumb","itemListElement":[{"@type":"ListItem","position":1,"name":"Home","item":"https:\/\/mycar4you.com\/de\/"},{"@type":"ListItem","position":2,"name":"\u00dcber uns"}]},{"@type":"WebSite","@id":"https:\/\/mycar4you.com\/#website","url":"https:\/\/mycar4you.com\/","name":"Mycar4you.","description":"It&#039;s all about You..","publisher":{"@id":"https:\/\/mycar4you.com\/#organization"},"potentialAction":[{"@type":"SearchAction","target":{"@type":"EntryPoint","urlTemplate":"https:\/\/mycar4you.com\/?s={search_term_string}"},"query-input":{"@type":"PropertyValueSpecification","valueRequired":true,"valueName":"search_term_string"}}],"inLanguage":"de"},{"@type":"Organization","@id":"https:\/\/mycar4you.com\/#organization","name":"Mycar4you.","url":"https:\/\/mycar4you.com\/","logo":{"@type":"ImageObject","inLanguage":"de","@id":"https:\/\/mycar4you.com\/#\/schema\/logo\/image\/","url":"https:\/\/mycar4you.com\/wp-content\/uploads\/2023\/12\/Logo-Mark-Registration-scaled.jpg","contentUrl":"https:\/\/mycar4you.com\/wp-content\/uploads\/2023\/12\/Logo-Mark-Registration-scaled.jpg","width":2560,"height":2560,"caption":"Mycar4you."},"image":{"@id":"https:\/\/mycar4you.com\/#\/schema\/logo\/image\/"},"sameAs":["https:\/\/www.facebook.com\/mycar4you.al","https:\/\/www.instagram.com\/mycar4you_com\/","https:\/\/www.linkedin.com\/company\/mycar4you\/","https:\/\/www.youtube.com\/@MYCAR4YOU."]}]}},"_links":{"self":[{"href":"https:\/\/mycar4you.com\/de\/wp-json\/wp\/v2\/pages\/3741","targetHints":{"allow":["GET"]}}],"collection":[{"href":"https:\/\/mycar4you.com\/de\/wp-json\/wp\/v2\/pages"}],"about":[{"href":"https:\/\/mycar4you.com\/de\/wp-json\/wp\/v2\/types\/page"}],"author":[{"embeddable":true,"href":"https:\/\/mycar4you.com\/de\/wp-json\/wp\/v2\/users\/1"}],"replies":[{"embeddable":true,"href":"https:\/\/mycar4you.com\/de\/wp-json\/wp\/v2\/comments?post=3741"}],"version-history":[{"count":1,"href":"https:\/\/mycar4you.com\/de\/wp-json\/wp\/v2\/pages\/3741\/revisions"}],"predecessor-version":[{"id":3742,"href":"https:\/\/mycar4you.com\/de\/wp-json\/wp\/v2\/pages\/3741\/revisions\/3742"}],"wp:featuredmedia":[{"embeddable":true,"href":"https:\/\/mycar4you.com\/de\/wp-json\/wp\/v2\/media\/3684"}],"wp:attachment":[{"href":"https:\/\/mycar4you.com\/de\/wp-json\/wp\/v2\/media?parent=3741"}],"curies":[{"name":"wp","href":"https:\/\/api.w.org\/{rel}","templated":true}]}}